{"id":121648,"date":"2025-05-18T21:43:27","date_gmt":"2025-05-18T21:43:27","guid":{"rendered":"https:\/\/staging2.stylingagenten.com\/fi\/produkt\/revlon-nutri-color-821-silver-beige-100ml\/"},"modified":"2026-04-10T15:58:30","modified_gmt":"2026-04-10T15:58:30","slug":"revlon-nutri-color-821-silver-beige-100ml","status":"publish","type":"product","link":"https:\/\/stylingagenten.com\/fi\/tuote\/revlon-nutri-color-821-silver-beige-100ml\/","title":{"rendered":"Revlon Nutri Color 821 Silver Beige 100ml"},"content":{"rendered":"<p>Intensiivinen v\u00e4ri, hoito ja kiilto. Selkeill\u00e4 v\u00e4reill\u00e4mme uskallat menn\u00e4 pitk\u00e4lle uudella INSTA-PIC-tekniikalla 3-in-1: Intensiivinen v\u00e4ri, hoito ja kiilto ainutlaatuisessa koostumuksessa, joka avaa monikromaattisten mahdollisuuksien maailman. On aika n\u00e4hd\u00e4 v\u00e4rit eri linssin l\u00e4pi. L\u00e4henn\u00e4 hoitoa ja loitonna v\u00e4rej\u00e4 ja kiiltoa. NUTRI COLOR \u2122 -SUODATTIMET Ravitsevat, intensiiviset v\u00e4rit!<\/p>\n<p>K\u00e4ytt\u00f6: Levit\u00e4 shampoolla pestyihin ja pyyhekuiviin hiuksiin. Anna vaikuttaa 3 minuuttia v\u00e4rin virkist\u00e4miseksi ja jopa 15 minuuttia syv\u00e4lle s\u00e4vytyst\u00e4 varten.<\/p>\n<p>100ml<\/p>\n","protected":false},"excerpt":{"rendered":"<p>Intensiivinen v\u00e4ri, hoito ja kiilto. Selkeill\u00e4 v\u00e4reill\u00e4mme uskallat menn\u00e4 pitk\u00e4lle uudella INSTA-PIC-tekniikalla 3-in-1: Intensiivinen v\u00e4ri, hoito ja kiilto ainutlaatuisessa koostumuksessa, joka avaa monikromaattisten mahdollisuuksien maailman. On aika n\u00e4hd\u00e4 v\u00e4rit eri linssin l\u00e4pi. L\u00e4henn\u00e4 hoitoa ja loitonna v\u00e4rej\u00e4 ja kiiltoa. NUTRI COLOR \u2122 -SUODATTIMET Ravitsevat, intensiiviset v\u00e4rit! K\u00e4ytt\u00f6: Levit\u00e4 shampoolla pestyihin ja pyyhekuiviin hiuksiin. Anna vaikuttaa [&hellip;]<\/p>\n","protected":false},"featured_media":121647,"comment_status":"open","ping_status":"closed","template":"","meta":{"_trash_the_other_posts":false},"product_brand":[],"product_cat":[602],"product_tag":[3925],"berocket_brand":[1040],"class_list":{"0":"post-121648","1":"product","2":"type-product","3":"status-publish","4":"has-post-thumbnail","6":"product_cat-varipommi","7":"product_tag-revlon-nutri-color-821-silver-beige","8":"pa_brand-revlon","9":"pa_variantti-100ml","10":"berocket_brand-revlon","12":"first","13":"outofstock","14":"sale","15":"taxable","16":"shipping-taxable","17":"purchasable","18":"product-type-simple"},"_links":{"self":[{"href":"https:\/\/stylingagenten.com\/fi\/wp-json\/wp\/v2\/product\/121648","targetHints":{"allow":["GET"]}}],"collection":[{"href":"https:\/\/stylingagenten.com\/fi\/wp-json\/wp\/v2\/product"}],"about":[{"href":"https:\/\/stylingagenten.com\/fi\/wp-json\/wp\/v2\/types\/product"}],"replies":[{"embeddable":true,"href":"https:\/\/stylingagenten.com\/fi\/wp-json\/wp\/v2\/comments?post=121648"}],"version-history":[{"count":0,"href":"https:\/\/stylingagenten.com\/fi\/wp-json\/wp\/v2\/product\/121648\/revisions"}],"wp:featuredmedia":[{"embeddable":true,"href":"https:\/\/stylingagenten.com\/fi\/wp-json\/wp\/v2\/media\/121647"}],"wp:attachment":[{"href":"https:\/\/stylingagenten.com\/fi\/wp-json\/wp\/v2\/media?parent=121648"}],"wp:term":[{"taxonomy":"product_brand","embeddable":true,"href":"https:\/\/stylingagenten.com\/fi\/wp-json\/wp\/v2\/product_brand?post=121648"},{"taxonomy":"product_cat","embeddable":true,"href":"https:\/\/stylingagenten.com\/fi\/wp-json\/wp\/v2\/product_cat?post=121648"},{"taxonomy":"product_tag","embeddable":true,"href":"https:\/\/stylingagenten.com\/fi\/wp-json\/wp\/v2\/product_tag?post=121648"},{"taxonomy":"berocket_brand","embeddable":true,"href":"https:\/\/stylingagenten.com\/fi\/wp-json\/wp\/v2\/berocket_brand?post=121648"}],"curies":[{"name":"wp","href":"https:\/\/api.w.org\/{rel}","templated":true}]}}