{"id":121635,"date":"2025-05-18T21:43:24","date_gmt":"2025-05-18T21:43:24","guid":{"rendered":"https:\/\/staging2.stylingagenten.com\/fi\/produkt\/dr-hauschka-tinted-day-cream-30ml\/"},"modified":"2026-03-15T15:27:33","modified_gmt":"2026-03-15T15:27:33","slug":"dr-hauschka-tinted-day-cream-30ml","status":"publish","type":"product","link":"https:\/\/stylingagenten.com\/fi\/tuote\/dr-hauschka-tinted-day-cream-30ml\/","title":{"rendered":"Dr. Hauschka Tinted Day Cream 30ml"},"content":{"rendered":"<p>Dr. Hauschka Tinted Day Cream tarjoaa t\u00e4ytel\u00e4isen kosteutuksen ja kevyen s\u00e4vytyksen, joka antaa iholle luonnollisen auringon hehkun. <br \/>Ihon luonnolliset \u00f6ljyt ja kosteustaso ovat tasapainossa, kun taas luonnolliset kosteuttavat toiminnot ovat tuettuja.<\/p>\n<p> Koostumus: Runsaat avokado- ja manteli\u00f6ljyt sek\u00e4 suojaava ruusuvaha, mehil\u00e4isvaha ja kvittenien siemenet tasapainottavat ihoa ja auttavat Auttaa est\u00e4\u00e4 kuivumista. Ruusu-, kvitteni- ja m\u00e4kikuismauute kiinteytt\u00e4\u00e4 ja tukee elastisuutta. Ruusuvedell\u00e4 ja antyllisuutteella on tasapainottava, harmonisoiva vaikutus.<\/p>\n","protected":false},"excerpt":{"rendered":"<p>Dr. Hauschka Tinted Day Cream tarjoaa t\u00e4ytel\u00e4isen kosteutuksen ja kevyen s\u00e4vytyksen, joka antaa iholle luonnollisen auringon hehkun. Ihon luonnolliset \u00f6ljyt ja kosteustaso ovat tasapainossa, kun taas luonnolliset kosteuttavat toiminnot ovat tuettuja. Koostumus: Runsaat avokado- ja manteli\u00f6ljyt sek\u00e4 suojaava ruusuvaha, mehil\u00e4isvaha ja kvittenien siemenet tasapainottavat ihoa ja auttavat Auttaa est\u00e4\u00e4 kuivumista. Ruusu-, kvitteni- ja m\u00e4kikuismauute kiinteytt\u00e4\u00e4 [&hellip;]<\/p>\n","protected":false},"featured_media":121634,"comment_status":"open","ping_status":"closed","template":"","meta":{"_trash_the_other_posts":false},"product_brand":[],"product_cat":[628],"product_tag":[],"berocket_brand":[1294],"class_list":{"0":"post-121635","1":"product","2":"type-product","3":"status-publish","4":"has-post-thumbnail","6":"product_cat-varillinen-paivavoide","7":"pa_brand-dr-hauschka","8":"berocket_brand-dr-hauschka","10":"first","11":"instock","12":"sale","13":"taxable","14":"shipping-taxable","15":"purchasable","16":"product-type-simple"},"_links":{"self":[{"href":"https:\/\/stylingagenten.com\/fi\/wp-json\/wp\/v2\/product\/121635","targetHints":{"allow":["GET"]}}],"collection":[{"href":"https:\/\/stylingagenten.com\/fi\/wp-json\/wp\/v2\/product"}],"about":[{"href":"https:\/\/stylingagenten.com\/fi\/wp-json\/wp\/v2\/types\/product"}],"replies":[{"embeddable":true,"href":"https:\/\/stylingagenten.com\/fi\/wp-json\/wp\/v2\/comments?post=121635"}],"version-history":[{"count":0,"href":"https:\/\/stylingagenten.com\/fi\/wp-json\/wp\/v2\/product\/121635\/revisions"}],"wp:featuredmedia":[{"embeddable":true,"href":"https:\/\/stylingagenten.com\/fi\/wp-json\/wp\/v2\/media\/121634"}],"wp:attachment":[{"href":"https:\/\/stylingagenten.com\/fi\/wp-json\/wp\/v2\/media?parent=121635"}],"wp:term":[{"taxonomy":"product_brand","embeddable":true,"href":"https:\/\/stylingagenten.com\/fi\/wp-json\/wp\/v2\/product_brand?post=121635"},{"taxonomy":"product_cat","embeddable":true,"href":"https:\/\/stylingagenten.com\/fi\/wp-json\/wp\/v2\/product_cat?post=121635"},{"taxonomy":"product_tag","embeddable":true,"href":"https:\/\/stylingagenten.com\/fi\/wp-json\/wp\/v2\/product_tag?post=121635"},{"taxonomy":"berocket_brand","embeddable":true,"href":"https:\/\/stylingagenten.com\/fi\/wp-json\/wp\/v2\/berocket_brand?post=121635"}],"curies":[{"name":"wp","href":"https:\/\/api.w.org\/{rel}","templated":true}]}}