{"id":121583,"date":"2025-05-18T21:43:13","date_gmt":"2025-05-18T21:43:13","guid":{"rendered":"https:\/\/staging2.stylingagenten.com\/fi\/produkt\/loreal-paris-true-match-foundation-sand-rose-5r5c-30ml\/"},"modified":"2025-11-19T11:10:24","modified_gmt":"2025-11-19T11:10:24","slug":"loreal-paris-true-match-foundation-sand-rose-5r5c-30ml","status":"publish","type":"product","link":"https:\/\/stylingagenten.com\/fi\/tuote\/loreal-paris-true-match-foundation-sand-rose-5r5c-30ml\/","title":{"rendered":"L&#8217;Oreal Paris True Match Foundation Sand Rose 5R5C 30ml"},"content":{"rendered":"<p>L&#8217;Or\u00e9al True Match Foundation tarjoaa luonnollisen ja peitt\u00e4v\u00e4n tuloksen, joka sulautuu ihoon. T\u00e4m\u00e4 meikkivoide sopii kaikille ihotyypeille, mutta erityisesti kuivaihoisille. Sis\u00e4lt\u00e4\u00e4 E-vitamiinia ja glyserolia, joka on eritt\u00e4in kosteuttava ja tekee ihosta miellytt\u00e4v\u00e4n pehme\u00e4n koko p\u00e4iv\u00e4n.<\/p>\n","protected":false},"excerpt":{"rendered":"<p>L&#8217;Or\u00e9al True Match Foundation tarjoaa luonnollisen ja peitt\u00e4v\u00e4n tuloksen, joka sulautuu ihoon. T\u00e4m\u00e4 meikkivoide sopii kaikille ihotyypeille, mutta erityisesti kuivaihoisille. Sis\u00e4lt\u00e4\u00e4 E-vitamiinia ja glyserolia, joka on eritt\u00e4in kosteuttava ja tekee ihosta miellytt\u00e4v\u00e4n pehme\u00e4n koko p\u00e4iv\u00e4n.<\/p>\n","protected":false},"featured_media":121582,"comment_status":"open","ping_status":"closed","template":"","meta":{"_trash_the_other_posts":false},"product_brand":[],"product_cat":[579],"product_tag":[],"berocket_brand":[2000],"class_list":{"0":"post-121583","1":"product","2":"type-product","3":"status-publish","4":"has-post-thumbnail","6":"product_cat-saatio","7":"pa_brand-loreal-paris-2","8":"berocket_brand-loreal-paris","10":"first","11":"instock","12":"sale","13":"taxable","14":"shipping-taxable","15":"purchasable","16":"product-type-simple"},"_links":{"self":[{"href":"https:\/\/stylingagenten.com\/fi\/wp-json\/wp\/v2\/product\/121583","targetHints":{"allow":["GET"]}}],"collection":[{"href":"https:\/\/stylingagenten.com\/fi\/wp-json\/wp\/v2\/product"}],"about":[{"href":"https:\/\/stylingagenten.com\/fi\/wp-json\/wp\/v2\/types\/product"}],"replies":[{"embeddable":true,"href":"https:\/\/stylingagenten.com\/fi\/wp-json\/wp\/v2\/comments?post=121583"}],"version-history":[{"count":0,"href":"https:\/\/stylingagenten.com\/fi\/wp-json\/wp\/v2\/product\/121583\/revisions"}],"wp:featuredmedia":[{"embeddable":true,"href":"https:\/\/stylingagenten.com\/fi\/wp-json\/wp\/v2\/media\/121582"}],"wp:attachment":[{"href":"https:\/\/stylingagenten.com\/fi\/wp-json\/wp\/v2\/media?parent=121583"}],"wp:term":[{"taxonomy":"product_brand","embeddable":true,"href":"https:\/\/stylingagenten.com\/fi\/wp-json\/wp\/v2\/product_brand?post=121583"},{"taxonomy":"product_cat","embeddable":true,"href":"https:\/\/stylingagenten.com\/fi\/wp-json\/wp\/v2\/product_cat?post=121583"},{"taxonomy":"product_tag","embeddable":true,"href":"https:\/\/stylingagenten.com\/fi\/wp-json\/wp\/v2\/product_tag?post=121583"},{"taxonomy":"berocket_brand","embeddable":true,"href":"https:\/\/stylingagenten.com\/fi\/wp-json\/wp\/v2\/berocket_brand?post=121583"}],"curies":[{"name":"wp","href":"https:\/\/api.w.org\/{rel}","templated":true}]}}