{"id":121521,"date":"2025-05-18T21:42:51","date_gmt":"2025-05-18T21:42:51","guid":{"rendered":"https:\/\/staging2.stylingagenten.com\/fi\/produkt\/wet-n-wild-photo-focus-foundation-nude-ivory-30ml\/"},"modified":"2025-11-19T11:12:22","modified_gmt":"2025-11-19T11:12:22","slug":"wet-n-wild-photo-focus-foundation-nude-ivory-30ml","status":"publish","type":"product","link":"https:\/\/stylingagenten.com\/fi\/tuote\/wet-n-wild-photo-focus-foundation-nude-ivory-30ml\/","title":{"rendered":"Wet n Wild Photo Focus Foundation Nude Ivory 30ml"},"content":{"rendered":"<p>Wet n Wild Photo Focus Foundation on testattu perusteellisesti valokuvatilanteissa 7 eri valaistusolosuhteissa virheett\u00f6m\u00e4n meikin varmistamiseksi. T\u00e4m\u00e4n ainutlaatuisen koostumuksen koostumus hy\u00f6dytt\u00e4\u00e4 valoa, v\u00e4hent\u00e4\u00e4 heijastuksia ja takaa mattapintaisen vaikutelman ja t\u00e4ydellisen ihonv\u00e4rin.<\/p>\n","protected":false},"excerpt":{"rendered":"<p>Wet n Wild Photo Focus Foundation on testattu perusteellisesti valokuvatilanteissa 7 eri valaistusolosuhteissa virheett\u00f6m\u00e4n meikin varmistamiseksi. T\u00e4m\u00e4n ainutlaatuisen koostumuksen koostumus hy\u00f6dytt\u00e4\u00e4 valoa, v\u00e4hent\u00e4\u00e4 heijastuksia ja takaa mattapintaisen vaikutelman ja t\u00e4ydellisen ihonv\u00e4rin.<\/p>\n","protected":false},"featured_media":121520,"comment_status":"open","ping_status":"closed","template":"","meta":{"_trash_the_other_posts":false},"product_brand":[],"product_cat":[579],"product_tag":[4110],"berocket_brand":[1035],"class_list":{"0":"post-121521","1":"product","2":"type-product","3":"status-publish","4":"has-post-thumbnail","6":"product_cat-saatio","7":"product_tag-wet-n-wild-photo-focus-foundation-30ml","8":"pa_brand-wet-n-wild","9":"pa_variantti-nude-ivory","10":"berocket_brand-wet-n-wild","12":"first","13":"instock","14":"sale","15":"taxable","16":"shipping-taxable","17":"purchasable","18":"product-type-simple"},"_links":{"self":[{"href":"https:\/\/stylingagenten.com\/fi\/wp-json\/wp\/v2\/product\/121521","targetHints":{"allow":["GET"]}}],"collection":[{"href":"https:\/\/stylingagenten.com\/fi\/wp-json\/wp\/v2\/product"}],"about":[{"href":"https:\/\/stylingagenten.com\/fi\/wp-json\/wp\/v2\/types\/product"}],"replies":[{"embeddable":true,"href":"https:\/\/stylingagenten.com\/fi\/wp-json\/wp\/v2\/comments?post=121521"}],"version-history":[{"count":0,"href":"https:\/\/stylingagenten.com\/fi\/wp-json\/wp\/v2\/product\/121521\/revisions"}],"wp:featuredmedia":[{"embeddable":true,"href":"https:\/\/stylingagenten.com\/fi\/wp-json\/wp\/v2\/media\/121520"}],"wp:attachment":[{"href":"https:\/\/stylingagenten.com\/fi\/wp-json\/wp\/v2\/media?parent=121521"}],"wp:term":[{"taxonomy":"product_brand","embeddable":true,"href":"https:\/\/stylingagenten.com\/fi\/wp-json\/wp\/v2\/product_brand?post=121521"},{"taxonomy":"product_cat","embeddable":true,"href":"https:\/\/stylingagenten.com\/fi\/wp-json\/wp\/v2\/product_cat?post=121521"},{"taxonomy":"product_tag","embeddable":true,"href":"https:\/\/stylingagenten.com\/fi\/wp-json\/wp\/v2\/product_tag?post=121521"},{"taxonomy":"berocket_brand","embeddable":true,"href":"https:\/\/stylingagenten.com\/fi\/wp-json\/wp\/v2\/berocket_brand?post=121521"}],"curies":[{"name":"wp","href":"https:\/\/api.w.org\/{rel}","templated":true}]}}