{"id":121509,"date":"2025-05-18T21:42:48","date_gmt":"2025-05-18T21:42:48","guid":{"rendered":"https:\/\/staging2.stylingagenten.com\/fi\/produkt\/bellapierre-loose-foundation-10-double-cocoa-9g\/"},"modified":"2025-11-19T11:14:51","modified_gmt":"2025-11-19T11:14:51","slug":"bellapierre-loose-foundation-10-double-cocoa-9g","status":"publish","type":"product","link":"https:\/\/stylingagenten.com\/fi\/tuote\/bellapierre-loose-foundation-10-double-cocoa-9g\/","title":{"rendered":"Bellapierre Loose Foundation &#8211; 10 Double Cocoa 9g"},"content":{"rendered":"<p>Bellapierre Loose Foundation on 5-in-1 Mineral Foundation, joka sis\u00e4lt\u00e4\u00e4 vain nelj\u00e4 ainesosaa; T\u00e4ysin luonnollinen. Mineraalit, jotka ovat lempeit\u00e4 ja hell\u00e4varaisia, suojaavat ja hoitavat ihoa &#8211; kiille, sinkkioksidit, rautaoksidit ja titaanidioksidi. Ei-komedogeeninen ja hypoallergeeninen.<\/p>\n<p>5-in-1 Foundation<br \/>&bull; Peitevoide<br \/>&bull; Meikkivoide<br \/>&bull;&nbsp;SPF<br \/>&bull;&nbsp;viimeistelyjauhe<br \/>&bull; Kiinnitysjauhe (Feil)<\/p>\n","protected":false},"excerpt":{"rendered":"<p>Bellapierre Loose Foundation on 5-in-1 Mineral Foundation, joka sis\u00e4lt\u00e4\u00e4 vain nelj\u00e4 ainesosaa; T\u00e4ysin luonnollinen. Mineraalit, jotka ovat lempeit\u00e4 ja hell\u00e4varaisia, suojaavat ja hoitavat ihoa &#8211; kiille, sinkkioksidit, rautaoksidit ja titaanidioksidi. Ei-komedogeeninen ja hypoallergeeninen. 5-in-1 Foundation&bull; Peitevoide&bull; Meikkivoide&bull;&nbsp;SPF&bull;&nbsp;viimeistelyjauhe&bull; Kiinnitysjauhe (Feil)<\/p>\n","protected":false},"featured_media":121506,"comment_status":"open","ping_status":"closed","template":"","meta":{"_trash_the_other_posts":false},"product_brand":[],"product_cat":[1005,718,579],"product_tag":[2535],"berocket_brand":[1113],"class_list":{"0":"post-121509","1":"product","2":"type-product","3":"status-publish","4":"has-post-thumbnail","6":"product_cat-outlet","7":"product_cat-puuterimeikkivoide","8":"product_cat-saatio","9":"product_tag-bellapierre-loose-foundation","10":"pa_brand-bellapierre","11":"pa_variantti-10-double-cocoa-9g","12":"berocket_brand-bellapierre","14":"first","15":"instock","16":"sale","17":"taxable","18":"shipping-taxable","19":"purchasable","20":"product-type-simple"},"_links":{"self":[{"href":"https:\/\/stylingagenten.com\/fi\/wp-json\/wp\/v2\/product\/121509","targetHints":{"allow":["GET"]}}],"collection":[{"href":"https:\/\/stylingagenten.com\/fi\/wp-json\/wp\/v2\/product"}],"about":[{"href":"https:\/\/stylingagenten.com\/fi\/wp-json\/wp\/v2\/types\/product"}],"replies":[{"embeddable":true,"href":"https:\/\/stylingagenten.com\/fi\/wp-json\/wp\/v2\/comments?post=121509"}],"version-history":[{"count":0,"href":"https:\/\/stylingagenten.com\/fi\/wp-json\/wp\/v2\/product\/121509\/revisions"}],"wp:featuredmedia":[{"embeddable":true,"href":"https:\/\/stylingagenten.com\/fi\/wp-json\/wp\/v2\/media\/121506"}],"wp:attachment":[{"href":"https:\/\/stylingagenten.com\/fi\/wp-json\/wp\/v2\/media?parent=121509"}],"wp:term":[{"taxonomy":"product_brand","embeddable":true,"href":"https:\/\/stylingagenten.com\/fi\/wp-json\/wp\/v2\/product_brand?post=121509"},{"taxonomy":"product_cat","embeddable":true,"href":"https:\/\/stylingagenten.com\/fi\/wp-json\/wp\/v2\/product_cat?post=121509"},{"taxonomy":"product_tag","embeddable":true,"href":"https:\/\/stylingagenten.com\/fi\/wp-json\/wp\/v2\/product_tag?post=121509"},{"taxonomy":"berocket_brand","embeddable":true,"href":"https:\/\/stylingagenten.com\/fi\/wp-json\/wp\/v2\/berocket_brand?post=121509"}],"curies":[{"name":"wp","href":"https:\/\/api.w.org\/{rel}","templated":true}]}}