{"id":121469,"date":"2025-05-18T21:42:34","date_gmt":"2025-05-18T21:42:34","guid":{"rendered":"https:\/\/staging2.stylingagenten.com\/fi\/produkt\/wet-n-wild-photo-focus-foundation-desert-beige\/"},"modified":"2026-03-27T08:19:51","modified_gmt":"2026-03-27T08:19:51","slug":"wet-n-wild-photo-focus-foundation-desert-beige","status":"publish","type":"product","link":"https:\/\/stylingagenten.com\/fi\/tuote\/wet-n-wild-photo-focus-foundation-desert-beige\/","title":{"rendered":"Wet n Wild  Photo Focus Foundation Desert Beige"},"content":{"rendered":"<p>Wet n Wild Photo Focus Foundation on testattu perusteellisesti valokuvatilanteissa 7 eri valaistusolosuhteissa virheett\u00f6m\u00e4n meikin varmistamiseksi. T\u00e4m\u00e4n ainutlaatuisen koostumuksen koostumus hy\u00f6dytt\u00e4\u00e4 valoa, v\u00e4hent\u00e4\u00e4 heijastuksia ja takaa mattapintaisen vaikutelman ja t\u00e4ydellisen ihonv\u00e4rin.<\/p>\n","protected":false},"excerpt":{"rendered":"<p>Wet n Wild Photo Focus Foundation on testattu perusteellisesti valokuvatilanteissa 7 eri valaistusolosuhteissa virheett\u00f6m\u00e4n meikin varmistamiseksi. T\u00e4m\u00e4n ainutlaatuisen koostumuksen koostumus hy\u00f6dytt\u00e4\u00e4 valoa, v\u00e4hent\u00e4\u00e4 heijastuksia ja takaa mattapintaisen vaikutelman ja t\u00e4ydellisen ihonv\u00e4rin.<\/p>\n","protected":false},"featured_media":121467,"comment_status":"open","ping_status":"closed","template":"","meta":{"_trash_the_other_posts":false},"product_brand":[],"product_cat":[579],"product_tag":[],"berocket_brand":[1035],"class_list":{"0":"post-121469","1":"product","2":"type-product","3":"status-publish","4":"has-post-thumbnail","6":"product_cat-saatio","7":"pa_brand-wet-n-wild","8":"berocket_brand-wet-n-wild","10":"first","11":"instock","12":"sale","13":"taxable","14":"shipping-taxable","15":"purchasable","16":"product-type-simple"},"_links":{"self":[{"href":"https:\/\/stylingagenten.com\/fi\/wp-json\/wp\/v2\/product\/121469","targetHints":{"allow":["GET"]}}],"collection":[{"href":"https:\/\/stylingagenten.com\/fi\/wp-json\/wp\/v2\/product"}],"about":[{"href":"https:\/\/stylingagenten.com\/fi\/wp-json\/wp\/v2\/types\/product"}],"replies":[{"embeddable":true,"href":"https:\/\/stylingagenten.com\/fi\/wp-json\/wp\/v2\/comments?post=121469"}],"version-history":[{"count":0,"href":"https:\/\/stylingagenten.com\/fi\/wp-json\/wp\/v2\/product\/121469\/revisions"}],"wp:featuredmedia":[{"embeddable":true,"href":"https:\/\/stylingagenten.com\/fi\/wp-json\/wp\/v2\/media\/121467"}],"wp:attachment":[{"href":"https:\/\/stylingagenten.com\/fi\/wp-json\/wp\/v2\/media?parent=121469"}],"wp:term":[{"taxonomy":"product_brand","embeddable":true,"href":"https:\/\/stylingagenten.com\/fi\/wp-json\/wp\/v2\/product_brand?post=121469"},{"taxonomy":"product_cat","embeddable":true,"href":"https:\/\/stylingagenten.com\/fi\/wp-json\/wp\/v2\/product_cat?post=121469"},{"taxonomy":"product_tag","embeddable":true,"href":"https:\/\/stylingagenten.com\/fi\/wp-json\/wp\/v2\/product_tag?post=121469"},{"taxonomy":"berocket_brand","embeddable":true,"href":"https:\/\/stylingagenten.com\/fi\/wp-json\/wp\/v2\/berocket_brand?post=121469"}],"curies":[{"name":"wp","href":"https:\/\/api.w.org\/{rel}","templated":true}]}}