{"id":121447,"date":"2025-05-18T21:42:26","date_gmt":"2025-05-18T21:42:26","guid":{"rendered":"https:\/\/staging2.stylingagenten.com\/fi\/produkt\/beauty-uk-photo-ready-foundation-no-6-tan\/"},"modified":"2026-02-12T23:06:33","modified_gmt":"2026-02-12T23:06:33","slug":"beauty-uk-photo-ready-foundation-no-6-tan","status":"publish","type":"product","link":"https:\/\/stylingagenten.com\/fi\/tuote\/beauty-uk-photo-ready-foundation-no-6-tan\/","title":{"rendered":"Beauty UK Photo.ready Foundation No.6 &#8211; Tan"},"content":{"rendered":"<p>T\u00e4m\u00e4 vitamiinirikastettu, parabeeniton, t\u00e4ysin peitt\u00e4v\u00e4 meikkivoide tarjoaa virheett\u00f6m\u00e4n lopputuloksen, joka on suunniteltu kest\u00e4m\u00e4\u00e4n koko p\u00e4iv\u00e4n.<br \/>Sile\u00e4 koostumus sis\u00e4lt\u00e4\u00e4 A-, C- ja E-vitamiineja, jotka ravitsevat ihoa ja on t\u00e4ysin vapaa haitallisia parabeeneja.<\/p>\n","protected":false},"excerpt":{"rendered":"<p>T\u00e4m\u00e4 vitamiinirikastettu, parabeeniton, t\u00e4ysin peitt\u00e4v\u00e4 meikkivoide tarjoaa virheett\u00f6m\u00e4n lopputuloksen, joka on suunniteltu kest\u00e4m\u00e4\u00e4n koko p\u00e4iv\u00e4n.Sile\u00e4 koostumus sis\u00e4lt\u00e4\u00e4 A-, C- ja E-vitamiineja, jotka ravitsevat ihoa ja on t\u00e4ysin vapaa haitallisia parabeeneja.<\/p>\n","protected":false},"featured_media":121445,"comment_status":"open","ping_status":"closed","template":"","meta":{"_trash_the_other_posts":false},"product_brand":[],"product_cat":[1005,579],"product_tag":[2520],"berocket_brand":[1059],"class_list":{"0":"post-121447","1":"product","2":"type-product","3":"status-publish","4":"has-post-thumbnail","6":"product_cat-outlet","7":"product_cat-saatio","8":"product_tag-beauty-uk-photo-ready-foundation","9":"pa_brand-beautyuk","10":"pa_variantti-no-6-tan","11":"berocket_brand-beautyuk","13":"first","14":"instock","15":"sale","16":"taxable","17":"shipping-taxable","18":"purchasable","19":"product-type-simple"},"_links":{"self":[{"href":"https:\/\/stylingagenten.com\/fi\/wp-json\/wp\/v2\/product\/121447","targetHints":{"allow":["GET"]}}],"collection":[{"href":"https:\/\/stylingagenten.com\/fi\/wp-json\/wp\/v2\/product"}],"about":[{"href":"https:\/\/stylingagenten.com\/fi\/wp-json\/wp\/v2\/types\/product"}],"replies":[{"embeddable":true,"href":"https:\/\/stylingagenten.com\/fi\/wp-json\/wp\/v2\/comments?post=121447"}],"version-history":[{"count":0,"href":"https:\/\/stylingagenten.com\/fi\/wp-json\/wp\/v2\/product\/121447\/revisions"}],"wp:featuredmedia":[{"embeddable":true,"href":"https:\/\/stylingagenten.com\/fi\/wp-json\/wp\/v2\/media\/121445"}],"wp:attachment":[{"href":"https:\/\/stylingagenten.com\/fi\/wp-json\/wp\/v2\/media?parent=121447"}],"wp:term":[{"taxonomy":"product_brand","embeddable":true,"href":"https:\/\/stylingagenten.com\/fi\/wp-json\/wp\/v2\/product_brand?post=121447"},{"taxonomy":"product_cat","embeddable":true,"href":"https:\/\/stylingagenten.com\/fi\/wp-json\/wp\/v2\/product_cat?post=121447"},{"taxonomy":"product_tag","embeddable":true,"href":"https:\/\/stylingagenten.com\/fi\/wp-json\/wp\/v2\/product_tag?post=121447"},{"taxonomy":"berocket_brand","embeddable":true,"href":"https:\/\/stylingagenten.com\/fi\/wp-json\/wp\/v2\/berocket_brand?post=121447"}],"curies":[{"name":"wp","href":"https:\/\/api.w.org\/{rel}","templated":true}]}}