{"id":121425,"date":"2025-05-18T21:42:16","date_gmt":"2025-05-18T21:42:16","guid":{"rendered":"https:\/\/staging2.stylingagenten.com\/fi\/produkt\/bare-minerals-foundation-matte-fairly-light-6g\/"},"modified":"2026-03-24T14:07:25","modified_gmt":"2026-03-24T14:07:25","slug":"bare-minerals-foundation-matte-fairly-light-6g","status":"publish","type":"product","link":"https:\/\/stylingagenten.com\/fi\/tuote\/bare-minerals-foundation-matte-fairly-light-6g\/","title":{"rendered":"Bare Minerals Foundation Matte Fairly Light 6g"},"content":{"rendered":"<p>&nbsp;Bare Minerals Foundation Matte Fairly Light 6g<\/p>\n<p>Kenelle? Sopii kaikille ihotyypeille, mutta ihanteellinen normaalille ja rasvaiselle\/sekaiholle, josta tulee helposti kiilt\u00e4v\u00e4. Voidaan k\u00e4ytt\u00e4\u00e4 my\u00f6s ihmisille, joilla on herkk\u00e4 ja reaktiivinen iho tai allergiset.<\/p>\n<p>Uurrattava koostumus sis\u00e4lt\u00e4\u00e4 kaikki Original Foundationin edut sek\u00e4 uuden RareMinerals ActiveSoil Complexin, joka v\u00e4hent\u00e4\u00e4 huokosia, Stimuloi solujen uusiutumista, suojaa vastustaa ulkoista rasitusta ja antaa kirkkaamman, el\u00e4v\u00e4mm\u00e4n ihon. Luonnolliset mineraalit ja sis\u00e4\u00e4nrakennettu aurinkosuoja, ravitsevat kasviaminohapot ja mineraalipohjaiset \u00f6ljy\u00e4 imev\u00e4t ainesosat yhdess\u00e4 tarjoavat samettisen, luonnollisen mattapintaisen lopputuloksen, joka kest\u00e4\u00e4 koko p\u00e4iv\u00e4n ja s\u00e4ilytt\u00e4\u00e4 ihon kosteuden. Matta-meikkivoide sopii kaikille ihotyypeille, mutta sopii ihanteellisesti normaalille ja rasvaiselle\/sekaiholle, josta tulee helposti kiilt\u00e4v\u00e4.<\/p>\n<p><strong>K\u00e4ytt\u00f6:<\/strong> Levit\u00e4 bareMinerals kabuki -siveltimell\u00e4 saadaksesi parhaat tulokset. Ty\u00f6skentele tasaisella kerroksella ty\u00f6st\u00e4en sivellint\u00e4 yl\u00f6sp\u00e4in suuntautuvin, py\u00f6rivin liikkein.<\/p>\n","protected":false},"excerpt":{"rendered":"<p>&nbsp;Bare Minerals Foundation Matte Fairly Light 6g Kenelle? Sopii kaikille ihotyypeille, mutta ihanteellinen normaalille ja rasvaiselle\/sekaiholle, josta tulee helposti kiilt\u00e4v\u00e4. Voidaan k\u00e4ytt\u00e4\u00e4 my\u00f6s ihmisille, joilla on herkk\u00e4 ja reaktiivinen iho tai allergiset. Uurrattava koostumus sis\u00e4lt\u00e4\u00e4 kaikki Original Foundationin edut sek\u00e4 uuden RareMinerals ActiveSoil Complexin, joka v\u00e4hent\u00e4\u00e4 huokosia, Stimuloi solujen uusiutumista, suojaa vastustaa ulkoista rasitusta ja [&hellip;]<\/p>\n","protected":false},"featured_media":121419,"comment_status":"open","ping_status":"closed","template":"","meta":{"_trash_the_other_posts":false},"product_brand":[],"product_cat":[718,579],"product_tag":[2468],"berocket_brand":[1256],"class_list":{"0":"post-121425","1":"product","2":"type-product","3":"status-publish","4":"has-post-thumbnail","6":"product_cat-puuterimeikkivoide","7":"product_cat-saatio","8":"product_tag-bare-minerals-foundation-matte-6g","9":"pa_brand-bareminerals","10":"pa_variantti-fairly-light","11":"berocket_brand-bareminerals","13":"first","14":"instock","15":"sale","16":"taxable","17":"shipping-taxable","18":"purchasable","19":"product-type-simple"},"_links":{"self":[{"href":"https:\/\/stylingagenten.com\/fi\/wp-json\/wp\/v2\/product\/121425","targetHints":{"allow":["GET"]}}],"collection":[{"href":"https:\/\/stylingagenten.com\/fi\/wp-json\/wp\/v2\/product"}],"about":[{"href":"https:\/\/stylingagenten.com\/fi\/wp-json\/wp\/v2\/types\/product"}],"replies":[{"embeddable":true,"href":"https:\/\/stylingagenten.com\/fi\/wp-json\/wp\/v2\/comments?post=121425"}],"version-history":[{"count":0,"href":"https:\/\/stylingagenten.com\/fi\/wp-json\/wp\/v2\/product\/121425\/revisions"}],"wp:featuredmedia":[{"embeddable":true,"href":"https:\/\/stylingagenten.com\/fi\/wp-json\/wp\/v2\/media\/121419"}],"wp:attachment":[{"href":"https:\/\/stylingagenten.com\/fi\/wp-json\/wp\/v2\/media?parent=121425"}],"wp:term":[{"taxonomy":"product_brand","embeddable":true,"href":"https:\/\/stylingagenten.com\/fi\/wp-json\/wp\/v2\/product_brand?post=121425"},{"taxonomy":"product_cat","embeddable":true,"href":"https:\/\/stylingagenten.com\/fi\/wp-json\/wp\/v2\/product_cat?post=121425"},{"taxonomy":"product_tag","embeddable":true,"href":"https:\/\/stylingagenten.com\/fi\/wp-json\/wp\/v2\/product_tag?post=121425"},{"taxonomy":"berocket_brand","embeddable":true,"href":"https:\/\/stylingagenten.com\/fi\/wp-json\/wp\/v2\/berocket_brand?post=121425"}],"curies":[{"name":"wp","href":"https:\/\/api.w.org\/{rel}","templated":true}]}}