{"id":121370,"date":"2025-05-18T21:41:57","date_gmt":"2025-05-18T21:41:57","guid":{"rendered":"https:\/\/staging2.stylingagenten.com\/fi\/produkt\/bare-minerals-foundation-matte-light-6g\/"},"modified":"2025-12-18T16:36:25","modified_gmt":"2025-12-18T16:36:25","slug":"bare-minerals-foundation-matte-light-6g","status":"publish","type":"product","link":"https:\/\/stylingagenten.com\/fi\/tuote\/bare-minerals-foundation-matte-light-6g\/","title":{"rendered":"Bare Minerals Foundation Matte Light 6g"},"content":{"rendered":"<p>Bare Minerals Foundation Matte Light sopii kaikille ihotyypeille, mutta sopii ihanteellisesti normaalille tai rasvaiselle\/sekaiholle, josta tulee helposti kiilt\u00e4v\u00e4. Voidaan k\u00e4ytt\u00e4\u00e4 my\u00f6s ihmisille, joilla on herkk\u00e4 ja reaktiivinen iho tai allergiset.<\/p>\n<p>Matte SPF 15 Foundation sis\u00e4lt\u00e4\u00e4 kaikki Original Foundationin edut sek\u00e4 uuden RareMinerals ActiveSoil Complexin, joka v\u00e4hent\u00e4\u00e4 huokosia, edist\u00e4\u00e4 solujen uusiutumista, suojaa ulkoisilta houkutuksilta ja tekee ihosta kirkkaamman ja joustavamman. Luonnolliset mineraalit ja sis\u00e4\u00e4nrakennettu aurinkosuoja, ravitsevat kasviaminohapot ja mineraalipohjaiset \u00f6ljy\u00e4 imev\u00e4t ainesosat yhdess\u00e4 tarjoavat samettisen, luonnollisen mattapintaisen lopputuloksen, joka kest\u00e4\u00e4 koko p\u00e4iv\u00e4n ja s\u00e4ilytt\u00e4\u00e4 ihon kosteuden. Matta meikkivoide sopii kaikille ihotyypeille, mutta sopii ihanteellisesti normaalille ja rasvaiselle\/sekaiholle, joka muuttuu helposti kiilt\u00e4v\u00e4ksi.<\/p>\n<p><strong>K\u00e4ytt\u00f6:&nbsp;<\/strong>Levit\u00e4 bareMinerals kabuki -siveltimell\u00e4 parhaan tuloksen saavuttamiseksi. Ty\u00f6skentele tasaisella kerroksella ty\u00f6st\u00e4en sivellint\u00e4 yl\u00f6sp\u00e4in suuntautuvin, py\u00f6rivin liikkein.<\/p>\n","protected":false},"excerpt":{"rendered":"<p>Bare Minerals Foundation Matte Light sopii kaikille ihotyypeille, mutta sopii ihanteellisesti normaalille tai rasvaiselle\/sekaiholle, josta tulee helposti kiilt\u00e4v\u00e4. Voidaan k\u00e4ytt\u00e4\u00e4 my\u00f6s ihmisille, joilla on herkk\u00e4 ja reaktiivinen iho tai allergiset. Matte SPF 15 Foundation sis\u00e4lt\u00e4\u00e4 kaikki Original Foundationin edut sek\u00e4 uuden RareMinerals ActiveSoil Complexin, joka v\u00e4hent\u00e4\u00e4 huokosia, edist\u00e4\u00e4 solujen uusiutumista, suojaa ulkoisilta houkutuksilta ja tekee [&hellip;]<\/p>\n","protected":false},"featured_media":121366,"comment_status":"open","ping_status":"closed","template":"","meta":{"_trash_the_other_posts":false},"product_brand":[],"product_cat":[718,579],"product_tag":[2468],"berocket_brand":[1256],"class_list":{"0":"post-121370","1":"product","2":"type-product","3":"status-publish","4":"has-post-thumbnail","6":"product_cat-puuterimeikkivoide","7":"product_cat-saatio","8":"product_tag-bare-minerals-foundation-matte-6g","9":"pa_brand-bareminerals","10":"pa_variantti-light","11":"berocket_brand-bareminerals","13":"first","14":"instock","15":"sale","16":"taxable","17":"shipping-taxable","18":"purchasable","19":"product-type-simple"},"_links":{"self":[{"href":"https:\/\/stylingagenten.com\/fi\/wp-json\/wp\/v2\/product\/121370","targetHints":{"allow":["GET"]}}],"collection":[{"href":"https:\/\/stylingagenten.com\/fi\/wp-json\/wp\/v2\/product"}],"about":[{"href":"https:\/\/stylingagenten.com\/fi\/wp-json\/wp\/v2\/types\/product"}],"replies":[{"embeddable":true,"href":"https:\/\/stylingagenten.com\/fi\/wp-json\/wp\/v2\/comments?post=121370"}],"version-history":[{"count":0,"href":"https:\/\/stylingagenten.com\/fi\/wp-json\/wp\/v2\/product\/121370\/revisions"}],"wp:featuredmedia":[{"embeddable":true,"href":"https:\/\/stylingagenten.com\/fi\/wp-json\/wp\/v2\/media\/121366"}],"wp:attachment":[{"href":"https:\/\/stylingagenten.com\/fi\/wp-json\/wp\/v2\/media?parent=121370"}],"wp:term":[{"taxonomy":"product_brand","embeddable":true,"href":"https:\/\/stylingagenten.com\/fi\/wp-json\/wp\/v2\/product_brand?post=121370"},{"taxonomy":"product_cat","embeddable":true,"href":"https:\/\/stylingagenten.com\/fi\/wp-json\/wp\/v2\/product_cat?post=121370"},{"taxonomy":"product_tag","embeddable":true,"href":"https:\/\/stylingagenten.com\/fi\/wp-json\/wp\/v2\/product_tag?post=121370"},{"taxonomy":"berocket_brand","embeddable":true,"href":"https:\/\/stylingagenten.com\/fi\/wp-json\/wp\/v2\/berocket_brand?post=121370"}],"curies":[{"name":"wp","href":"https:\/\/api.w.org\/{rel}","templated":true}]}}