{"id":121339,"date":"2025-05-18T21:41:45","date_gmt":"2025-05-18T21:41:45","guid":{"rendered":"https:\/\/staging2.stylingagenten.com\/fi\/produkt\/max-factor-miracle-touch-foundation-75-golden\/"},"modified":"2026-04-06T11:28:51","modified_gmt":"2026-04-06T11:28:51","slug":"max-factor-miracle-touch-foundation-75-golden","status":"publish","type":"product","link":"https:\/\/stylingagenten.com\/fi\/tuote\/max-factor-miracle-touch-foundation-75-golden\/","title":{"rendered":"Max Factor Miracle Touch Foundation 75 Golden"},"content":{"rendered":"<p>T\u00e4m\u00e4 on Max Factorin uusin ja innovatiivisin meikkivoide, joka muuttaa t\u00e4ysin tapasi, jolla ajattelet meikkivoiteen levitt\u00e4mist\u00e4. Ainutlaatuisen ja helposti prosessoitavan kiinte\u00e4st\u00e4 nesteeksi -koostumuksen ansiosta se eliminoi perinteisen peitevoide-, meikkivoide- ja puuteriyhdistelm\u00e4n tarpeen, vaan saat nyt t\u00e4ydellisen pohjan yhdell\u00e4 tuotteella, jonka levitys on helppoa. Tuloksena on virheet\u00f6n, raikas ja upean pehme\u00e4 iho, joka hehkuu puhtaalla hehkulla.<\/p>\n<p>Kevyt l\u00e4mmin pronssi. Sopii keskis\u00e4vyiselle iholle. (Kultainen pohjas\u00e4vy).<\/p>\n<p>Sis\u00e4lt\u00f6: 11,5 g.<\/p>\n","protected":false},"excerpt":{"rendered":"<p>T\u00e4m\u00e4 on Max Factorin uusin ja innovatiivisin meikkivoide, joka muuttaa t\u00e4ysin tapasi, jolla ajattelet meikkivoiteen levitt\u00e4mist\u00e4. Ainutlaatuisen ja helposti prosessoitavan kiinte\u00e4st\u00e4 nesteeksi -koostumuksen ansiosta se eliminoi perinteisen peitevoide-, meikkivoide- ja puuteriyhdistelm\u00e4n tarpeen, vaan saat nyt t\u00e4ydellisen pohjan yhdell\u00e4 tuotteella, jonka levitys on helppoa. Tuloksena on virheet\u00f6n, raikas ja upean pehme\u00e4 iho, joka hehkuu puhtaalla hehkulla. [&hellip;]<\/p>\n","protected":false},"featured_media":121338,"comment_status":"open","ping_status":"closed","template":"","meta":{"_trash_the_other_posts":false},"product_brand":[],"product_cat":[1005,579],"product_tag":[3488],"berocket_brand":[1013],"class_list":{"0":"post-121339","1":"product","2":"type-product","3":"status-publish","4":"has-post-thumbnail","6":"product_cat-outlet","7":"product_cat-saatio","8":"product_tag-max-factor-miracle-touch-foundation","9":"pa_brand-max-factor","10":"pa_variantti-75-golden","11":"berocket_brand-max-factor","13":"first","14":"outofstock","15":"sale","16":"taxable","17":"shipping-taxable","18":"purchasable","19":"product-type-simple"},"_links":{"self":[{"href":"https:\/\/stylingagenten.com\/fi\/wp-json\/wp\/v2\/product\/121339","targetHints":{"allow":["GET"]}}],"collection":[{"href":"https:\/\/stylingagenten.com\/fi\/wp-json\/wp\/v2\/product"}],"about":[{"href":"https:\/\/stylingagenten.com\/fi\/wp-json\/wp\/v2\/types\/product"}],"replies":[{"embeddable":true,"href":"https:\/\/stylingagenten.com\/fi\/wp-json\/wp\/v2\/comments?post=121339"}],"version-history":[{"count":0,"href":"https:\/\/stylingagenten.com\/fi\/wp-json\/wp\/v2\/product\/121339\/revisions"}],"wp:featuredmedia":[{"embeddable":true,"href":"https:\/\/stylingagenten.com\/fi\/wp-json\/wp\/v2\/media\/121338"}],"wp:attachment":[{"href":"https:\/\/stylingagenten.com\/fi\/wp-json\/wp\/v2\/media?parent=121339"}],"wp:term":[{"taxonomy":"product_brand","embeddable":true,"href":"https:\/\/stylingagenten.com\/fi\/wp-json\/wp\/v2\/product_brand?post=121339"},{"taxonomy":"product_cat","embeddable":true,"href":"https:\/\/stylingagenten.com\/fi\/wp-json\/wp\/v2\/product_cat?post=121339"},{"taxonomy":"product_tag","embeddable":true,"href":"https:\/\/stylingagenten.com\/fi\/wp-json\/wp\/v2\/product_tag?post=121339"},{"taxonomy":"berocket_brand","embeddable":true,"href":"https:\/\/stylingagenten.com\/fi\/wp-json\/wp\/v2\/berocket_brand?post=121339"}],"curies":[{"name":"wp","href":"https:\/\/api.w.org\/{rel}","templated":true}]}}