{"id":121326,"date":"2025-05-18T21:41:37","date_gmt":"2025-05-18T21:41:37","guid":{"rendered":"https:\/\/staging2.stylingagenten.com\/fi\/produkt\/max-factor-lasting-performance-108-honey-beige\/"},"modified":"2026-03-31T19:48:54","modified_gmt":"2026-03-31T19:48:54","slug":"max-factor-lasting-performance-108-honey-beige","status":"publish","type":"product","link":"https:\/\/stylingagenten.com\/fi\/tuote\/max-factor-lasting-performance-108-honey-beige\/","title":{"rendered":"Max Factor Lasting Performance 108 Honey Beige"},"content":{"rendered":"<p>Foundation Max Factor Lasting Performance 108 Honey Beige pysyy koko p\u00e4iv\u00e4n kest\u00e4v\u00e4n\u00e4 ja kosketeltavana. T\u00e4ydellinen lopputulos, joka kest\u00e4\u00e4 v\u00e4hint\u00e4\u00e4n 8 tuntia, ihosi n\u00e4ytt\u00e4\u00e4 ja tuntuu raikkaalta pidemp\u00e4\u00e4n. Kest\u00e4\u00e4 kosketuksen ja toisin kuin muut \u00f6ljypohjaiset meikkivoiteet, kuten; Se ei tukkeuta huokosia tai \u00e4rsyt\u00e4 herkk\u00e4\u00e4 ihoa.<\/p>\n<p>Vinkki! Jos haluat nestem\u00e4isen meikkivoiteen, ota totuttele aina ravistelemaan pulloa ennen k\u00e4ytt\u00f6\u00e4. V\u00e4ripigmentit voivat muuten ker\u00e4\u00e4nty\u00e4 &#8221;nurkkaan&#8221;; pakkauksessa ja antaa ep\u00e4tasaisen jakautumisen.<\/p>\n<p>\u00d6ljyt\u00f6n, t\u00e4ysin peitt\u00e4v\u00e4 meikkivoide, joka pysyy p\u00e4\u00e4ll\u00e4 koko p\u00e4iv\u00e4n. Antaa puolihimme\u00e4n pinnan. Rasvaa imev\u00e4. Hajusteeton. Sopii kaikille ihotyypeille paitsi eritt\u00e4in kuivalle.<\/p>\n<p>Sis\u00e4lt\u00f6&aring;ll: 35 ml.<\/p>\n","protected":false},"excerpt":{"rendered":"<p>Foundation Max Factor Lasting Performance 108 Honey Beige pysyy koko p\u00e4iv\u00e4n kest\u00e4v\u00e4n\u00e4 ja kosketeltavana. T\u00e4ydellinen lopputulos, joka kest\u00e4\u00e4 v\u00e4hint\u00e4\u00e4n 8 tuntia, ihosi n\u00e4ytt\u00e4\u00e4 ja tuntuu raikkaalta pidemp\u00e4\u00e4n. Kest\u00e4\u00e4 kosketuksen ja toisin kuin muut \u00f6ljypohjaiset meikkivoiteet, kuten; Se ei tukkeuta huokosia tai \u00e4rsyt\u00e4 herkk\u00e4\u00e4 ihoa. Vinkki! Jos haluat nestem\u00e4isen meikkivoiteen, ota totuttele aina ravistelemaan pulloa ennen [&hellip;]<\/p>\n","protected":false},"featured_media":121321,"comment_status":"open","ping_status":"closed","template":"","meta":{"_trash_the_other_posts":false},"product_brand":[],"product_cat":[1003,579],"product_tag":[3482],"berocket_brand":[1013],"class_list":{"0":"post-121326","1":"product","2":"type-product","3":"status-publish","4":"has-post-thumbnail","6":"product_cat-myydyimmat","7":"product_cat-saatio","8":"product_tag-max-factor-lasting-performance","9":"pa_brand-max-factor","10":"pa_variantti-108-honey-beige","11":"berocket_brand-max-factor","13":"first","14":"outofstock","15":"sale","16":"taxable","17":"shipping-taxable","18":"purchasable","19":"product-type-simple"},"_links":{"self":[{"href":"https:\/\/stylingagenten.com\/fi\/wp-json\/wp\/v2\/product\/121326","targetHints":{"allow":["GET"]}}],"collection":[{"href":"https:\/\/stylingagenten.com\/fi\/wp-json\/wp\/v2\/product"}],"about":[{"href":"https:\/\/stylingagenten.com\/fi\/wp-json\/wp\/v2\/types\/product"}],"replies":[{"embeddable":true,"href":"https:\/\/stylingagenten.com\/fi\/wp-json\/wp\/v2\/comments?post=121326"}],"version-history":[{"count":0,"href":"https:\/\/stylingagenten.com\/fi\/wp-json\/wp\/v2\/product\/121326\/revisions"}],"wp:featuredmedia":[{"embeddable":true,"href":"https:\/\/stylingagenten.com\/fi\/wp-json\/wp\/v2\/media\/121321"}],"wp:attachment":[{"href":"https:\/\/stylingagenten.com\/fi\/wp-json\/wp\/v2\/media?parent=121326"}],"wp:term":[{"taxonomy":"product_brand","embeddable":true,"href":"https:\/\/stylingagenten.com\/fi\/wp-json\/wp\/v2\/product_brand?post=121326"},{"taxonomy":"product_cat","embeddable":true,"href":"https:\/\/stylingagenten.com\/fi\/wp-json\/wp\/v2\/product_cat?post=121326"},{"taxonomy":"product_tag","embeddable":true,"href":"https:\/\/stylingagenten.com\/fi\/wp-json\/wp\/v2\/product_tag?post=121326"},{"taxonomy":"berocket_brand","embeddable":true,"href":"https:\/\/stylingagenten.com\/fi\/wp-json\/wp\/v2\/berocket_brand?post=121326"}],"curies":[{"name":"wp","href":"https:\/\/api.w.org\/{rel}","templated":true}]}}