{"id":121172,"date":"2025-05-18T21:40:07","date_gmt":"2025-05-18T21:40:07","guid":{"rendered":"https:\/\/staging2.stylingagenten.com\/fi\/produkt\/loreal-paris-infallible-24h-fresh-wear-220-sand-30ml\/"},"modified":"2026-02-11T09:16:49","modified_gmt":"2026-02-11T09:16:49","slug":"loreal-paris-infallible-24h-fresh-wear-220-sand-30ml","status":"publish","type":"product","link":"https:\/\/stylingagenten.com\/fi\/tuote\/loreal-paris-infallible-24h-fresh-wear-220-sand-30ml\/","title":{"rendered":"L&#8217;Oreal Paris Infallible 24H Fresh Wear 220 Sand 30ml"},"content":{"rendered":"<p>L&#8217;Or\u00e9al Infallible Foundation 24H tarjoaa t\u00e4ydellisen, luonnollisen peitt\u00e4vyyden, joka kest\u00e4\u00e4 koko p\u00e4iv\u00e4n. Se k\u00e4tkee v\u00e4symyksen merkit ja kivenn\u00e4is- ja vitamiinikoostumuksella se my\u00f6s antaa iholle energiaa ja ravintoa. T\u00e4m\u00e4 meikkivoide on t\u00e4ydellinen piilottamaan ep\u00e4puhtaudet, silm\u00e4nalusit tai muut ihon ep\u00e4tasaisuudet. Sopii kaikille ihotyypeille.<\/p>\n","protected":false},"excerpt":{"rendered":"<p>L&#8217;Or\u00e9al Infallible Foundation 24H tarjoaa t\u00e4ydellisen, luonnollisen peitt\u00e4vyyden, joka kest\u00e4\u00e4 koko p\u00e4iv\u00e4n. Se k\u00e4tkee v\u00e4symyksen merkit ja kivenn\u00e4is- ja vitamiinikoostumuksella se my\u00f6s antaa iholle energiaa ja ravintoa. T\u00e4m\u00e4 meikkivoide on t\u00e4ydellinen piilottamaan ep\u00e4puhtaudet, silm\u00e4nalusit tai muut ihon ep\u00e4tasaisuudet. Sopii kaikille ihotyypeille.<\/p>\n","protected":false},"featured_media":121169,"comment_status":"open","ping_status":"closed","template":"","meta":{"_trash_the_other_posts":false},"product_brand":[],"product_cat":[579,717],"product_tag":[3243],"berocket_brand":[2000],"class_list":{"0":"post-121172","1":"product","2":"type-product","3":"status-publish","4":"has-post-thumbnail","6":"product_cat-saatio","7":"product_cat-virustuotteet","8":"product_tag-loreal-paris-infallible-24h-fresh-wear-30ml","9":"pa_brand-loreal-paris-2","10":"pa_variantti-220-sand","11":"berocket_brand-loreal-paris","13":"first","14":"instock","15":"sale","16":"taxable","17":"shipping-taxable","18":"purchasable","19":"product-type-simple"},"_links":{"self":[{"href":"https:\/\/stylingagenten.com\/fi\/wp-json\/wp\/v2\/product\/121172","targetHints":{"allow":["GET"]}}],"collection":[{"href":"https:\/\/stylingagenten.com\/fi\/wp-json\/wp\/v2\/product"}],"about":[{"href":"https:\/\/stylingagenten.com\/fi\/wp-json\/wp\/v2\/types\/product"}],"replies":[{"embeddable":true,"href":"https:\/\/stylingagenten.com\/fi\/wp-json\/wp\/v2\/comments?post=121172"}],"version-history":[{"count":0,"href":"https:\/\/stylingagenten.com\/fi\/wp-json\/wp\/v2\/product\/121172\/revisions"}],"wp:featuredmedia":[{"embeddable":true,"href":"https:\/\/stylingagenten.com\/fi\/wp-json\/wp\/v2\/media\/121169"}],"wp:attachment":[{"href":"https:\/\/stylingagenten.com\/fi\/wp-json\/wp\/v2\/media?parent=121172"}],"wp:term":[{"taxonomy":"product_brand","embeddable":true,"href":"https:\/\/stylingagenten.com\/fi\/wp-json\/wp\/v2\/product_brand?post=121172"},{"taxonomy":"product_cat","embeddable":true,"href":"https:\/\/stylingagenten.com\/fi\/wp-json\/wp\/v2\/product_cat?post=121172"},{"taxonomy":"product_tag","embeddable":true,"href":"https:\/\/stylingagenten.com\/fi\/wp-json\/wp\/v2\/product_tag?post=121172"},{"taxonomy":"berocket_brand","embeddable":true,"href":"https:\/\/stylingagenten.com\/fi\/wp-json\/wp\/v2\/berocket_brand?post=121172"}],"curies":[{"name":"wp","href":"https:\/\/api.w.org\/{rel}","templated":true}]}}