{"id":121098,"date":"2025-05-18T21:38:29","date_gmt":"2025-05-18T21:38:29","guid":{"rendered":"https:\/\/staging2.stylingagenten.com\/fi\/produkt\/kokie-skin-perfect-hd-foundation-80w\/"},"modified":"2025-11-19T11:28:01","modified_gmt":"2025-11-19T11:28:01","slug":"kokie-skin-perfect-hd-foundation-80w","status":"publish","type":"product","link":"https:\/\/stylingagenten.com\/fi\/tuote\/kokie-skin-perfect-hd-foundation-80w\/","title":{"rendered":"Kokie Skin Perfect HD Foundation &#8211; 80W"},"content":{"rendered":"<p>Kokie Skin Perfect HD Foundation toimitetaan tyylikk\u00e4\u00e4ss\u00e4 himme\u00e4ss\u00e4 lasipullossa, jossa on hygieeninen pumppu. <br \/>T\u00e4m\u00e4 paksu, nestem\u00e4inen meikkivoide on tehokas ja ter\u00e4v\u00e4piirto, joka tarjoaa keskipitk\u00e4st\u00e4 t\u00e4yteen peitt\u00e4vyyden, joka viimeistely luonnollisen puolimatta. <br \/>Saatavilla 18 kauniissa s\u00e4vyss\u00e4, jotta l\u00f6yd\u00e4t t\u00e4ydellisen vastineen.<\/p>\n","protected":false},"excerpt":{"rendered":"<p>Kokie Skin Perfect HD Foundation toimitetaan tyylikk\u00e4\u00e4ss\u00e4 himme\u00e4ss\u00e4 lasipullossa, jossa on hygieeninen pumppu. T\u00e4m\u00e4 paksu, nestem\u00e4inen meikkivoide on tehokas ja ter\u00e4v\u00e4piirto, joka tarjoaa keskipitk\u00e4st\u00e4 t\u00e4yteen peitt\u00e4vyyden, joka viimeistely luonnollisen puolimatta. Saatavilla 18 kauniissa s\u00e4vyss\u00e4, jotta l\u00f6yd\u00e4t t\u00e4ydellisen vastineen.<\/p>\n","protected":false},"featured_media":121090,"comment_status":"open","ping_status":"closed","template":"","meta":{"_trash_the_other_posts":false},"product_brand":[],"product_cat":[579],"product_tag":[3166],"berocket_brand":[1198],"class_list":{"0":"post-121098","1":"product","2":"type-product","3":"status-publish","4":"has-post-thumbnail","6":"product_cat-saatio","7":"product_tag-kokie-skin-perfect-hd-foundation","8":"pa_brand-kokie-cosmetics","9":"pa_variantti-80w","10":"berocket_brand-kokie-cosmetics","12":"first","13":"instock","14":"sale","15":"taxable","16":"shipping-taxable","17":"purchasable","18":"product-type-simple"},"_links":{"self":[{"href":"https:\/\/stylingagenten.com\/fi\/wp-json\/wp\/v2\/product\/121098","targetHints":{"allow":["GET"]}}],"collection":[{"href":"https:\/\/stylingagenten.com\/fi\/wp-json\/wp\/v2\/product"}],"about":[{"href":"https:\/\/stylingagenten.com\/fi\/wp-json\/wp\/v2\/types\/product"}],"replies":[{"embeddable":true,"href":"https:\/\/stylingagenten.com\/fi\/wp-json\/wp\/v2\/comments?post=121098"}],"version-history":[{"count":0,"href":"https:\/\/stylingagenten.com\/fi\/wp-json\/wp\/v2\/product\/121098\/revisions"}],"wp:featuredmedia":[{"embeddable":true,"href":"https:\/\/stylingagenten.com\/fi\/wp-json\/wp\/v2\/media\/121090"}],"wp:attachment":[{"href":"https:\/\/stylingagenten.com\/fi\/wp-json\/wp\/v2\/media?parent=121098"}],"wp:term":[{"taxonomy":"product_brand","embeddable":true,"href":"https:\/\/stylingagenten.com\/fi\/wp-json\/wp\/v2\/product_brand?post=121098"},{"taxonomy":"product_cat","embeddable":true,"href":"https:\/\/stylingagenten.com\/fi\/wp-json\/wp\/v2\/product_cat?post=121098"},{"taxonomy":"product_tag","embeddable":true,"href":"https:\/\/stylingagenten.com\/fi\/wp-json\/wp\/v2\/product_tag?post=121098"},{"taxonomy":"berocket_brand","embeddable":true,"href":"https:\/\/stylingagenten.com\/fi\/wp-json\/wp\/v2\/berocket_brand?post=121098"}],"curies":[{"name":"wp","href":"https:\/\/api.w.org\/{rel}","templated":true}]}}