{"id":121074,"date":"2025-05-18T21:38:25","date_gmt":"2025-05-18T21:38:25","guid":{"rendered":"https:\/\/staging2.stylingagenten.com\/fi\/produkt\/maybelline-fit-me-matte-poreless-foundation-102-fair-ivory\/"},"modified":"2026-04-01T13:58:13","modified_gmt":"2026-04-01T13:58:13","slug":"maybelline-fit-me-matte-poreless-foundation-102-fair-ivory","status":"publish","type":"product","link":"https:\/\/stylingagenten.com\/fi\/tuote\/maybelline-fit-me-matte-poreless-foundation-102-fair-ivory\/","title":{"rendered":"Maybelline Fit Me Matte + Poreless Foundation &#8211; 102 Fair Ivory"},"content":{"rendered":"<p>Maybelline Fit me Matte &amp; Poreless Foundation antaa mattapintaisen lopputuloksen ja v\u00e4hent\u00e4\u00e4 huokosten n\u00e4kyvyytt\u00e4.<br \/>Kaava on \u00f6ljyt\u00f6n ja siin\u00e4 on l\u00e4pin\u00e4kyv\u00e4 pohjustuspohja, joka tarjoaa luonnollisen peitt\u00e4vyyden ja antaa ihon s\u00e4vyn loistaa.<br \/>K\u00e4yt\u00e4 Levit\u00e4 koko kasvoille sormenp\u00e4ill\u00e4si tai meikkisiveltimen tai sienen avulla. Sopii erityisesti normaalille ja rasvaiselle iholle.&nbsp;<\/p>\n<p>30 ml<\/p>\n","protected":false},"excerpt":{"rendered":"<p>Maybelline Fit me Matte &amp; Poreless Foundation antaa mattapintaisen lopputuloksen ja v\u00e4hent\u00e4\u00e4 huokosten n\u00e4kyvyytt\u00e4.Kaava on \u00f6ljyt\u00f6n ja siin\u00e4 on l\u00e4pin\u00e4kyv\u00e4 pohjustuspohja, joka tarjoaa luonnollisen peitt\u00e4vyyden ja antaa ihon s\u00e4vyn loistaa.K\u00e4yt\u00e4 Levit\u00e4 koko kasvoille sormenp\u00e4ill\u00e4si tai meikkisiveltimen tai sienen avulla. Sopii erityisesti normaalille ja rasvaiselle iholle.&nbsp; 30 ml<\/p>\n","protected":false},"featured_media":121068,"comment_status":"open","ping_status":"closed","template":"","meta":{"_trash_the_other_posts":false},"product_brand":[],"product_cat":[1005,579],"product_tag":[3504],"berocket_brand":[1016],"class_list":{"0":"post-121074","1":"product","2":"type-product","3":"status-publish","4":"has-post-thumbnail","6":"product_cat-outlet","7":"product_cat-saatio","8":"product_tag-maybelline-fit-me-matte-poreless-foundation","9":"pa_brand-maybelline","10":"pa_variantti-102-fair-ivory","11":"berocket_brand-maybelline","13":"first","14":"instock","15":"sale","16":"taxable","17":"shipping-taxable","18":"purchasable","19":"product-type-simple"},"_links":{"self":[{"href":"https:\/\/stylingagenten.com\/fi\/wp-json\/wp\/v2\/product\/121074","targetHints":{"allow":["GET"]}}],"collection":[{"href":"https:\/\/stylingagenten.com\/fi\/wp-json\/wp\/v2\/product"}],"about":[{"href":"https:\/\/stylingagenten.com\/fi\/wp-json\/wp\/v2\/types\/product"}],"replies":[{"embeddable":true,"href":"https:\/\/stylingagenten.com\/fi\/wp-json\/wp\/v2\/comments?post=121074"}],"version-history":[{"count":0,"href":"https:\/\/stylingagenten.com\/fi\/wp-json\/wp\/v2\/product\/121074\/revisions"}],"wp:featuredmedia":[{"embeddable":true,"href":"https:\/\/stylingagenten.com\/fi\/wp-json\/wp\/v2\/media\/121068"}],"wp:attachment":[{"href":"https:\/\/stylingagenten.com\/fi\/wp-json\/wp\/v2\/media?parent=121074"}],"wp:term":[{"taxonomy":"product_brand","embeddable":true,"href":"https:\/\/stylingagenten.com\/fi\/wp-json\/wp\/v2\/product_brand?post=121074"},{"taxonomy":"product_cat","embeddable":true,"href":"https:\/\/stylingagenten.com\/fi\/wp-json\/wp\/v2\/product_cat?post=121074"},{"taxonomy":"product_tag","embeddable":true,"href":"https:\/\/stylingagenten.com\/fi\/wp-json\/wp\/v2\/product_tag?post=121074"},{"taxonomy":"berocket_brand","embeddable":true,"href":"https:\/\/stylingagenten.com\/fi\/wp-json\/wp\/v2\/berocket_brand?post=121074"}],"curies":[{"name":"wp","href":"https:\/\/api.w.org\/{rel}","templated":true}]}}