{"id":120926,"date":"2025-05-18T21:38:01","date_gmt":"2025-05-18T21:38:01","guid":{"rendered":"https:\/\/staging2.stylingagenten.com\/fi\/produkt\/wet-n-wild-photo-focus-dewy-foundation-soft-beige\/"},"modified":"2026-01-06T22:56:54","modified_gmt":"2026-01-06T22:56:54","slug":"wet-n-wild-photo-focus-dewy-foundation-soft-beige","status":"publish","type":"product","link":"https:\/\/stylingagenten.com\/fi\/tuote\/wet-n-wild-photo-focus-dewy-foundation-soft-beige\/","title":{"rendered":"Wet n Wild Photo Focus Dewy Foundation &#8211; Soft Beige"},"content":{"rendered":"<p>Wet n Wild Photo Focus Dewy Foundation on kevyt, silkkinen ja kermainen meikkivoide, joka antaa keskipeitt\u00e4v\u00e4n tai t\u00e4ydellisen peitt\u00e4vyyden. Tehokas, valoon mukautettu pigmentti, joka antaa t\u00e4ydellisen ihon s\u00e4vyn kaikessa valossa. Iho saa raikkaan hehkun ja kosteutetun lopputuloksen. Sopii normaalille ja kuivalle iholle. Vegaani.<\/p>\n","protected":false},"excerpt":{"rendered":"<p>Wet n Wild Photo Focus Dewy Foundation on kevyt, silkkinen ja kermainen meikkivoide, joka antaa keskipeitt\u00e4v\u00e4n tai t\u00e4ydellisen peitt\u00e4vyyden. Tehokas, valoon mukautettu pigmentti, joka antaa t\u00e4ydellisen ihon s\u00e4vyn kaikessa valossa. Iho saa raikkaan hehkun ja kosteutetun lopputuloksen. Sopii normaalille ja kuivalle iholle. Vegaani.<\/p>\n","protected":false},"featured_media":120902,"comment_status":"open","ping_status":"closed","template":"","meta":{"_trash_the_other_posts":false},"product_brand":[],"product_cat":[1005,579],"product_tag":[4109],"berocket_brand":[1035],"class_list":{"0":"post-120926","1":"product","2":"type-product","3":"status-publish","4":"has-post-thumbnail","6":"product_cat-outlet","7":"product_cat-saatio","8":"product_tag-wet-n-wild-photo-focus-dewy-foundation","9":"pa_brand-wet-n-wild","10":"pa_variantti-soft-beige","11":"berocket_brand-wet-n-wild","13":"first","14":"instock","15":"sale","16":"taxable","17":"shipping-taxable","18":"purchasable","19":"product-type-simple"},"_links":{"self":[{"href":"https:\/\/stylingagenten.com\/fi\/wp-json\/wp\/v2\/product\/120926","targetHints":{"allow":["GET"]}}],"collection":[{"href":"https:\/\/stylingagenten.com\/fi\/wp-json\/wp\/v2\/product"}],"about":[{"href":"https:\/\/stylingagenten.com\/fi\/wp-json\/wp\/v2\/types\/product"}],"replies":[{"embeddable":true,"href":"https:\/\/stylingagenten.com\/fi\/wp-json\/wp\/v2\/comments?post=120926"}],"version-history":[{"count":0,"href":"https:\/\/stylingagenten.com\/fi\/wp-json\/wp\/v2\/product\/120926\/revisions"}],"wp:featuredmedia":[{"embeddable":true,"href":"https:\/\/stylingagenten.com\/fi\/wp-json\/wp\/v2\/media\/120902"}],"wp:attachment":[{"href":"https:\/\/stylingagenten.com\/fi\/wp-json\/wp\/v2\/media?parent=120926"}],"wp:term":[{"taxonomy":"product_brand","embeddable":true,"href":"https:\/\/stylingagenten.com\/fi\/wp-json\/wp\/v2\/product_brand?post=120926"},{"taxonomy":"product_cat","embeddable":true,"href":"https:\/\/stylingagenten.com\/fi\/wp-json\/wp\/v2\/product_cat?post=120926"},{"taxonomy":"product_tag","embeddable":true,"href":"https:\/\/stylingagenten.com\/fi\/wp-json\/wp\/v2\/product_tag?post=120926"},{"taxonomy":"berocket_brand","embeddable":true,"href":"https:\/\/stylingagenten.com\/fi\/wp-json\/wp\/v2\/berocket_brand?post=120926"}],"curies":[{"name":"wp","href":"https:\/\/api.w.org\/{rel}","templated":true}]}}