{"id":120874,"date":"2025-05-18T21:37:52","date_gmt":"2025-05-18T21:37:52","guid":{"rendered":"https:\/\/staging2.stylingagenten.com\/fi\/produkt\/milani-screen-queen-foundation-210-golden-shell\/"},"modified":"2025-11-19T11:42:43","modified_gmt":"2025-11-19T11:42:43","slug":"milani-screen-queen-foundation-210-golden-shell","status":"publish","type":"product","link":"https:\/\/stylingagenten.com\/fi\/tuote\/milani-screen-queen-foundation-210-golden-shell\/","title":{"rendered":"Milani Screen Queen Foundation &#8211; 210 Golden Shell"},"content":{"rendered":"<p>Milani Screen Queen Foundation &#8211; 210 Golden Shell &#8211; 30 ml<\/p>\n<p>P\u00e4ivit\u00e4 ihosi digitaalista vastetta Milanin Screen Queen Foundationilla. Luotu antamaan sinulle her\u00e4sin-kuin-t\u00e4m\u00e4n lookin ja s\u00e4teilev\u00e4n ihon. T\u00e4m\u00e4 rakennettava, kevyest\u00e4 keskipeitteiseen meikkivoide sekoittuu saumattomasti ja h\u00e4m\u00e4rt\u00e4\u00e4 ep\u00e4t\u00e4ydellisyydet sile\u00e4n, kirkkaan ja luonnollisen lopputuloksen saamiseksi. Valmistettu Digital Bluelight Filterill\u00e4 &trade; -teknologia, t\u00e4m\u00e4 ensiluokkainen kaava auttaa torjumaan merkkej\u00e4; Digitaalisista n\u00e4yt\u00f6ist\u00e4 johtuva himmeys, v\u00e4rj\u00e4ytyminen ja hyperpigmentaatio tekev\u00e4t ihosta s\u00e4teilev\u00e4n ruutuajasta riippumatta.<\/p>\n<p><\/p>\n","protected":false},"excerpt":{"rendered":"<p>Milani Screen Queen Foundation &#8211; 210 Golden Shell &#8211; 30 ml P\u00e4ivit\u00e4 ihosi digitaalista vastetta Milanin Screen Queen Foundationilla. Luotu antamaan sinulle her\u00e4sin-kuin-t\u00e4m\u00e4n lookin ja s\u00e4teilev\u00e4n ihon. T\u00e4m\u00e4 rakennettava, kevyest\u00e4 keskipeitteiseen meikkivoide sekoittuu saumattomasti ja h\u00e4m\u00e4rt\u00e4\u00e4 ep\u00e4t\u00e4ydellisyydet sile\u00e4n, kirkkaan ja luonnollisen lopputuloksen saamiseksi. Valmistettu Digital Bluelight Filterill\u00e4 &trade; -teknologia, t\u00e4m\u00e4 ensiluokkainen kaava auttaa torjumaan merkkej\u00e4; [&hellip;]<\/p>\n","protected":false},"featured_media":120872,"comment_status":"open","ping_status":"closed","template":"","meta":{"_trash_the_other_posts":false},"product_brand":[],"product_cat":[1005,579],"product_tag":[3558],"berocket_brand":[1027],"class_list":{"0":"post-120874","1":"product","2":"type-product","3":"status-publish","4":"has-post-thumbnail","6":"product_cat-outlet","7":"product_cat-saatio","8":"product_tag-milani-screen-queen-foundation","9":"pa_brand-milani","10":"pa_variantti-210-golden-shell","11":"berocket_brand-milani","13":"first","14":"instock","15":"sale","16":"taxable","17":"shipping-taxable","18":"purchasable","19":"product-type-simple"},"_links":{"self":[{"href":"https:\/\/stylingagenten.com\/fi\/wp-json\/wp\/v2\/product\/120874","targetHints":{"allow":["GET"]}}],"collection":[{"href":"https:\/\/stylingagenten.com\/fi\/wp-json\/wp\/v2\/product"}],"about":[{"href":"https:\/\/stylingagenten.com\/fi\/wp-json\/wp\/v2\/types\/product"}],"replies":[{"embeddable":true,"href":"https:\/\/stylingagenten.com\/fi\/wp-json\/wp\/v2\/comments?post=120874"}],"version-history":[{"count":0,"href":"https:\/\/stylingagenten.com\/fi\/wp-json\/wp\/v2\/product\/120874\/revisions"}],"wp:featuredmedia":[{"embeddable":true,"href":"https:\/\/stylingagenten.com\/fi\/wp-json\/wp\/v2\/media\/120872"}],"wp:attachment":[{"href":"https:\/\/stylingagenten.com\/fi\/wp-json\/wp\/v2\/media?parent=120874"}],"wp:term":[{"taxonomy":"product_brand","embeddable":true,"href":"https:\/\/stylingagenten.com\/fi\/wp-json\/wp\/v2\/product_brand?post=120874"},{"taxonomy":"product_cat","embeddable":true,"href":"https:\/\/stylingagenten.com\/fi\/wp-json\/wp\/v2\/product_cat?post=120874"},{"taxonomy":"product_tag","embeddable":true,"href":"https:\/\/stylingagenten.com\/fi\/wp-json\/wp\/v2\/product_tag?post=120874"},{"taxonomy":"berocket_brand","embeddable":true,"href":"https:\/\/stylingagenten.com\/fi\/wp-json\/wp\/v2\/berocket_brand?post=120874"}],"curies":[{"name":"wp","href":"https:\/\/api.w.org\/{rel}","templated":true}]}}