{"id":120840,"date":"2025-05-18T21:37:46","date_gmt":"2025-05-18T21:37:46","guid":{"rendered":"https:\/\/staging2.stylingagenten.com\/fi\/produkt\/revlon-colorstay-makeup-combination-oily-skin-300-golden-beige-30ml\/"},"modified":"2026-03-30T21:08:43","modified_gmt":"2026-03-30T21:08:43","slug":"revlon-colorstay-makeup-combination-oily-skin-300-golden-beige-30ml","status":"publish","type":"product","link":"https:\/\/stylingagenten.com\/fi\/tuote\/revlon-colorstay-makeup-combination-oily-skin-300-golden-beige-30ml\/","title":{"rendered":"Revlon Colorstay Makeup Combination\/Oily Skin &#8211; 300 Golden B"},"content":{"rendered":"<p>Revlon Colorstay -meikkiyhdistelm\u00e4\/rasvainen iho Kultainen beige&nbsp;&#8211;&nbsp;&nbsp;&nbsp;&nbsp;&auml;&auml; itse&auml; paikka koko p\u00e4iv\u00e4n tuoreella tuloksella. T\u00e4m\u00e4 meikkivoide auttaa imem\u00e4\u00e4n ylim\u00e4\u00e4r\u00e4ist\u00e4 \u00f6ljy\u00e4 ja v\u00e4hent\u00e4m\u00e4\u00e4n kiiltoa antaen ihollesi virheett\u00f6m\u00e4n, mattaisen ja luonnollisen ilmeen!<\/p>\n<p>Sopii sekaiholle\/rasvaiselle iholle.<br \/>Sis\u00e4lt\u00e4\u00e4; ll: 30 ml<\/p>\n","protected":false},"excerpt":{"rendered":"<p>Revlon Colorstay -meikkiyhdistelm\u00e4\/rasvainen iho Kultainen beige&nbsp;&#8211;&nbsp;&nbsp;&nbsp;&nbsp;&auml;&auml; itse&auml; paikka koko p\u00e4iv\u00e4n tuoreella tuloksella. T\u00e4m\u00e4 meikkivoide auttaa imem\u00e4\u00e4n ylim\u00e4\u00e4r\u00e4ist\u00e4 \u00f6ljy\u00e4 ja v\u00e4hent\u00e4m\u00e4\u00e4n kiiltoa antaen ihollesi virheett\u00f6m\u00e4n, mattaisen ja luonnollisen ilmeen! Sopii sekaiholle\/rasvaiselle iholle.Sis\u00e4lt\u00e4\u00e4; ll: 30 ml<\/p>\n","protected":false},"featured_media":120838,"comment_status":"open","ping_status":"closed","template":"","meta":{"_trash_the_other_posts":false},"product_brand":[],"product_cat":[579],"product_tag":[3915],"berocket_brand":[1040],"class_list":{"0":"post-120840","1":"product","2":"type-product","3":"status-publish","4":"has-post-thumbnail","6":"product_cat-saatio","7":"product_tag-revlon-colorstay-makeup-combination-oily-skin-30ml","8":"pa_brand-revlon","9":"pa_variantti-300-golden-beige","10":"berocket_brand-revlon","12":"first","13":"instock","14":"sale","15":"taxable","16":"shipping-taxable","17":"purchasable","18":"product-type-simple"},"_links":{"self":[{"href":"https:\/\/stylingagenten.com\/fi\/wp-json\/wp\/v2\/product\/120840","targetHints":{"allow":["GET"]}}],"collection":[{"href":"https:\/\/stylingagenten.com\/fi\/wp-json\/wp\/v2\/product"}],"about":[{"href":"https:\/\/stylingagenten.com\/fi\/wp-json\/wp\/v2\/types\/product"}],"replies":[{"embeddable":true,"href":"https:\/\/stylingagenten.com\/fi\/wp-json\/wp\/v2\/comments?post=120840"}],"version-history":[{"count":0,"href":"https:\/\/stylingagenten.com\/fi\/wp-json\/wp\/v2\/product\/120840\/revisions"}],"wp:featuredmedia":[{"embeddable":true,"href":"https:\/\/stylingagenten.com\/fi\/wp-json\/wp\/v2\/media\/120838"}],"wp:attachment":[{"href":"https:\/\/stylingagenten.com\/fi\/wp-json\/wp\/v2\/media?parent=120840"}],"wp:term":[{"taxonomy":"product_brand","embeddable":true,"href":"https:\/\/stylingagenten.com\/fi\/wp-json\/wp\/v2\/product_brand?post=120840"},{"taxonomy":"product_cat","embeddable":true,"href":"https:\/\/stylingagenten.com\/fi\/wp-json\/wp\/v2\/product_cat?post=120840"},{"taxonomy":"product_tag","embeddable":true,"href":"https:\/\/stylingagenten.com\/fi\/wp-json\/wp\/v2\/product_tag?post=120840"},{"taxonomy":"berocket_brand","embeddable":true,"href":"https:\/\/stylingagenten.com\/fi\/wp-json\/wp\/v2\/berocket_brand?post=120840"}],"curies":[{"name":"wp","href":"https:\/\/api.w.org\/{rel}","templated":true}]}}