{"id":120795,"date":"2025-05-18T21:37:38","date_gmt":"2025-05-18T21:37:38","guid":{"rendered":"https:\/\/staging2.stylingagenten.com\/fi\/produkt\/bare-minerals-foundation-golden-beige-8g\/"},"modified":"2026-03-06T08:48:31","modified_gmt":"2026-03-06T08:48:31","slug":"bare-minerals-foundation-golden-beige-8g","status":"publish","type":"product","link":"https:\/\/stylingagenten.com\/fi\/tuote\/bare-minerals-foundation-golden-beige-8g\/","title":{"rendered":"Bare Minerals Foundation Golden Beige 8g"},"content":{"rendered":"<p><strong>Bare Minerals Foundation Medium<\/strong> perustuu vuoristomineraaleja, jotka antavat upean hehkun.<\/p>\n<p>Sopii kaikille ihotyypeille, sopii my\u00f6s herk\u00e4lle, reaktiiviselle iholle tai allergikoille. Ei sis\u00e4ll\u00e4 hajusteita tai kemiallisia ainesosia. Ihanteellinen arpien, ryppyjen tai ruskeiden pigmenttil\u00e4ikkien piilottamiseen. 100 % puhdas mikronisoitu mineraalikoostumus, jonka kermaviimeistely on helppo levitt\u00e4\u00e4.<\/p>\n<p>Meikkivoiteen suojakerroin on 15 ja se heijastaa UV-valoa ja toimii esteen\u00e4 aurinkoa, saasteita ja vapaita radikaaleja vastaan \u200b\u200bsamaan aikaan kuin ihon kosteus. taso&aring; s\u00e4ilytett\u00e4v\u00e4. Levit\u00e4 kiillotussiveltimell\u00e4 tai kabuki-siveltimell\u00e4 parhaan tuloksen saavuttamiseksi. Ty\u00f6skentele tasaisella kerroksella siveltimen avulla.<\/p>\n","protected":false},"excerpt":{"rendered":"<p>Bare Minerals Foundation Medium perustuu vuoristomineraaleja, jotka antavat upean hehkun. Sopii kaikille ihotyypeille, sopii my\u00f6s herk\u00e4lle, reaktiiviselle iholle tai allergikoille. Ei sis\u00e4ll\u00e4 hajusteita tai kemiallisia ainesosia. Ihanteellinen arpien, ryppyjen tai ruskeiden pigmenttil\u00e4ikkien piilottamiseen. 100 % puhdas mikronisoitu mineraalikoostumus, jonka kermaviimeistely on helppo levitt\u00e4\u00e4. Meikkivoiteen suojakerroin on 15 ja se heijastaa UV-valoa ja toimii esteen\u00e4 aurinkoa, [&hellip;]<\/p>\n","protected":false},"featured_media":120789,"comment_status":"open","ping_status":"closed","template":"","meta":{"_trash_the_other_posts":false},"product_brand":[],"product_cat":[718,579],"product_tag":[2467],"berocket_brand":[1256],"class_list":{"0":"post-120795","1":"product","2":"type-product","3":"status-publish","4":"has-post-thumbnail","6":"product_cat-puuterimeikkivoide","7":"product_cat-saatio","8":"product_tag-bare-minerals-foundation-8g","9":"pa_brand-bareminerals","10":"pa_variantti-golden-beige","11":"berocket_brand-bareminerals","13":"first","14":"instock","15":"sale","16":"taxable","17":"shipping-taxable","18":"purchasable","19":"product-type-simple"},"_links":{"self":[{"href":"https:\/\/stylingagenten.com\/fi\/wp-json\/wp\/v2\/product\/120795","targetHints":{"allow":["GET"]}}],"collection":[{"href":"https:\/\/stylingagenten.com\/fi\/wp-json\/wp\/v2\/product"}],"about":[{"href":"https:\/\/stylingagenten.com\/fi\/wp-json\/wp\/v2\/types\/product"}],"replies":[{"embeddable":true,"href":"https:\/\/stylingagenten.com\/fi\/wp-json\/wp\/v2\/comments?post=120795"}],"version-history":[{"count":0,"href":"https:\/\/stylingagenten.com\/fi\/wp-json\/wp\/v2\/product\/120795\/revisions"}],"wp:featuredmedia":[{"embeddable":true,"href":"https:\/\/stylingagenten.com\/fi\/wp-json\/wp\/v2\/media\/120789"}],"wp:attachment":[{"href":"https:\/\/stylingagenten.com\/fi\/wp-json\/wp\/v2\/media?parent=120795"}],"wp:term":[{"taxonomy":"product_brand","embeddable":true,"href":"https:\/\/stylingagenten.com\/fi\/wp-json\/wp\/v2\/product_brand?post=120795"},{"taxonomy":"product_cat","embeddable":true,"href":"https:\/\/stylingagenten.com\/fi\/wp-json\/wp\/v2\/product_cat?post=120795"},{"taxonomy":"product_tag","embeddable":true,"href":"https:\/\/stylingagenten.com\/fi\/wp-json\/wp\/v2\/product_tag?post=120795"},{"taxonomy":"berocket_brand","embeddable":true,"href":"https:\/\/stylingagenten.com\/fi\/wp-json\/wp\/v2\/berocket_brand?post=120795"}],"curies":[{"name":"wp","href":"https:\/\/api.w.org\/{rel}","templated":true}]}}