{"id":120754,"date":"2025-05-18T21:37:32","date_gmt":"2025-05-18T21:37:32","guid":{"rendered":"https:\/\/staging2.stylingagenten.com\/fi\/produkt\/max-factor-panstik-013-nouveau-beige\/"},"modified":"2026-04-13T09:38:33","modified_gmt":"2026-04-13T09:38:33","slug":"max-factor-panstik-013-nouveau-beige","status":"publish","type":"product","link":"https:\/\/stylingagenten.com\/fi\/tuote\/max-factor-panstik-013-nouveau-beige\/","title":{"rendered":"Max Factor Panstik 013 Nouveau Beige"},"content":{"rendered":"<p>Max Factor Panstik on meikkivoide, joka peitt\u00e4\u00e4 maksimaalisen peitt\u00e4vyyden ja piilottaa ep\u00e4tasaisuudet, kuten pigmenttil\u00e4iskit. Lis\u00e4ksi hienoja juonteita ja ryppyj\u00e4 minimoidaan. Miellytt\u00e4v\u00e4 tarttuva applikaattori ja kermainen koostumus, joka antaa pehme\u00e4n lopputuloksen.<\/p>\n","protected":false},"excerpt":{"rendered":"<p>Max Factor Panstik on meikkivoide, joka peitt\u00e4\u00e4 maksimaalisen peitt\u00e4vyyden ja piilottaa ep\u00e4tasaisuudet, kuten pigmenttil\u00e4iskit. Lis\u00e4ksi hienoja juonteita ja ryppyj\u00e4 minimoidaan. Miellytt\u00e4v\u00e4 tarttuva applikaattori ja kermainen koostumus, joka antaa pehme\u00e4n lopputuloksen.<\/p>\n","protected":false},"featured_media":120747,"comment_status":"open","ping_status":"closed","template":"","meta":{"_trash_the_other_posts":false},"product_brand":[],"product_cat":[579],"product_tag":[3489],"berocket_brand":[1013],"class_list":{"0":"post-120754","1":"product","2":"type-product","3":"status-publish","4":"has-post-thumbnail","6":"product_cat-saatio","7":"product_tag-max-factor-panstik","8":"pa_brand-max-factor","9":"pa_variantti-013-nouveau-beige","10":"berocket_brand-max-factor","12":"first","13":"instock","14":"sale","15":"taxable","16":"shipping-taxable","17":"purchasable","18":"product-type-simple"},"_links":{"self":[{"href":"https:\/\/stylingagenten.com\/fi\/wp-json\/wp\/v2\/product\/120754","targetHints":{"allow":["GET"]}}],"collection":[{"href":"https:\/\/stylingagenten.com\/fi\/wp-json\/wp\/v2\/product"}],"about":[{"href":"https:\/\/stylingagenten.com\/fi\/wp-json\/wp\/v2\/types\/product"}],"replies":[{"embeddable":true,"href":"https:\/\/stylingagenten.com\/fi\/wp-json\/wp\/v2\/comments?post=120754"}],"version-history":[{"count":0,"href":"https:\/\/stylingagenten.com\/fi\/wp-json\/wp\/v2\/product\/120754\/revisions"}],"wp:featuredmedia":[{"embeddable":true,"href":"https:\/\/stylingagenten.com\/fi\/wp-json\/wp\/v2\/media\/120747"}],"wp:attachment":[{"href":"https:\/\/stylingagenten.com\/fi\/wp-json\/wp\/v2\/media?parent=120754"}],"wp:term":[{"taxonomy":"product_brand","embeddable":true,"href":"https:\/\/stylingagenten.com\/fi\/wp-json\/wp\/v2\/product_brand?post=120754"},{"taxonomy":"product_cat","embeddable":true,"href":"https:\/\/stylingagenten.com\/fi\/wp-json\/wp\/v2\/product_cat?post=120754"},{"taxonomy":"product_tag","embeddable":true,"href":"https:\/\/stylingagenten.com\/fi\/wp-json\/wp\/v2\/product_tag?post=120754"},{"taxonomy":"berocket_brand","embeddable":true,"href":"https:\/\/stylingagenten.com\/fi\/wp-json\/wp\/v2\/berocket_brand?post=120754"}],"curies":[{"name":"wp","href":"https:\/\/api.w.org\/{rel}","templated":true}]}}