{"id":120724,"date":"2025-05-18T21:37:27","date_gmt":"2025-05-18T21:37:27","guid":{"rendered":"https:\/\/staging2.stylingagenten.com\/fi\/produkt\/max-factor-facefinity-compact-foundation-02-ivory\/"},"modified":"2026-04-05T14:18:43","modified_gmt":"2026-04-05T14:18:43","slug":"max-factor-facefinity-compact-foundation-02-ivory","status":"publish","type":"product","link":"https:\/\/stylingagenten.com\/fi\/tuote\/max-factor-facefinity-compact-foundation-02-ivory\/","title":{"rendered":"Max Factor Facefinity Compact Foundation 02 Ivory"},"content":{"rendered":"<p>Max Factor Facefinity Compact Foundation kest\u00e4\u00e4 ota ottamisen j\u00e4lkeen. T\u00e4ydellisen jokap\u00e4iv\u00e4isen meikkivoiteen tulee olla helppok\u00e4ytt\u00f6inen, suojaavan ja kosteuttavan ihoa sek\u00e4 tarjota pitk\u00e4kestoinen ja t\u00e4ydellinen lopputulos. Kuulostaa hyv\u00e4lt\u00e4, mutta onko sit\u00e4 todella olemassa? Kyll\u00e4!<\/p>\n<p>Facefinityll\u00e4 saat kiinte\u00e4n meikkivoiteen hyv\u00e4n peitt\u00e4vyyden sek\u00e4 nestem\u00e4isen \u00f6ljytt\u00f6m\u00e4n ja hajusteettoman meikkivoiteen kosteuttavat ominaisuudet ja silkkisen lopputuloksen, joka peitt\u00e4\u00e4 koko p\u00e4iv\u00e4n!<\/p>\n<p><strong>Sis\u00e4lt\u00f6:<\/strong> 10 ml<\/p>\n","protected":false},"excerpt":{"rendered":"<p>Max Factor Facefinity Compact Foundation kest\u00e4\u00e4 ota ottamisen j\u00e4lkeen. T\u00e4ydellisen jokap\u00e4iv\u00e4isen meikkivoiteen tulee olla helppok\u00e4ytt\u00f6inen, suojaavan ja kosteuttavan ihoa sek\u00e4 tarjota pitk\u00e4kestoinen ja t\u00e4ydellinen lopputulos. Kuulostaa hyv\u00e4lt\u00e4, mutta onko sit\u00e4 todella olemassa? Kyll\u00e4! Facefinityll\u00e4 saat kiinte\u00e4n meikkivoiteen hyv\u00e4n peitt\u00e4vyyden sek\u00e4 nestem\u00e4isen \u00f6ljytt\u00f6m\u00e4n ja hajusteettoman meikkivoiteen kosteuttavat ominaisuudet ja silkkisen lopputuloksen, joka peitt\u00e4\u00e4 koko p\u00e4iv\u00e4n! Sis\u00e4lt\u00f6: [&hellip;]<\/p>\n","protected":false},"featured_media":120719,"comment_status":"open","ping_status":"closed","template":"","meta":{"_trash_the_other_posts":false},"product_brand":[],"product_cat":[718,579],"product_tag":[3477],"berocket_brand":[1013],"class_list":{"0":"post-120724","1":"product","2":"type-product","3":"status-publish","4":"has-post-thumbnail","6":"product_cat-puuterimeikkivoide","7":"product_cat-saatio","8":"product_tag-max-factor-facefinity-compact-foundation","9":"pa_brand-max-factor","10":"pa_variantti-02-ivory","11":"berocket_brand-max-factor","13":"first","14":"instock","15":"sale","16":"taxable","17":"shipping-taxable","18":"purchasable","19":"product-type-simple"},"_links":{"self":[{"href":"https:\/\/stylingagenten.com\/fi\/wp-json\/wp\/v2\/product\/120724","targetHints":{"allow":["GET"]}}],"collection":[{"href":"https:\/\/stylingagenten.com\/fi\/wp-json\/wp\/v2\/product"}],"about":[{"href":"https:\/\/stylingagenten.com\/fi\/wp-json\/wp\/v2\/types\/product"}],"replies":[{"embeddable":true,"href":"https:\/\/stylingagenten.com\/fi\/wp-json\/wp\/v2\/comments?post=120724"}],"version-history":[{"count":0,"href":"https:\/\/stylingagenten.com\/fi\/wp-json\/wp\/v2\/product\/120724\/revisions"}],"wp:featuredmedia":[{"embeddable":true,"href":"https:\/\/stylingagenten.com\/fi\/wp-json\/wp\/v2\/media\/120719"}],"wp:attachment":[{"href":"https:\/\/stylingagenten.com\/fi\/wp-json\/wp\/v2\/media?parent=120724"}],"wp:term":[{"taxonomy":"product_brand","embeddable":true,"href":"https:\/\/stylingagenten.com\/fi\/wp-json\/wp\/v2\/product_brand?post=120724"},{"taxonomy":"product_cat","embeddable":true,"href":"https:\/\/stylingagenten.com\/fi\/wp-json\/wp\/v2\/product_cat?post=120724"},{"taxonomy":"product_tag","embeddable":true,"href":"https:\/\/stylingagenten.com\/fi\/wp-json\/wp\/v2\/product_tag?post=120724"},{"taxonomy":"berocket_brand","embeddable":true,"href":"https:\/\/stylingagenten.com\/fi\/wp-json\/wp\/v2\/berocket_brand?post=120724"}],"curies":[{"name":"wp","href":"https:\/\/api.w.org\/{rel}","templated":true}]}}