{"id":120646,"date":"2025-05-18T21:37:17","date_gmt":"2025-05-18T21:37:17","guid":{"rendered":"https:\/\/staging2.stylingagenten.com\/fi\/produkt\/max-factor-facefinity-3-in-1-foundation-80-bronze\/"},"modified":"2026-04-12T09:58:36","modified_gmt":"2026-04-12T09:58:36","slug":"max-factor-facefinity-3-in-1-foundation-80-bronze","status":"publish","type":"product","link":"https:\/\/stylingagenten.com\/fi\/tuote\/max-factor-facefinity-3-in-1-foundation-80-bronze\/","title":{"rendered":"Max Factor Facefinity 3 In 1 Foundation 80 Bronze"},"content":{"rendered":"<p>Max Factor Facefinity 3 In 1 Foundation on kolme yhdess\u00e4 meikkivoide, joka antaa sinulle primerin, peitevoidetta ja meikkivoidetta yhdess\u00e4 ja samassa tuotteessa! Saat nopeasti ja helposti hyv\u00e4n meikkivoiteen, t\u00e4ydellisen peitt\u00e4vyyden sek\u00e4 tasaisen ja mattapintaisen pinnan, joka kest\u00e4\u00e4 koko p\u00e4iv\u00e4n.<\/p>\n<p>Primer-toiminto perustuu; Patentoitu Flexihold-teknologia, joka tekee ihosta elastisen ja antaa kevyen kuorivan vaikutuksen niin, ett\u00e4 bronzer, poskipuna tai highlighter antaa tasaisen ja sile\u00e4n lopputuloksen. Max Factor Facefinity 3 In 1 -meikkivoide loihtii pois tummat silm\u00e4nalusit ja antaa luonnollisen mattapintaisen pinnan samalla, kun se tarjoaa kevyen SPF 20 -suojan.<\/p>\n<p><strong>Sis\u00e4lt\u00f6:<\/strong> 30 ml<\/p>\n","protected":false},"excerpt":{"rendered":"<p>Max Factor Facefinity 3 In 1 Foundation on kolme yhdess\u00e4 meikkivoide, joka antaa sinulle primerin, peitevoidetta ja meikkivoidetta yhdess\u00e4 ja samassa tuotteessa! Saat nopeasti ja helposti hyv\u00e4n meikkivoiteen, t\u00e4ydellisen peitt\u00e4vyyden sek\u00e4 tasaisen ja mattapintaisen pinnan, joka kest\u00e4\u00e4 koko p\u00e4iv\u00e4n. Primer-toiminto perustuu; Patentoitu Flexihold-teknologia, joka tekee ihosta elastisen ja antaa kevyen kuorivan vaikutuksen niin, ett\u00e4 bronzer, [&hellip;]<\/p>\n","protected":false},"featured_media":120638,"comment_status":"open","ping_status":"closed","template":"","meta":{"_trash_the_other_posts":false},"product_brand":[],"product_cat":[579],"product_tag":[3475],"berocket_brand":[1013],"class_list":{"0":"post-120646","1":"product","2":"type-product","3":"status-publish","4":"has-post-thumbnail","6":"product_cat-saatio","7":"product_tag-max-factor-facefinity-3-in-1-foundation","8":"pa_brand-max-factor","9":"pa_variantti-80-bronze","10":"berocket_brand-max-factor","12":"first","13":"instock","14":"sale","15":"taxable","16":"shipping-taxable","17":"purchasable","18":"product-type-simple"},"_links":{"self":[{"href":"https:\/\/stylingagenten.com\/fi\/wp-json\/wp\/v2\/product\/120646","targetHints":{"allow":["GET"]}}],"collection":[{"href":"https:\/\/stylingagenten.com\/fi\/wp-json\/wp\/v2\/product"}],"about":[{"href":"https:\/\/stylingagenten.com\/fi\/wp-json\/wp\/v2\/types\/product"}],"replies":[{"embeddable":true,"href":"https:\/\/stylingagenten.com\/fi\/wp-json\/wp\/v2\/comments?post=120646"}],"version-history":[{"count":0,"href":"https:\/\/stylingagenten.com\/fi\/wp-json\/wp\/v2\/product\/120646\/revisions"}],"wp:featuredmedia":[{"embeddable":true,"href":"https:\/\/stylingagenten.com\/fi\/wp-json\/wp\/v2\/media\/120638"}],"wp:attachment":[{"href":"https:\/\/stylingagenten.com\/fi\/wp-json\/wp\/v2\/media?parent=120646"}],"wp:term":[{"taxonomy":"product_brand","embeddable":true,"href":"https:\/\/stylingagenten.com\/fi\/wp-json\/wp\/v2\/product_brand?post=120646"},{"taxonomy":"product_cat","embeddable":true,"href":"https:\/\/stylingagenten.com\/fi\/wp-json\/wp\/v2\/product_cat?post=120646"},{"taxonomy":"product_tag","embeddable":true,"href":"https:\/\/stylingagenten.com\/fi\/wp-json\/wp\/v2\/product_tag?post=120646"},{"taxonomy":"berocket_brand","embeddable":true,"href":"https:\/\/stylingagenten.com\/fi\/wp-json\/wp\/v2\/berocket_brand?post=120646"}],"curies":[{"name":"wp","href":"https:\/\/api.w.org\/{rel}","templated":true}]}}