{"id":120634,"date":"2025-05-18T21:37:14","date_gmt":"2025-05-18T21:37:14","guid":{"rendered":"https:\/\/staging2.stylingagenten.com\/fi\/produkt\/loreal-true-match-foundation-3n-creamy-beige-30ml\/"},"modified":"2026-03-20T09:57:43","modified_gmt":"2026-03-20T09:57:43","slug":"loreal-true-match-foundation-3n-creamy-beige-30ml","status":"publish","type":"product","link":"https:\/\/stylingagenten.com\/fi\/tuote\/loreal-true-match-foundation-3n-creamy-beige-30ml\/","title":{"rendered":"L&#8217;Oreal True Match Foundation 3N Creamy Beige 30ml"},"content":{"rendered":"<p>L&#8217;Or\u00e9al True Match Foundation tarjoaa luonnollisen ja peitt\u00e4v\u00e4n tuloksen, joka sulautuu ihoon. T\u00e4m\u00e4 meikkivoide sopii kaikille ihotyypeille, mutta erityisesti kuivaihoisille. Sis\u00e4lt\u00e4\u00e4 E-vitamiinia ja glyserolia, joka on eritt\u00e4in kosteuttava ja tekee ihosta miellytt\u00e4v\u00e4n pehme\u00e4n koko p\u00e4iv\u00e4n.<\/p>\n","protected":false},"excerpt":{"rendered":"<p>L&#8217;Or\u00e9al True Match Foundation tarjoaa luonnollisen ja peitt\u00e4v\u00e4n tuloksen, joka sulautuu ihoon. T\u00e4m\u00e4 meikkivoide sopii kaikille ihotyypeille, mutta erityisesti kuivaihoisille. Sis\u00e4lt\u00e4\u00e4 E-vitamiinia ja glyserolia, joka on eritt\u00e4in kosteuttava ja tekee ihosta miellytt\u00e4v\u00e4n pehme\u00e4n koko p\u00e4iv\u00e4n.<\/p>\n","protected":false},"featured_media":120633,"comment_status":"open","ping_status":"closed","template":"","meta":{"_trash_the_other_posts":false},"product_brand":[],"product_cat":[579],"product_tag":[3253],"berocket_brand":[2000],"class_list":{"0":"post-120634","1":"product","2":"type-product","3":"status-publish","4":"has-post-thumbnail","6":"product_cat-saatio","7":"product_tag-loreal-true-match-foundation-30ml","8":"pa_brand-loreal-paris-2","9":"pa_variantti-3n-creamy-beige","10":"berocket_brand-loreal-paris","12":"first","13":"instock","14":"sale","15":"taxable","16":"shipping-taxable","17":"purchasable","18":"product-type-simple"},"_links":{"self":[{"href":"https:\/\/stylingagenten.com\/fi\/wp-json\/wp\/v2\/product\/120634","targetHints":{"allow":["GET"]}}],"collection":[{"href":"https:\/\/stylingagenten.com\/fi\/wp-json\/wp\/v2\/product"}],"about":[{"href":"https:\/\/stylingagenten.com\/fi\/wp-json\/wp\/v2\/types\/product"}],"replies":[{"embeddable":true,"href":"https:\/\/stylingagenten.com\/fi\/wp-json\/wp\/v2\/comments?post=120634"}],"version-history":[{"count":0,"href":"https:\/\/stylingagenten.com\/fi\/wp-json\/wp\/v2\/product\/120634\/revisions"}],"wp:featuredmedia":[{"embeddable":true,"href":"https:\/\/stylingagenten.com\/fi\/wp-json\/wp\/v2\/media\/120633"}],"wp:attachment":[{"href":"https:\/\/stylingagenten.com\/fi\/wp-json\/wp\/v2\/media?parent=120634"}],"wp:term":[{"taxonomy":"product_brand","embeddable":true,"href":"https:\/\/stylingagenten.com\/fi\/wp-json\/wp\/v2\/product_brand?post=120634"},{"taxonomy":"product_cat","embeddable":true,"href":"https:\/\/stylingagenten.com\/fi\/wp-json\/wp\/v2\/product_cat?post=120634"},{"taxonomy":"product_tag","embeddable":true,"href":"https:\/\/stylingagenten.com\/fi\/wp-json\/wp\/v2\/product_tag?post=120634"},{"taxonomy":"berocket_brand","embeddable":true,"href":"https:\/\/stylingagenten.com\/fi\/wp-json\/wp\/v2\/berocket_brand?post=120634"}],"curies":[{"name":"wp","href":"https:\/\/api.w.org\/{rel}","templated":true}]}}