{"id":120581,"date":"2025-05-18T21:37:05","date_gmt":"2025-05-18T21:37:05","guid":{"rendered":"https:\/\/staging2.stylingagenten.com\/fi\/produkt\/kokie-pressed-powder-foundation-20w\/"},"modified":"2025-11-19T11:51:49","modified_gmt":"2025-11-19T11:51:49","slug":"kokie-pressed-powder-foundation-20w","status":"publish","type":"product","link":"https:\/\/stylingagenten.com\/fi\/tuote\/kokie-pressed-powder-foundation-20w\/","title":{"rendered":"Kokie Pressed Powder Foundation &#8211; 20W"},"content":{"rendered":"<p>Hankinta; s\u00e4teilev\u00e4, upea iho t\u00e4ll\u00e4 Kokie Cosmeticsin pehme\u00e4ll\u00e4 ja mattapintaisella puuterimeikkivoiteella.<\/p>\n<p>T\u00e4m\u00e4 kevyt puuterimeikkivoide tarjoaa silkkisen lopputuloksen, joka voidaan rakentaa keskipeittyksest\u00e4 t\u00e4ydelliseen peitt\u00e4vyyteen. Silottava vaikutus v\u00e4hent\u00e4\u00e4 hienojen juonteiden n\u00e4kyvyytt\u00e4. T\u00e4ydellinen ja joustava kotelo korjauksiin koko p\u00e4iv\u00e4n ajan. Saatavana useissa s\u00e4vyiss\u00e4 erilaisilla pohjas\u00e4vyill\u00e4.<\/p>\n<p>-Silkkinen rakenne<\/p>\n<p>-Pehme\u00e4 mattapintainen viimeistely<\/p>\n<p>-Smoottava vaikutus<\/p>\n","protected":false},"excerpt":{"rendered":"<p>Hankinta; s\u00e4teilev\u00e4, upea iho t\u00e4ll\u00e4 Kokie Cosmeticsin pehme\u00e4ll\u00e4 ja mattapintaisella puuterimeikkivoiteella. T\u00e4m\u00e4 kevyt puuterimeikkivoide tarjoaa silkkisen lopputuloksen, joka voidaan rakentaa keskipeittyksest\u00e4 t\u00e4ydelliseen peitt\u00e4vyyteen. Silottava vaikutus v\u00e4hent\u00e4\u00e4 hienojen juonteiden n\u00e4kyvyytt\u00e4. T\u00e4ydellinen ja joustava kotelo korjauksiin koko p\u00e4iv\u00e4n ajan. Saatavana useissa s\u00e4vyiss\u00e4 erilaisilla pohjas\u00e4vyill\u00e4. -Silkkinen rakenne -Pehme\u00e4 mattapintainen viimeistely -Smoottava vaikutus<\/p>\n","protected":false},"featured_media":120580,"comment_status":"open","ping_status":"closed","template":"","meta":{"_trash_the_other_posts":false},"product_brand":[],"product_cat":[718,579],"product_tag":[3161],"berocket_brand":[1198],"class_list":{"0":"post-120581","1":"product","2":"type-product","3":"status-publish","4":"has-post-thumbnail","6":"product_cat-puuterimeikkivoide","7":"product_cat-saatio","8":"product_tag-kokie-pressed-powder-foundation","9":"pa_brand-kokie-cosmetics","10":"pa_variantti-20w","11":"berocket_brand-kokie-cosmetics","13":"first","14":"instock","15":"sale","16":"taxable","17":"shipping-taxable","18":"purchasable","19":"product-type-simple"},"_links":{"self":[{"href":"https:\/\/stylingagenten.com\/fi\/wp-json\/wp\/v2\/product\/120581","targetHints":{"allow":["GET"]}}],"collection":[{"href":"https:\/\/stylingagenten.com\/fi\/wp-json\/wp\/v2\/product"}],"about":[{"href":"https:\/\/stylingagenten.com\/fi\/wp-json\/wp\/v2\/types\/product"}],"replies":[{"embeddable":true,"href":"https:\/\/stylingagenten.com\/fi\/wp-json\/wp\/v2\/comments?post=120581"}],"version-history":[{"count":0,"href":"https:\/\/stylingagenten.com\/fi\/wp-json\/wp\/v2\/product\/120581\/revisions"}],"wp:featuredmedia":[{"embeddable":true,"href":"https:\/\/stylingagenten.com\/fi\/wp-json\/wp\/v2\/media\/120580"}],"wp:attachment":[{"href":"https:\/\/stylingagenten.com\/fi\/wp-json\/wp\/v2\/media?parent=120581"}],"wp:term":[{"taxonomy":"product_brand","embeddable":true,"href":"https:\/\/stylingagenten.com\/fi\/wp-json\/wp\/v2\/product_brand?post=120581"},{"taxonomy":"product_cat","embeddable":true,"href":"https:\/\/stylingagenten.com\/fi\/wp-json\/wp\/v2\/product_cat?post=120581"},{"taxonomy":"product_tag","embeddable":true,"href":"https:\/\/stylingagenten.com\/fi\/wp-json\/wp\/v2\/product_tag?post=120581"},{"taxonomy":"berocket_brand","embeddable":true,"href":"https:\/\/stylingagenten.com\/fi\/wp-json\/wp\/v2\/berocket_brand?post=120581"}],"curies":[{"name":"wp","href":"https:\/\/api.w.org\/{rel}","templated":true}]}}