{"id":120406,"date":"2025-05-18T21:36:35","date_gmt":"2025-05-18T21:36:35","guid":{"rendered":"https:\/\/staging2.stylingagenten.com\/fi\/produkt\/shiseido-synchro-skin-self-refreshing-custom-finish-powder-foundation-110-alabaster-9g\/"},"modified":"2025-12-21T19:57:51","modified_gmt":"2025-12-21T19:57:51","slug":"shiseido-synchro-skin-self-refreshing-custom-finish-powder-foundation-110-alabaster-9g","status":"publish","type":"product","link":"https:\/\/stylingagenten.com\/fi\/tuote\/shiseido-synchro-skin-self-refreshing-custom-finish-powder-foundation-110-alabaster-9g\/","title":{"rendered":"Shiseido Synchro Skin Self Refreshing Custom Finish Powder Foundation &#8211; 110 Alabaster 9g"},"content":{"rendered":"<p>Synchro Skin Self-Refreshing Custom Finish Powder Foundation on kermainen puuterimeikkivoide, jota voit levitt\u00e4\u00e4 m\u00e4rk\u00e4n\u00e4 tai kuivana saadaksesi mukautetun, luonnollisen lopputuloksen, joka kest\u00e4\u00e4 jopa 24 tuntia. ActiveForce TM -teknologian ansiosta t\u00e4m\u00e4 meikkivoide synkronoituu ihosi kanssa ja auttaa vastustamaan l\u00e4mp\u00f6\u00e4, kosteutta ja liikett\u00e4. Synchro Skin Self-refreshing Custom Finish Powder kosteuttaa ihoa koko p\u00e4iv\u00e4n, on painoton ja antaa luonnollisen lopputuloksen. Sopii kaikille ihotyypeille.<\/p>\n","protected":false},"excerpt":{"rendered":"<p>Synchro Skin Self-Refreshing Custom Finish Powder Foundation on kermainen puuterimeikkivoide, jota voit levitt\u00e4\u00e4 m\u00e4rk\u00e4n\u00e4 tai kuivana saadaksesi mukautetun, luonnollisen lopputuloksen, joka kest\u00e4\u00e4 jopa 24 tuntia. ActiveForce TM -teknologian ansiosta t\u00e4m\u00e4 meikkivoide synkronoituu ihosi kanssa ja auttaa vastustamaan l\u00e4mp\u00f6\u00e4, kosteutta ja liikett\u00e4. Synchro Skin Self-refreshing Custom Finish Powder kosteuttaa ihoa koko p\u00e4iv\u00e4n, on painoton ja antaa [&hellip;]<\/p>\n","protected":false},"featured_media":120400,"comment_status":"open","ping_status":"closed","template":"","meta":{"_trash_the_other_posts":false},"product_brand":[],"product_cat":[1005,718],"product_tag":[3995],"berocket_brand":[1193],"class_list":{"0":"post-120406","1":"product","2":"type-product","3":"status-publish","4":"has-post-thumbnail","6":"product_cat-outlet","7":"product_cat-puuterimeikkivoide","8":"product_tag-shiseido-synchro-skin-self-refreshing-custom-finish-powder-foundation-9g","9":"pa_brand-shiseido","10":"pa_variantti-110-alabaster","11":"berocket_brand-shiseido","13":"first","14":"instock","15":"sale","16":"taxable","17":"shipping-taxable","18":"purchasable","19":"product-type-simple"},"_links":{"self":[{"href":"https:\/\/stylingagenten.com\/fi\/wp-json\/wp\/v2\/product\/120406","targetHints":{"allow":["GET"]}}],"collection":[{"href":"https:\/\/stylingagenten.com\/fi\/wp-json\/wp\/v2\/product"}],"about":[{"href":"https:\/\/stylingagenten.com\/fi\/wp-json\/wp\/v2\/types\/product"}],"replies":[{"embeddable":true,"href":"https:\/\/stylingagenten.com\/fi\/wp-json\/wp\/v2\/comments?post=120406"}],"version-history":[{"count":0,"href":"https:\/\/stylingagenten.com\/fi\/wp-json\/wp\/v2\/product\/120406\/revisions"}],"wp:featuredmedia":[{"embeddable":true,"href":"https:\/\/stylingagenten.com\/fi\/wp-json\/wp\/v2\/media\/120400"}],"wp:attachment":[{"href":"https:\/\/stylingagenten.com\/fi\/wp-json\/wp\/v2\/media?parent=120406"}],"wp:term":[{"taxonomy":"product_brand","embeddable":true,"href":"https:\/\/stylingagenten.com\/fi\/wp-json\/wp\/v2\/product_brand?post=120406"},{"taxonomy":"product_cat","embeddable":true,"href":"https:\/\/stylingagenten.com\/fi\/wp-json\/wp\/v2\/product_cat?post=120406"},{"taxonomy":"product_tag","embeddable":true,"href":"https:\/\/stylingagenten.com\/fi\/wp-json\/wp\/v2\/product_tag?post=120406"},{"taxonomy":"berocket_brand","embeddable":true,"href":"https:\/\/stylingagenten.com\/fi\/wp-json\/wp\/v2\/berocket_brand?post=120406"}],"curies":[{"name":"wp","href":"https:\/\/api.w.org\/{rel}","templated":true}]}}