{"id":120240,"date":"2025-05-18T21:35:59","date_gmt":"2025-05-18T21:35:59","guid":{"rendered":"https:\/\/staging2.stylingagenten.com\/fi\/produkt\/max-factor-miracle-pure-skin-improving-foundation-76-warm-golden-30ml\/"},"modified":"2025-11-19T12:19:13","modified_gmt":"2025-11-19T12:19:13","slug":"max-factor-miracle-pure-skin-improving-foundation-76-warm-golden-30ml","status":"publish","type":"product","link":"https:\/\/stylingagenten.com\/fi\/tuote\/max-factor-miracle-pure-skin-improving-foundation-76-warm-golden-30ml\/","title":{"rendered":"Max Factor Miracle Pure Skin-Improving Foundation 76 Warm Golden 30ml"},"content":{"rendered":"<p>Max Factor esittelee uusimman ihmeens\u00e4 &#8211; Miracle Pure Skin-Improving Foundationin. Max Factorin luoma meikkivoide, joka on saanut inspiraationsa ihon- ja kasvohoidosta. Hyaluronihapolla rikastettu meikki, jossa ihonhoito ja kosmetiikka yhdistyv\u00e4t meikkivoiteena. Kliinisesti todistettu hoitavan ihoa k\u00e4yt\u00f6n aikana ja vain minuutissa ja yhdell\u00e4 pisaralla se ei ainoastaan \u200b\u200banna iholle kauniin t\u00e4ytel\u00e4isyytt\u00e4, vaan my\u00f6s viisi muuta etua: paremman hohteen, kiinteyden, kimmoisuuden, tiheyden ja joustavuuden.&lt;br <br \/>Se sis\u00e4lt\u00e4\u00e4 huikeat 89 % ihoa hoitavia ainesosia, mukaan lukien kollageenia lis\u00e4\u00e4v\u00e4n kompleksin, C-vitamiinin ja hyaluronihapon, ja kosteuttaa jopa 24 tuntia. T\u00e4ydellinen sinulle, jolla on hieman kuivempi iho. Kaikkea s\u00e4teilev\u00e4\u00e4n pohjameikkiin ja pit\u00e4\u00e4 ihosi hyv\u00e4n\u00e4.<\/p>\n<p>&#8211; Keskipitk\u00e4 koottava peitto<br \/>&#8211; SPF 30PA+++ UVA\/UVB<br \/>&#8211; Dermatologisesti testattu<br \/>&#8211; Sopii kaikille, erityisesti sinulle, joka etsii meikkivoidetta ja ihonhoitoa yhdess\u00e4<\/p>\n","protected":false},"excerpt":{"rendered":"<p>Max Factor esittelee uusimman ihmeens\u00e4 &#8211; Miracle Pure Skin-Improving Foundationin. Max Factorin luoma meikkivoide, joka on saanut inspiraationsa ihon- ja kasvohoidosta. Hyaluronihapolla rikastettu meikki, jossa ihonhoito ja kosmetiikka yhdistyv\u00e4t meikkivoiteena. Kliinisesti todistettu hoitavan ihoa k\u00e4yt\u00f6n aikana ja vain minuutissa ja yhdell\u00e4 pisaralla se ei ainoastaan \u200b\u200banna iholle kauniin t\u00e4ytel\u00e4isyytt\u00e4, vaan my\u00f6s viisi muuta etua: paremman [&hellip;]<\/p>\n","protected":false},"featured_media":120228,"comment_status":"open","ping_status":"closed","template":"","meta":{"_trash_the_other_posts":false},"product_brand":[],"product_cat":[579],"product_tag":[3485],"berocket_brand":[1013],"class_list":{"0":"post-120240","1":"product","2":"type-product","3":"status-publish","4":"has-post-thumbnail","6":"product_cat-saatio","7":"product_tag-max-factor-miracle-pure-skin-improving-foundation-30ml","8":"pa_brand-max-factor","9":"pa_variantti-76-warm-golden","10":"berocket_brand-max-factor","12":"first","13":"instock","14":"sale","15":"taxable","16":"shipping-taxable","17":"purchasable","18":"product-type-simple"},"_links":{"self":[{"href":"https:\/\/stylingagenten.com\/fi\/wp-json\/wp\/v2\/product\/120240","targetHints":{"allow":["GET"]}}],"collection":[{"href":"https:\/\/stylingagenten.com\/fi\/wp-json\/wp\/v2\/product"}],"about":[{"href":"https:\/\/stylingagenten.com\/fi\/wp-json\/wp\/v2\/types\/product"}],"replies":[{"embeddable":true,"href":"https:\/\/stylingagenten.com\/fi\/wp-json\/wp\/v2\/comments?post=120240"}],"version-history":[{"count":0,"href":"https:\/\/stylingagenten.com\/fi\/wp-json\/wp\/v2\/product\/120240\/revisions"}],"wp:featuredmedia":[{"embeddable":true,"href":"https:\/\/stylingagenten.com\/fi\/wp-json\/wp\/v2\/media\/120228"}],"wp:attachment":[{"href":"https:\/\/stylingagenten.com\/fi\/wp-json\/wp\/v2\/media?parent=120240"}],"wp:term":[{"taxonomy":"product_brand","embeddable":true,"href":"https:\/\/stylingagenten.com\/fi\/wp-json\/wp\/v2\/product_brand?post=120240"},{"taxonomy":"product_cat","embeddable":true,"href":"https:\/\/stylingagenten.com\/fi\/wp-json\/wp\/v2\/product_cat?post=120240"},{"taxonomy":"product_tag","embeddable":true,"href":"https:\/\/stylingagenten.com\/fi\/wp-json\/wp\/v2\/product_tag?post=120240"},{"taxonomy":"berocket_brand","embeddable":true,"href":"https:\/\/stylingagenten.com\/fi\/wp-json\/wp\/v2\/berocket_brand?post=120240"}],"curies":[{"name":"wp","href":"https:\/\/api.w.org\/{rel}","templated":true}]}}