{"id":120223,"date":"2025-05-18T21:35:56","date_gmt":"2025-05-18T21:35:56","guid":{"rendered":"https:\/\/staging2.stylingagenten.com\/fi\/produkt\/maybelline-fit-me-matte-poreless-foundation-124-soft-sand\/"},"modified":"2026-03-31T15:39:07","modified_gmt":"2026-03-31T15:39:07","slug":"maybelline-fit-me-matte-poreless-foundation-124-soft-sand","status":"publish","type":"product","link":"https:\/\/stylingagenten.com\/fi\/tuote\/maybelline-fit-me-matte-poreless-foundation-124-soft-sand\/","title":{"rendered":"Maybelline Fit Me Matte + Poreless Foundation &#8211; 124 Soft Sand"},"content":{"rendered":"<p>Maybelline Fit Me Matte + Poreless Foundation &#8211; 124 Soft Sand antaa mattapintaisen lopputuloksen ja v\u00e4hent\u00e4\u00e4 huokosten n\u00e4kyvyytt\u00e4.<br \/>Kaava on \u00f6ljyt\u00f6n ja siin\u00e4 on l\u00e4pin\u00e4kyv\u00e4 pohjustuspohja, joka antaa luonnollisen peitt\u00e4vyyden ja antaa ihon s\u00e4vyn loistaa l\u00e4pi.<br \/>Levit\u00e4 tasaisesti koko kasvoille sormenp\u00e4ill\u00e4 tai meikkisiveltimen tai sienen avulla. Sopii erityisesti normaalille ja rasvaiselle iholle.<\/p>\n","protected":false},"excerpt":{"rendered":"<p>Maybelline Fit Me Matte + Poreless Foundation &#8211; 124 Soft Sand antaa mattapintaisen lopputuloksen ja v\u00e4hent\u00e4\u00e4 huokosten n\u00e4kyvyytt\u00e4.Kaava on \u00f6ljyt\u00f6n ja siin\u00e4 on l\u00e4pin\u00e4kyv\u00e4 pohjustuspohja, joka antaa luonnollisen peitt\u00e4vyyden ja antaa ihon s\u00e4vyn loistaa l\u00e4pi.Levit\u00e4 tasaisesti koko kasvoille sormenp\u00e4ill\u00e4 tai meikkisiveltimen tai sienen avulla. Sopii erityisesti normaalille ja rasvaiselle iholle.<\/p>\n","protected":false},"featured_media":120217,"comment_status":"open","ping_status":"closed","template":"","meta":{"_trash_the_other_posts":false},"product_brand":[],"product_cat":[579],"product_tag":[3504],"berocket_brand":[1016],"class_list":{"0":"post-120223","1":"product","2":"type-product","3":"status-publish","4":"has-post-thumbnail","6":"product_cat-saatio","7":"product_tag-maybelline-fit-me-matte-poreless-foundation","8":"pa_brand-maybelline","9":"pa_variantti-124-soft-sand","10":"berocket_brand-maybelline","12":"first","13":"outofstock","14":"sale","15":"taxable","16":"shipping-taxable","17":"purchasable","18":"product-type-simple"},"_links":{"self":[{"href":"https:\/\/stylingagenten.com\/fi\/wp-json\/wp\/v2\/product\/120223","targetHints":{"allow":["GET"]}}],"collection":[{"href":"https:\/\/stylingagenten.com\/fi\/wp-json\/wp\/v2\/product"}],"about":[{"href":"https:\/\/stylingagenten.com\/fi\/wp-json\/wp\/v2\/types\/product"}],"replies":[{"embeddable":true,"href":"https:\/\/stylingagenten.com\/fi\/wp-json\/wp\/v2\/comments?post=120223"}],"version-history":[{"count":0,"href":"https:\/\/stylingagenten.com\/fi\/wp-json\/wp\/v2\/product\/120223\/revisions"}],"wp:featuredmedia":[{"embeddable":true,"href":"https:\/\/stylingagenten.com\/fi\/wp-json\/wp\/v2\/media\/120217"}],"wp:attachment":[{"href":"https:\/\/stylingagenten.com\/fi\/wp-json\/wp\/v2\/media?parent=120223"}],"wp:term":[{"taxonomy":"product_brand","embeddable":true,"href":"https:\/\/stylingagenten.com\/fi\/wp-json\/wp\/v2\/product_brand?post=120223"},{"taxonomy":"product_cat","embeddable":true,"href":"https:\/\/stylingagenten.com\/fi\/wp-json\/wp\/v2\/product_cat?post=120223"},{"taxonomy":"product_tag","embeddable":true,"href":"https:\/\/stylingagenten.com\/fi\/wp-json\/wp\/v2\/product_tag?post=120223"},{"taxonomy":"berocket_brand","embeddable":true,"href":"https:\/\/stylingagenten.com\/fi\/wp-json\/wp\/v2\/berocket_brand?post=120223"}],"curies":[{"name":"wp","href":"https:\/\/api.w.org\/{rel}","templated":true}]}}