{"id":120212,"date":"2025-05-18T21:35:53","date_gmt":"2025-05-18T21:35:53","guid":{"rendered":"https:\/\/staging2.stylingagenten.com\/fi\/produkt\/artdeco-mineral-powder-foundation-2-natural-beige-15g\/"},"modified":"2026-03-27T08:48:38","modified_gmt":"2026-03-27T08:48:38","slug":"artdeco-mineral-powder-foundation-2-natural-beige-15g","status":"publish","type":"product","link":"https:\/\/stylingagenten.com\/fi\/tuote\/artdeco-mineral-powder-foundation-2-natural-beige-15g\/","title":{"rendered":"Artdeco Mineral Powder Foundation 2 Natural Beige 15g"},"content":{"rendered":"<p>Artdeco Mineral Powder Foundation 2 Natural Beige 15g luo samettisen ja luonnollisen lopputuloksen uskomattomalla peitt\u00e4vyydell\u00e4, joka tasoittaa ihoa. Sis\u00e4lt\u00e4\u00e4 korkealaatuisia mineraaleja, kuten sinkki\u00e4 ja magnesiumia, ja sopii kaikille ihotyypeille &#8211; herk\u00e4st\u00e4 rasvaiseen. Suojaa my\u00f6s UVA- ja UVB-s\u00e4teilt\u00e4 titaanidioksidin ja sinkkioksidin ansiosta.<\/p>\n<p>\u2022 Mineraalimeikkivoide samettisen sile\u00e4ll\u00e4 ja luonnollisella viimeistelyll\u00e4<br \/>\u2022 Korkea peittoaste<br \/>\u2022 Sopii kaikille ihotyypeille<br \/> \u2022 Suojaa UVA- ja UVB-s\u00e4teilt\u00e4<\/p>\n","protected":false},"excerpt":{"rendered":"<p>Artdeco Mineral Powder Foundation 2 Natural Beige 15g luo samettisen ja luonnollisen lopputuloksen uskomattomalla peitt\u00e4vyydell\u00e4, joka tasoittaa ihoa. Sis\u00e4lt\u00e4\u00e4 korkealaatuisia mineraaleja, kuten sinkki\u00e4 ja magnesiumia, ja sopii kaikille ihotyypeille &#8211; herk\u00e4st\u00e4 rasvaiseen. Suojaa my\u00f6s UVA- ja UVB-s\u00e4teilt\u00e4 titaanidioksidin ja sinkkioksidin ansiosta. \u2022 Mineraalimeikkivoide samettisen sile\u00e4ll\u00e4 ja luonnollisella viimeistelyll\u00e4\u2022 Korkea peittoaste\u2022 Sopii kaikille ihotyypeille \u2022 Suojaa [&hellip;]<\/p>\n","protected":false},"featured_media":120209,"comment_status":"open","ping_status":"closed","template":"","meta":{"_trash_the_other_posts":false},"product_brand":[],"product_cat":[718],"product_tag":[2441],"berocket_brand":[1385],"class_list":{"0":"post-120212","1":"product","2":"type-product","3":"status-publish","4":"has-post-thumbnail","6":"product_cat-puuterimeikkivoide","7":"product_tag-artdeco-mineral-powder-foundation-15g","8":"pa_brand-artdeco","9":"pa_variantti-2-natural-beige","10":"berocket_brand-artdeco","12":"first","13":"instock","14":"sale","15":"taxable","16":"shipping-taxable","17":"purchasable","18":"product-type-simple"},"_links":{"self":[{"href":"https:\/\/stylingagenten.com\/fi\/wp-json\/wp\/v2\/product\/120212","targetHints":{"allow":["GET"]}}],"collection":[{"href":"https:\/\/stylingagenten.com\/fi\/wp-json\/wp\/v2\/product"}],"about":[{"href":"https:\/\/stylingagenten.com\/fi\/wp-json\/wp\/v2\/types\/product"}],"replies":[{"embeddable":true,"href":"https:\/\/stylingagenten.com\/fi\/wp-json\/wp\/v2\/comments?post=120212"}],"version-history":[{"count":0,"href":"https:\/\/stylingagenten.com\/fi\/wp-json\/wp\/v2\/product\/120212\/revisions"}],"wp:featuredmedia":[{"embeddable":true,"href":"https:\/\/stylingagenten.com\/fi\/wp-json\/wp\/v2\/media\/120209"}],"wp:attachment":[{"href":"https:\/\/stylingagenten.com\/fi\/wp-json\/wp\/v2\/media?parent=120212"}],"wp:term":[{"taxonomy":"product_brand","embeddable":true,"href":"https:\/\/stylingagenten.com\/fi\/wp-json\/wp\/v2\/product_brand?post=120212"},{"taxonomy":"product_cat","embeddable":true,"href":"https:\/\/stylingagenten.com\/fi\/wp-json\/wp\/v2\/product_cat?post=120212"},{"taxonomy":"product_tag","embeddable":true,"href":"https:\/\/stylingagenten.com\/fi\/wp-json\/wp\/v2\/product_tag?post=120212"},{"taxonomy":"berocket_brand","embeddable":true,"href":"https:\/\/stylingagenten.com\/fi\/wp-json\/wp\/v2\/berocket_brand?post=120212"}],"curies":[{"name":"wp","href":"https:\/\/api.w.org\/{rel}","templated":true}]}}