{"id":120179,"date":"2025-05-18T21:35:43","date_gmt":"2025-05-18T21:35:43","guid":{"rendered":"https:\/\/staging2.stylingagenten.com\/fi\/produkt\/nyx-prof-makeup-bare-with-me-blur-tint-foundation-30ml-07-golden\/"},"modified":"2025-12-10T09:17:38","modified_gmt":"2025-12-10T09:17:38","slug":"nyx-prof-makeup-bare-with-me-blur-tint-foundation-30ml-07-golden","status":"publish","type":"product","link":"https:\/\/stylingagenten.com\/fi\/tuote\/nyx-prof-makeup-bare-with-me-blur-tint-foundation-30ml-07-golden\/","title":{"rendered":"NYX PROF. MAKEUP Bare With Me Blur Tint Foundation 30ml 07 Golden"},"content":{"rendered":"<p>NYX PROF. MAKEUP Bare With Me Blur Tint Foundation 30ml &#8211; 07 Golden<br \/>Bare With Me Blur Tint Foundation NYX Professional Makeupilta. Saat t\u00e4ydellisen ja v\u00e4litt\u00f6m\u00e4sti tasaisen ja mattapintaisen meikin lookin s\u00e4vyll\u00e4. Kevyt sumentava vaikutus!<\/p>\n<p>&#8211; Rikastettu hoitavilla ainesosilla tuoreen lopputuloksen saamiseksi<br \/>&#8211; Antaa kosteutta jopa 12 tunniksi<br \/>&#8211; Sis\u00e4lt\u00e4\u00e4 glyseriini\u00e4 ja matchaa<br \/>&#8211; Antaa tasaisen ja s\u00e4teilev\u00e4n ihon<br \/> br &gt;- Virheet\u00f6n, mattapintainen ja kevyt sumentava vaikutus (ilman suodatinta!)<br \/>&#8211; Tuntuu kevyelt\u00e4 iholla<br \/>&#8211; Kehitetty sopimaan useimpiin ihonv\u00e4reihin<br \/>&#8211; Vegaaninen koostumus*<\/p>\n","protected":false},"excerpt":{"rendered":"<p>NYX PROF. MAKEUP Bare With Me Blur Tint Foundation 30ml &#8211; 07 GoldenBare With Me Blur Tint Foundation NYX Professional Makeupilta. Saat t\u00e4ydellisen ja v\u00e4litt\u00f6m\u00e4sti tasaisen ja mattapintaisen meikin lookin s\u00e4vyll\u00e4. Kevyt sumentava vaikutus! &#8211; Rikastettu hoitavilla ainesosilla tuoreen lopputuloksen saamiseksi&#8211; Antaa kosteutta jopa 12 tunniksi&#8211; Sis\u00e4lt\u00e4\u00e4 glyseriini\u00e4 ja matchaa&#8211; Antaa tasaisen ja s\u00e4teilev\u00e4n ihon [&hellip;]<\/p>\n","protected":false},"featured_media":120166,"comment_status":"open","ping_status":"closed","template":"","meta":{"_trash_the_other_posts":false},"product_brand":[],"product_cat":[1005,579],"product_tag":[3649],"berocket_brand":[1025],"class_list":{"0":"post-120179","1":"product","2":"type-product","3":"status-publish","4":"has-post-thumbnail","6":"product_cat-outlet","7":"product_cat-saatio","8":"product_tag-nyx-prof-makeup-bare-with-me-blur-tint-foundation-30ml","9":"pa_brand-nyx","10":"pa_variantti-07-golden","11":"berocket_brand-nyx","13":"first","14":"instock","15":"sale","16":"taxable","17":"shipping-taxable","18":"purchasable","19":"product-type-simple"},"_links":{"self":[{"href":"https:\/\/stylingagenten.com\/fi\/wp-json\/wp\/v2\/product\/120179","targetHints":{"allow":["GET"]}}],"collection":[{"href":"https:\/\/stylingagenten.com\/fi\/wp-json\/wp\/v2\/product"}],"about":[{"href":"https:\/\/stylingagenten.com\/fi\/wp-json\/wp\/v2\/types\/product"}],"replies":[{"embeddable":true,"href":"https:\/\/stylingagenten.com\/fi\/wp-json\/wp\/v2\/comments?post=120179"}],"version-history":[{"count":0,"href":"https:\/\/stylingagenten.com\/fi\/wp-json\/wp\/v2\/product\/120179\/revisions"}],"wp:featuredmedia":[{"embeddable":true,"href":"https:\/\/stylingagenten.com\/fi\/wp-json\/wp\/v2\/media\/120166"}],"wp:attachment":[{"href":"https:\/\/stylingagenten.com\/fi\/wp-json\/wp\/v2\/media?parent=120179"}],"wp:term":[{"taxonomy":"product_brand","embeddable":true,"href":"https:\/\/stylingagenten.com\/fi\/wp-json\/wp\/v2\/product_brand?post=120179"},{"taxonomy":"product_cat","embeddable":true,"href":"https:\/\/stylingagenten.com\/fi\/wp-json\/wp\/v2\/product_cat?post=120179"},{"taxonomy":"product_tag","embeddable":true,"href":"https:\/\/stylingagenten.com\/fi\/wp-json\/wp\/v2\/product_tag?post=120179"},{"taxonomy":"berocket_brand","embeddable":true,"href":"https:\/\/stylingagenten.com\/fi\/wp-json\/wp\/v2\/berocket_brand?post=120179"}],"curies":[{"name":"wp","href":"https:\/\/api.w.org\/{rel}","templated":true}]}}