{"id":120161,"date":"2025-05-18T21:35:40","date_gmt":"2025-05-18T21:35:40","guid":{"rendered":"https:\/\/staging2.stylingagenten.com\/fi\/produkt\/artdeco-rich-treatment-foundation-12-vanilla-rose-20ml\/"},"modified":"2026-03-29T13:37:29","modified_gmt":"2026-03-29T13:37:29","slug":"artdeco-rich-treatment-foundation-12-vanilla-rose-20ml","status":"publish","type":"product","link":"https:\/\/stylingagenten.com\/fi\/tuote\/artdeco-rich-treatment-foundation-12-vanilla-rose-20ml\/","title":{"rendered":"Artdeco Rich Treatment Foundation 12 Vanilla Rose 20ml"},"content":{"rendered":"<p>Artdeco Rich Treatment Foundation 12 Vanilla Rose 20 ml<br \/>Etsitk\u00f6 virheet\u00f6nt\u00e4 ihoa, joka s\u00e4teilee heleytt\u00e4? Tutustu Rich Treatment Foundationiin! Ylellinen koostumus sis\u00e4lt\u00e4\u00e4 valoa heijastavia pigmenttej\u00e4, jotka piilottavat hienot juonteet, rypyt ja pienet viat. Eritt\u00e4in peitt\u00e4v\u00e4, pitk\u00e4kestoinen ja samettinen lopputulos. Skvalaani tekee ihosta n\u00e4kyv\u00e4sti sile\u00e4mm\u00e4n ja UV-suodattimet suojaavat ulkoisilta ymp\u00e4rist\u00f6vaikutuksilta.<\/p>\n<p>&#8211; Valoa heijastavat pigmentit<br \/>&#8211; Erinomainen peitt\u00e4vyys<br \/>&#8211; Samettimainen lopputulos<br \/>&#8211; Skvalaani n\u00e4kyv\u00e4sti sile\u00e4mm\u00e4lle iholle<br \/> &#8211; UV-suodatin<br \/>&#8211; Vegaaninen<\/p>\n","protected":false},"excerpt":{"rendered":"<p>Artdeco Rich Treatment Foundation 12 Vanilla Rose 20 mlEtsitk\u00f6 virheet\u00f6nt\u00e4 ihoa, joka s\u00e4teilee heleytt\u00e4? Tutustu Rich Treatment Foundationiin! Ylellinen koostumus sis\u00e4lt\u00e4\u00e4 valoa heijastavia pigmenttej\u00e4, jotka piilottavat hienot juonteet, rypyt ja pienet viat. Eritt\u00e4in peitt\u00e4v\u00e4, pitk\u00e4kestoinen ja samettinen lopputulos. Skvalaani tekee ihosta n\u00e4kyv\u00e4sti sile\u00e4mm\u00e4n ja UV-suodattimet suojaavat ulkoisilta ymp\u00e4rist\u00f6vaikutuksilta. &#8211; Valoa heijastavat pigmentit&#8211; Erinomainen peitt\u00e4vyys&#8211; Samettimainen [&hellip;]<\/p>\n","protected":false},"featured_media":120160,"comment_status":"open","ping_status":"closed","template":"","meta":{"_trash_the_other_posts":false},"product_brand":[],"product_cat":[579],"product_tag":[2444],"berocket_brand":[1385],"class_list":{"0":"post-120161","1":"product","2":"type-product","3":"status-publish","4":"has-post-thumbnail","6":"product_cat-saatio","7":"product_tag-artdeco-rich-treatment-foundation-20ml","8":"pa_brand-artdeco","9":"pa_variantti-12-vanilla-rose","10":"berocket_brand-artdeco","12":"first","13":"instock","14":"sale","15":"taxable","16":"shipping-taxable","17":"purchasable","18":"product-type-simple"},"_links":{"self":[{"href":"https:\/\/stylingagenten.com\/fi\/wp-json\/wp\/v2\/product\/120161","targetHints":{"allow":["GET"]}}],"collection":[{"href":"https:\/\/stylingagenten.com\/fi\/wp-json\/wp\/v2\/product"}],"about":[{"href":"https:\/\/stylingagenten.com\/fi\/wp-json\/wp\/v2\/types\/product"}],"replies":[{"embeddable":true,"href":"https:\/\/stylingagenten.com\/fi\/wp-json\/wp\/v2\/comments?post=120161"}],"version-history":[{"count":0,"href":"https:\/\/stylingagenten.com\/fi\/wp-json\/wp\/v2\/product\/120161\/revisions"}],"wp:featuredmedia":[{"embeddable":true,"href":"https:\/\/stylingagenten.com\/fi\/wp-json\/wp\/v2\/media\/120160"}],"wp:attachment":[{"href":"https:\/\/stylingagenten.com\/fi\/wp-json\/wp\/v2\/media?parent=120161"}],"wp:term":[{"taxonomy":"product_brand","embeddable":true,"href":"https:\/\/stylingagenten.com\/fi\/wp-json\/wp\/v2\/product_brand?post=120161"},{"taxonomy":"product_cat","embeddable":true,"href":"https:\/\/stylingagenten.com\/fi\/wp-json\/wp\/v2\/product_cat?post=120161"},{"taxonomy":"product_tag","embeddable":true,"href":"https:\/\/stylingagenten.com\/fi\/wp-json\/wp\/v2\/product_tag?post=120161"},{"taxonomy":"berocket_brand","embeddable":true,"href":"https:\/\/stylingagenten.com\/fi\/wp-json\/wp\/v2\/berocket_brand?post=120161"}],"curies":[{"name":"wp","href":"https:\/\/api.w.org\/{rel}","templated":true}]}}