{"id":120152,"date":"2025-05-18T21:35:38","date_gmt":"2025-05-18T21:35:38","guid":{"rendered":"https:\/\/staging2.stylingagenten.com\/fi\/produkt\/max-factor-lasting-performance-95-ivory\/"},"modified":"2025-12-28T09:48:06","modified_gmt":"2025-12-28T09:48:06","slug":"max-factor-lasting-performance-95-ivory","status":"publish","type":"product","link":"https:\/\/stylingagenten.com\/fi\/tuote\/max-factor-lasting-performance-95-ivory\/","title":{"rendered":"Max Factor Lasting Performance 95 Ivory"},"content":{"rendered":"<p>Max Factor Lasting Performance 95<br \/>Max Factorin upea peitt\u00e4v\u00e4 voide, joka kest\u00e4\u00e4 kosketuksen ja peitt\u00e4\u00e4 takuulla 8 tuntia. Se sis\u00e4lt\u00e4\u00e4 tahraa hylkiv\u00e4n koostumuksen, mik\u00e4 tarkoittaa, ett\u00e4 se kest\u00e4\u00e4 kovia olosuhteita, eik\u00e4 tahraa vaatteita.<br \/>Peitevoide on hajuton, sopii herk\u00e4lle iholle, ei tukkia huokosia tai aiheuta ep\u00e4puhtautta.<\/p>\n","protected":false},"excerpt":{"rendered":"<p>Max Factor Lasting Performance 95Max Factorin upea peitt\u00e4v\u00e4 voide, joka kest\u00e4\u00e4 kosketuksen ja peitt\u00e4\u00e4 takuulla 8 tuntia. Se sis\u00e4lt\u00e4\u00e4 tahraa hylkiv\u00e4n koostumuksen, mik\u00e4 tarkoittaa, ett\u00e4 se kest\u00e4\u00e4 kovia olosuhteita, eik\u00e4 tahraa vaatteita.Peitevoide on hajuton, sopii herk\u00e4lle iholle, ei tukkia huokosia tai aiheuta ep\u00e4puhtautta.<\/p>\n","protected":false},"featured_media":120151,"comment_status":"open","ping_status":"closed","template":"","meta":{"_trash_the_other_posts":false},"product_brand":[],"product_cat":[579],"product_tag":[3482],"berocket_brand":[1013],"class_list":{"0":"post-120152","1":"product","2":"type-product","3":"status-publish","4":"has-post-thumbnail","6":"product_cat-saatio","7":"product_tag-max-factor-lasting-performance","8":"pa_brand-max-factor","9":"pa_variantti-95-ivory","10":"berocket_brand-max-factor","12":"first","13":"instock","14":"sale","15":"taxable","16":"shipping-taxable","17":"purchasable","18":"product-type-simple"},"_links":{"self":[{"href":"https:\/\/stylingagenten.com\/fi\/wp-json\/wp\/v2\/product\/120152","targetHints":{"allow":["GET"]}}],"collection":[{"href":"https:\/\/stylingagenten.com\/fi\/wp-json\/wp\/v2\/product"}],"about":[{"href":"https:\/\/stylingagenten.com\/fi\/wp-json\/wp\/v2\/types\/product"}],"replies":[{"embeddable":true,"href":"https:\/\/stylingagenten.com\/fi\/wp-json\/wp\/v2\/comments?post=120152"}],"version-history":[{"count":0,"href":"https:\/\/stylingagenten.com\/fi\/wp-json\/wp\/v2\/product\/120152\/revisions"}],"wp:featuredmedia":[{"embeddable":true,"href":"https:\/\/stylingagenten.com\/fi\/wp-json\/wp\/v2\/media\/120151"}],"wp:attachment":[{"href":"https:\/\/stylingagenten.com\/fi\/wp-json\/wp\/v2\/media?parent=120152"}],"wp:term":[{"taxonomy":"product_brand","embeddable":true,"href":"https:\/\/stylingagenten.com\/fi\/wp-json\/wp\/v2\/product_brand?post=120152"},{"taxonomy":"product_cat","embeddable":true,"href":"https:\/\/stylingagenten.com\/fi\/wp-json\/wp\/v2\/product_cat?post=120152"},{"taxonomy":"product_tag","embeddable":true,"href":"https:\/\/stylingagenten.com\/fi\/wp-json\/wp\/v2\/product_tag?post=120152"},{"taxonomy":"berocket_brand","embeddable":true,"href":"https:\/\/stylingagenten.com\/fi\/wp-json\/wp\/v2\/berocket_brand?post=120152"}],"curies":[{"name":"wp","href":"https:\/\/api.w.org\/{rel}","templated":true}]}}