{"id":120119,"date":"2025-05-18T21:35:32","date_gmt":"2025-05-18T21:35:32","guid":{"rendered":"https:\/\/staging2.stylingagenten.com\/fi\/produkt\/max-factor-facefinity-3-in-1-foundation-78-warm-honey\/"},"modified":"2025-12-17T11:42:40","modified_gmt":"2025-12-17T11:42:40","slug":"max-factor-facefinity-3-in-1-foundation-78-warm-honey","status":"publish","type":"product","link":"https:\/\/stylingagenten.com\/fi\/tuote\/max-factor-facefinity-3-in-1-foundation-78-warm-honey\/","title":{"rendered":"Max Factor Facefinity 3 In 1 Foundation 78 Warm Honey"},"content":{"rendered":"<p>Max Factor Facefinity 3 in 1 Foundation 78 Warm Honey<br \/>Max Factor Facefinity All Day Flawless Foundation antaa t\u00e4ydellisen ja eritt\u00e4in kest\u00e4v\u00e4n ulkon\u00e4\u00f6n ja kest\u00e4\u00e4 vett\u00e4 ja l\u00e4mp\u00f6\u00e4 sek\u00e4 kosteutta ja hike\u00e4. 3-in-1 nestem\u00e4inen meikkivoide, joka toimii my\u00f6s kasvojen primerina ja peitevoimina ja kest\u00e4\u00e4 jopa 30 tuntia.<br \/>&#8211;<br \/>Facefinity All Day Flawless Foundation tarjoaa uskomattoman peitt\u00e4vyyden, joka piilottaa punoituksen ja ep\u00e4puhtaudet hengitt\u00e4en. Kest\u00e4\u00e4 sek\u00e4 vett\u00e4, l\u00e4mp\u00f6\u00e4 ett\u00e4 kosteutta ja sis\u00e4lt\u00e4\u00e4 SPF 20:n, joka suojaa ihoa auringon haitallisilta UVA\/UVB-s\u00e4teilt\u00e4 ja samalla suojaa ihoa ymp\u00e4rist\u00f6tekij\u00f6ilt\u00e4, \u200b\u200bkuten siniselt\u00e4 valolta ja saasteilta.<br \/>&#8211;<br \/>T\u00e4m\u00e4 sile\u00e4 Max. Factor Foundation pit\u00e4\u00e4 meikin paikoillaan, kun taas peitevoide peitt\u00e4\u00e4 tehokkaasti ep\u00e4puhtaudet ja tummia silm\u00e4nalusia. Flexi-hold -teknologian ansiosta t\u00e4m\u00e4 meikkivoide liikkuu ihon mukana, jolloin saat t\u00e4ydellisen, pitk\u00e4kestoisen lopputuloksen, joka ei tahraa.<br \/>&#8211;<br \/>T\u00e4m\u00e4 meikkivoide sis\u00e4lt\u00e4\u00e4 kolmen tyyppist\u00e4 \u00f6ljy\u00e4 imev\u00e4\u00e4 puuteria, jotka tarjoavat rakennettavan peitt\u00e4vyyden. Se liukuu helposti ihon yli helpottaen levitt\u00e4mist\u00e4 ja sill\u00e4 on eritt\u00e4in pitk\u00e4kestoinen mattapinta.<\/p>\n","protected":false},"excerpt":{"rendered":"<p>Max Factor Facefinity 3 in 1 Foundation 78 Warm HoneyMax Factor Facefinity All Day Flawless Foundation antaa t\u00e4ydellisen ja eritt\u00e4in kest\u00e4v\u00e4n ulkon\u00e4\u00f6n ja kest\u00e4\u00e4 vett\u00e4 ja l\u00e4mp\u00f6\u00e4 sek\u00e4 kosteutta ja hike\u00e4. 3-in-1 nestem\u00e4inen meikkivoide, joka toimii my\u00f6s kasvojen primerina ja peitevoimina ja kest\u00e4\u00e4 jopa 30 tuntia.&#8211;Facefinity All Day Flawless Foundation tarjoaa uskomattoman peitt\u00e4vyyden, joka piilottaa [&hellip;]<\/p>\n","protected":false},"featured_media":120111,"comment_status":"open","ping_status":"closed","template":"","meta":{"_trash_the_other_posts":false},"product_brand":[],"product_cat":[579],"product_tag":[3475],"berocket_brand":[1013],"class_list":{"0":"post-120119","1":"product","2":"type-product","3":"status-publish","4":"has-post-thumbnail","6":"product_cat-saatio","7":"product_tag-max-factor-facefinity-3-in-1-foundation","8":"pa_brand-max-factor","9":"pa_variantti-78-warm-honey","10":"berocket_brand-max-factor","12":"first","13":"instock","14":"sale","15":"taxable","16":"shipping-taxable","17":"purchasable","18":"product-type-simple"},"_links":{"self":[{"href":"https:\/\/stylingagenten.com\/fi\/wp-json\/wp\/v2\/product\/120119","targetHints":{"allow":["GET"]}}],"collection":[{"href":"https:\/\/stylingagenten.com\/fi\/wp-json\/wp\/v2\/product"}],"about":[{"href":"https:\/\/stylingagenten.com\/fi\/wp-json\/wp\/v2\/types\/product"}],"replies":[{"embeddable":true,"href":"https:\/\/stylingagenten.com\/fi\/wp-json\/wp\/v2\/comments?post=120119"}],"version-history":[{"count":0,"href":"https:\/\/stylingagenten.com\/fi\/wp-json\/wp\/v2\/product\/120119\/revisions"}],"wp:featuredmedia":[{"embeddable":true,"href":"https:\/\/stylingagenten.com\/fi\/wp-json\/wp\/v2\/media\/120111"}],"wp:attachment":[{"href":"https:\/\/stylingagenten.com\/fi\/wp-json\/wp\/v2\/media?parent=120119"}],"wp:term":[{"taxonomy":"product_brand","embeddable":true,"href":"https:\/\/stylingagenten.com\/fi\/wp-json\/wp\/v2\/product_brand?post=120119"},{"taxonomy":"product_cat","embeddable":true,"href":"https:\/\/stylingagenten.com\/fi\/wp-json\/wp\/v2\/product_cat?post=120119"},{"taxonomy":"product_tag","embeddable":true,"href":"https:\/\/stylingagenten.com\/fi\/wp-json\/wp\/v2\/product_tag?post=120119"},{"taxonomy":"berocket_brand","embeddable":true,"href":"https:\/\/stylingagenten.com\/fi\/wp-json\/wp\/v2\/berocket_brand?post=120119"}],"curies":[{"name":"wp","href":"https:\/\/api.w.org\/{rel}","templated":true}]}}