{"id":120109,"date":"2025-05-18T21:35:29","date_gmt":"2025-05-18T21:35:29","guid":{"rendered":"https:\/\/staging2.stylingagenten.com\/fi\/produkt\/artdeco-perfect-teint-foundation-32-cool-cashew-20ml\/"},"modified":"2025-11-19T12:37:26","modified_gmt":"2025-11-19T12:37:26","slug":"artdeco-perfect-teint-foundation-32-cool-cashew-20ml","status":"publish","type":"product","link":"https:\/\/stylingagenten.com\/fi\/tuote\/artdeco-perfect-teint-foundation-32-cool-cashew-20ml\/","title":{"rendered":"Artdeco Perfect Teint Foundation 32 Cool Cashew 20ml"},"content":{"rendered":"<p>Etsitk\u00f6 meikkivoidetta, joka tuntuu toiselta iholta? Kokeile Perfect Teint Foundationia! Kevyt koostumus on \u00f6ljyt\u00f6n ja sis\u00e4lt\u00e4\u00e4 hienoja jauhehiukkasia, jotka imev\u00e4t \u00f6ljy\u00e4 &#8211; tuloksena on raikas ja mattapinta, joka peitt\u00e4\u00e4 pienet viat ja ep\u00e4tasaisuudet. Sis\u00e4lt\u00e4\u00e4 my\u00f6s ainesosia, jotka kosteuttavat, rauhoittavat, suojaavat ja ravitsevat.<\/p>\n<p>&#8211; Kevyt ja \u00f6ljyt\u00f6n meikkivoide<br \/>&#8211; Raikas ja mattapintainen<br \/>&#8211; Peitt\u00e4\u00e4 pienet viat ja ep\u00e4tasaisuudet<br \/>&#8211; Kosteuttaa, rauhoittaa, suojaa ja ravitsee<br \/>&#8211; Vegaaninen<\/p>\n<p>Hyaluronihappo kosteuttaa, bisabololilla on rauhoittava vaikutus, persikankukkauute suojaa haitallisilta ulkoisilta vaikutuksilta ja inkiv\u00e4\u00e4rijuuriuutteella on antibakteerinen ja ravitseva vaikutus.<\/p>\n","protected":false},"excerpt":{"rendered":"<p>Etsitk\u00f6 meikkivoidetta, joka tuntuu toiselta iholta? Kokeile Perfect Teint Foundationia! Kevyt koostumus on \u00f6ljyt\u00f6n ja sis\u00e4lt\u00e4\u00e4 hienoja jauhehiukkasia, jotka imev\u00e4t \u00f6ljy\u00e4 &#8211; tuloksena on raikas ja mattapinta, joka peitt\u00e4\u00e4 pienet viat ja ep\u00e4tasaisuudet. Sis\u00e4lt\u00e4\u00e4 my\u00f6s ainesosia, jotka kosteuttavat, rauhoittavat, suojaavat ja ravitsevat. &#8211; Kevyt ja \u00f6ljyt\u00f6n meikkivoide&#8211; Raikas ja mattapintainen&#8211; Peitt\u00e4\u00e4 pienet viat ja ep\u00e4tasaisuudet&#8211; [&hellip;]<\/p>\n","protected":false},"featured_media":120099,"comment_status":"open","ping_status":"closed","template":"","meta":{"_trash_the_other_posts":false},"product_brand":[],"product_cat":[579],"product_tag":[2443],"berocket_brand":[1385],"class_list":{"0":"post-120109","1":"product","2":"type-product","3":"status-publish","4":"has-post-thumbnail","6":"product_cat-saatio","7":"product_tag-artdeco-perfect-teint-foundation-20ml","8":"pa_brand-artdeco","9":"pa_variantti-32-cool-cashew","10":"berocket_brand-artdeco","12":"first","13":"instock","14":"sale","15":"taxable","16":"shipping-taxable","17":"purchasable","18":"product-type-simple"},"_links":{"self":[{"href":"https:\/\/stylingagenten.com\/fi\/wp-json\/wp\/v2\/product\/120109","targetHints":{"allow":["GET"]}}],"collection":[{"href":"https:\/\/stylingagenten.com\/fi\/wp-json\/wp\/v2\/product"}],"about":[{"href":"https:\/\/stylingagenten.com\/fi\/wp-json\/wp\/v2\/types\/product"}],"replies":[{"embeddable":true,"href":"https:\/\/stylingagenten.com\/fi\/wp-json\/wp\/v2\/comments?post=120109"}],"version-history":[{"count":0,"href":"https:\/\/stylingagenten.com\/fi\/wp-json\/wp\/v2\/product\/120109\/revisions"}],"wp:featuredmedia":[{"embeddable":true,"href":"https:\/\/stylingagenten.com\/fi\/wp-json\/wp\/v2\/media\/120099"}],"wp:attachment":[{"href":"https:\/\/stylingagenten.com\/fi\/wp-json\/wp\/v2\/media?parent=120109"}],"wp:term":[{"taxonomy":"product_brand","embeddable":true,"href":"https:\/\/stylingagenten.com\/fi\/wp-json\/wp\/v2\/product_brand?post=120109"},{"taxonomy":"product_cat","embeddable":true,"href":"https:\/\/stylingagenten.com\/fi\/wp-json\/wp\/v2\/product_cat?post=120109"},{"taxonomy":"product_tag","embeddable":true,"href":"https:\/\/stylingagenten.com\/fi\/wp-json\/wp\/v2\/product_tag?post=120109"},{"taxonomy":"berocket_brand","embeddable":true,"href":"https:\/\/stylingagenten.com\/fi\/wp-json\/wp\/v2\/berocket_brand?post=120109"}],"curies":[{"name":"wp","href":"https:\/\/api.w.org\/{rel}","templated":true}]}}