{"id":120105,"date":"2025-05-18T21:35:29","date_gmt":"2025-05-18T21:35:29","guid":{"rendered":"https:\/\/staging2.stylingagenten.com\/fi\/produkt\/loreal-infaillible-24h-fresh-wear-powder-foundation-vanilla-120\/"},"modified":"2026-03-26T03:58:25","modified_gmt":"2026-03-26T03:58:25","slug":"loreal-infaillible-24h-fresh-wear-powder-foundation-vanilla-120","status":"publish","type":"product","link":"https:\/\/stylingagenten.com\/fi\/tuote\/loreal-infaillible-24h-fresh-wear-powder-foundation-vanilla-120\/","title":{"rendered":"L&#8217;Oreal Infaillible 24h Fresh Wear Powder Foundation Vanilla 120"},"content":{"rendered":"<p>Tutustu L&#8217;Or\u00e9al Parisin Infallible 24H Fresh Wear -meikkipuuteriin. Puuterimeikkivoide, joka peitt\u00e4\u00e4 antaen samalla mattapintaisen lopputuloksen olematta kakkumaista. T\u00e4m\u00e4 on enemm\u00e4n kuin pelkk\u00e4 jauhe! Tuote on rikastettu hienoilla pigmenteill\u00e4, jotka vangitsevat ihon mattapintaiseksi ja luonnolliseksi koko p\u00e4iv\u00e4n ajan. Se on helppo sekoittaa ja antaa iholle luonnollisen, virheett\u00f6m\u00e4n, samettisen ja mattapintaisen lopputuloksen. &#8211; Saatavana 8 s\u00e4vy\u00e4, jotka sopivat eri ihos\u00e4vyihin. Ei tahraa. Hienkest\u00e4v\u00e4. Vedenkest\u00e4v\u00e4. &#8211; L\u00e4mm\u00f6n- ja kosteudenkest\u00e4v\u00e4 Ota enemm\u00e4n irti jauheesta!<\/p>\n","protected":false},"excerpt":{"rendered":"<p>Tutustu L&#8217;Or\u00e9al Parisin Infallible 24H Fresh Wear -meikkipuuteriin. Puuterimeikkivoide, joka peitt\u00e4\u00e4 antaen samalla mattapintaisen lopputuloksen olematta kakkumaista. T\u00e4m\u00e4 on enemm\u00e4n kuin pelkk\u00e4 jauhe! Tuote on rikastettu hienoilla pigmenteill\u00e4, jotka vangitsevat ihon mattapintaiseksi ja luonnolliseksi koko p\u00e4iv\u00e4n ajan. Se on helppo sekoittaa ja antaa iholle luonnollisen, virheett\u00f6m\u00e4n, samettisen ja mattapintaisen lopputuloksen. &#8211; Saatavana 8 s\u00e4vy\u00e4, jotka [&hellip;]<\/p>\n","protected":false},"featured_media":120100,"comment_status":"open","ping_status":"closed","template":"","meta":{"_trash_the_other_posts":false},"product_brand":[],"product_cat":[718],"product_tag":[3238],"berocket_brand":[2000],"class_list":{"0":"post-120105","1":"product","2":"type-product","3":"status-publish","4":"has-post-thumbnail","6":"product_cat-puuterimeikkivoide","7":"product_tag-loreal-infaillible-24h-fresh-wear-powder-foundation","8":"pa_brand-loreal-paris","9":"pa_variantti-vanilla-120","10":"berocket_brand-loreal-paris","12":"first","13":"instock","14":"sale","15":"taxable","16":"shipping-taxable","17":"purchasable","18":"product-type-simple"},"_links":{"self":[{"href":"https:\/\/stylingagenten.com\/fi\/wp-json\/wp\/v2\/product\/120105","targetHints":{"allow":["GET"]}}],"collection":[{"href":"https:\/\/stylingagenten.com\/fi\/wp-json\/wp\/v2\/product"}],"about":[{"href":"https:\/\/stylingagenten.com\/fi\/wp-json\/wp\/v2\/types\/product"}],"replies":[{"embeddable":true,"href":"https:\/\/stylingagenten.com\/fi\/wp-json\/wp\/v2\/comments?post=120105"}],"version-history":[{"count":0,"href":"https:\/\/stylingagenten.com\/fi\/wp-json\/wp\/v2\/product\/120105\/revisions"}],"wp:featuredmedia":[{"embeddable":true,"href":"https:\/\/stylingagenten.com\/fi\/wp-json\/wp\/v2\/media\/120100"}],"wp:attachment":[{"href":"https:\/\/stylingagenten.com\/fi\/wp-json\/wp\/v2\/media?parent=120105"}],"wp:term":[{"taxonomy":"product_brand","embeddable":true,"href":"https:\/\/stylingagenten.com\/fi\/wp-json\/wp\/v2\/product_brand?post=120105"},{"taxonomy":"product_cat","embeddable":true,"href":"https:\/\/stylingagenten.com\/fi\/wp-json\/wp\/v2\/product_cat?post=120105"},{"taxonomy":"product_tag","embeddable":true,"href":"https:\/\/stylingagenten.com\/fi\/wp-json\/wp\/v2\/product_tag?post=120105"},{"taxonomy":"berocket_brand","embeddable":true,"href":"https:\/\/stylingagenten.com\/fi\/wp-json\/wp\/v2\/berocket_brand?post=120105"}],"curies":[{"name":"wp","href":"https:\/\/api.w.org\/{rel}","templated":true}]}}