{"id":120040,"date":"2025-05-18T21:35:16","date_gmt":"2025-05-18T21:35:16","guid":{"rendered":"https:\/\/staging2.stylingagenten.com\/fi\/produkt\/max-factor-miracle-second-skin-foundation-12-neutral-deep\/"},"modified":"2026-03-02T18:37:45","modified_gmt":"2026-03-02T18:37:45","slug":"max-factor-miracle-second-skin-foundation-12-neutral-deep","status":"publish","type":"product","link":"https:\/\/stylingagenten.com\/fi\/tuote\/max-factor-miracle-second-skin-foundation-12-neutral-deep\/","title":{"rendered":"Max Factor Miracle Second Skin Foundation 12 Neutral Deep"},"content":{"rendered":"<p>Max Factor Miracle Second Skin on hybridi-meikkivoide, joka hoitaa, tasoittaa ihoa ja antaa kevyen peitt\u00e4vyyden. Miracle Second Skin kosteuttaa kookosmaidolla ja aloe veralla sek\u00e4 suojaa ihoa pre- ja probioottien sek\u00e4 SPF20 avulla.<\/p>\n<p>Miracle Second Skin pit\u00e4\u00e4 ihon kosteutettuna koko p\u00e4iv\u00e4n ajan samalla kun se antaa luonnollisen hehkun. Se on ohut ja helppo levitt\u00e4\u00e4, tuntuu h\u00f6yhenenkevyelt\u00e4 iholla ja tarjoaa kevyen ja luonnollisen peitt\u00e4vyyden. Iho kosteutuu kookosmaidolla, hoitavalla aloe veralla ja suojataan ja uudistetaan pre- ja probioottien avulla. Miracle Second Skin sis\u00e4lt\u00e4\u00e4 my\u00f6s SPF 20<br \/>\n<br \/>ja on rikastettu vitamiineilla B, C ja beetakaroteenilla, jotka lis\u00e4\u00e4v\u00e4t ihon kimmoisuutta, hehkua ja s\u00e4teily\u00e4. T\u00e4m\u00e4 on boostaava meikkivoide, joka sopii kaikille ihotyypeille, mukaan lukien herk\u00e4lle iholle. Tuotetta on kliinisesti ja dermatologisesti testattu.<\/p>\n<p>-Kevyt peitt\u00e4vyys ja tasaisuus<br \/>\n<br \/>-Rikastettu kosteuttavalla kookosmaidolla ja aloe veralla<br \/>\n<br \/>-Boostattu pre- ja probiooteilla sek\u00e4 vitamiineilla B ja C<br \/>\n<br \/>-SPF 20<br \/>\n<br \/>-Kliinisesti testattu<br \/>\n<br \/>-Dermatologisesti testattu<\/p>\n","protected":false},"excerpt":{"rendered":"<p>Max Factor Miracle Second Skin on hybridi-meikkivoide, joka hoitaa, tasoittaa ihoa ja antaa kevyen peitt\u00e4vyyden. Miracle Second Skin kosteuttaa kookosmaidolla ja aloe veralla sek\u00e4 suojaa ihoa pre- ja probioottien sek\u00e4 SPF20 avulla. Miracle Second Skin pit\u00e4\u00e4 ihon kosteutettuna koko p\u00e4iv\u00e4n ajan samalla kun se antaa luonnollisen hehkun. Se on ohut ja helppo levitt\u00e4\u00e4, tuntuu h\u00f6yhenenkevyelt\u00e4 [&hellip;]<\/p>\n","protected":false},"featured_media":120025,"comment_status":"open","ping_status":"closed","template":"","meta":{"_trash_the_other_posts":false},"product_brand":[],"product_cat":[579],"product_tag":[3487],"berocket_brand":[1013],"class_list":{"0":"post-120040","1":"product","2":"type-product","3":"status-publish","4":"has-post-thumbnail","6":"product_cat-saatio","7":"product_tag-max-factor-miracle-second-skin-foundation","8":"pa_brand-max-factor","9":"pa_variantti-12-neutral-deep","10":"berocket_brand-max-factor","12":"first","13":"instock","14":"sale","15":"taxable","16":"shipping-taxable","17":"purchasable","18":"product-type-simple"},"_links":{"self":[{"href":"https:\/\/stylingagenten.com\/fi\/wp-json\/wp\/v2\/product\/120040","targetHints":{"allow":["GET"]}}],"collection":[{"href":"https:\/\/stylingagenten.com\/fi\/wp-json\/wp\/v2\/product"}],"about":[{"href":"https:\/\/stylingagenten.com\/fi\/wp-json\/wp\/v2\/types\/product"}],"replies":[{"embeddable":true,"href":"https:\/\/stylingagenten.com\/fi\/wp-json\/wp\/v2\/comments?post=120040"}],"version-history":[{"count":0,"href":"https:\/\/stylingagenten.com\/fi\/wp-json\/wp\/v2\/product\/120040\/revisions"}],"wp:featuredmedia":[{"embeddable":true,"href":"https:\/\/stylingagenten.com\/fi\/wp-json\/wp\/v2\/media\/120025"}],"wp:attachment":[{"href":"https:\/\/stylingagenten.com\/fi\/wp-json\/wp\/v2\/media?parent=120040"}],"wp:term":[{"taxonomy":"product_brand","embeddable":true,"href":"https:\/\/stylingagenten.com\/fi\/wp-json\/wp\/v2\/product_brand?post=120040"},{"taxonomy":"product_cat","embeddable":true,"href":"https:\/\/stylingagenten.com\/fi\/wp-json\/wp\/v2\/product_cat?post=120040"},{"taxonomy":"product_tag","embeddable":true,"href":"https:\/\/stylingagenten.com\/fi\/wp-json\/wp\/v2\/product_tag?post=120040"},{"taxonomy":"berocket_brand","embeddable":true,"href":"https:\/\/stylingagenten.com\/fi\/wp-json\/wp\/v2\/berocket_brand?post=120040"}],"curies":[{"name":"wp","href":"https:\/\/api.w.org\/{rel}","templated":true}]}}