{"id":120018,"date":"2025-05-18T21:35:13","date_gmt":"2025-05-18T21:35:13","guid":{"rendered":"https:\/\/staging2.stylingagenten.com\/fi\/produkt\/bareminerals-complexion-rescue-tinted-hydrating-gel-cream-desert-6-5\/"},"modified":"2026-04-04T07:38:37","modified_gmt":"2026-04-04T07:38:37","slug":"bareminerals-complexion-rescue-tinted-hydrating-gel-cream-desert-6-5","status":"publish","type":"product","link":"https:\/\/stylingagenten.com\/fi\/tuote\/bareminerals-complexion-rescue-tinted-hydrating-gel-cream-desert-6-5\/","title":{"rendered":"BareMinerals Complexion Rescue Tinted Hydrating Gel Cream &#8211; Desert 6.5"},"content":{"rendered":"<p>Bare Minerals Complexion Rescue Tinted Hydrating Gel Cream on t\u00e4ysin uusi meikkimuoto. T\u00e4ytel\u00e4inen kosteuttava ja kirkastava meikkipohja, jossa yhdistyv\u00e4t meikkivoiteen parhaat puolet, s\u00e4vytetty p\u00e4iv\u00e4voide ja BB\/CC-voide. Pakollinen meikkinesteess\u00e4.<\/p>\n<p>Sis\u00e4lt\u00f6: 35 ml<br \/>SPF 30.<\/p>\n","protected":false},"excerpt":{"rendered":"<p>Bare Minerals Complexion Rescue Tinted Hydrating Gel Cream on t\u00e4ysin uusi meikkimuoto. T\u00e4ytel\u00e4inen kosteuttava ja kirkastava meikkipohja, jossa yhdistyv\u00e4t meikkivoiteen parhaat puolet, s\u00e4vytetty p\u00e4iv\u00e4voide ja BB\/CC-voide. Pakollinen meikkinesteess\u00e4. Sis\u00e4lt\u00f6: 35 mlSPF 30.<\/p>\n","protected":false},"featured_media":120003,"comment_status":"open","ping_status":"closed","template":"","meta":{"_trash_the_other_posts":false},"product_brand":[],"product_cat":[579],"product_tag":[2473],"berocket_brand":[1256],"class_list":{"0":"post-120018","1":"product","2":"type-product","3":"status-publish","4":"has-post-thumbnail","6":"product_cat-saatio","7":"product_tag-bareminerals-complexion-rescue-tinted-hydrating-gel-cream","8":"pa_brand-bareminerals","9":"pa_variantti-desert-6-5","10":"berocket_brand-bareminerals","12":"first","13":"instock","14":"sale","15":"taxable","16":"shipping-taxable","17":"purchasable","18":"product-type-simple"},"_links":{"self":[{"href":"https:\/\/stylingagenten.com\/fi\/wp-json\/wp\/v2\/product\/120018","targetHints":{"allow":["GET"]}}],"collection":[{"href":"https:\/\/stylingagenten.com\/fi\/wp-json\/wp\/v2\/product"}],"about":[{"href":"https:\/\/stylingagenten.com\/fi\/wp-json\/wp\/v2\/types\/product"}],"replies":[{"embeddable":true,"href":"https:\/\/stylingagenten.com\/fi\/wp-json\/wp\/v2\/comments?post=120018"}],"version-history":[{"count":0,"href":"https:\/\/stylingagenten.com\/fi\/wp-json\/wp\/v2\/product\/120018\/revisions"}],"wp:featuredmedia":[{"embeddable":true,"href":"https:\/\/stylingagenten.com\/fi\/wp-json\/wp\/v2\/media\/120003"}],"wp:attachment":[{"href":"https:\/\/stylingagenten.com\/fi\/wp-json\/wp\/v2\/media?parent=120018"}],"wp:term":[{"taxonomy":"product_brand","embeddable":true,"href":"https:\/\/stylingagenten.com\/fi\/wp-json\/wp\/v2\/product_brand?post=120018"},{"taxonomy":"product_cat","embeddable":true,"href":"https:\/\/stylingagenten.com\/fi\/wp-json\/wp\/v2\/product_cat?post=120018"},{"taxonomy":"product_tag","embeddable":true,"href":"https:\/\/stylingagenten.com\/fi\/wp-json\/wp\/v2\/product_tag?post=120018"},{"taxonomy":"berocket_brand","embeddable":true,"href":"https:\/\/stylingagenten.com\/fi\/wp-json\/wp\/v2\/berocket_brand?post=120018"}],"curies":[{"name":"wp","href":"https:\/\/api.w.org\/{rel}","templated":true}]}}