{"id":120006,"date":"2025-05-18T21:35:11","date_gmt":"2025-05-18T21:35:11","guid":{"rendered":"https:\/\/staging2.stylingagenten.com\/fi\/produkt\/wet-n-wild-bare-focus-niacinamide-skin-tint-32ml-amber-beige\/"},"modified":"2025-11-19T12:47:15","modified_gmt":"2025-11-19T12:47:15","slug":"wet-n-wild-bare-focus-niacinamide-skin-tint-32ml-amber-beige","status":"publish","type":"product","link":"https:\/\/stylingagenten.com\/fi\/tuote\/wet-n-wild-bare-focus-niacinamide-skin-tint-32ml-amber-beige\/","title":{"rendered":"Wet n Wild Bare Focus Niacinamide Skin Tint 32ml &#8211; Amber Beige"},"content":{"rendered":"<p>Bare Focus Niacinamide Skin Tint on niacinamidilla varustettu ihon s\u00e4vytt\u00e4v\u00e4 tuote, joka antaa iholle raikkaan ja luonnollisen hehkun vain hetkess\u00e4. Sit\u00e4 voi kerrostaa l\u00e4pin\u00e4kyv\u00e4st\u00e4 enemm\u00e4n peitt\u00e4v\u00e4\u00e4n lopputulokseen. T\u00e4ydellinen kaikenlaisen meikin alle. Niacinamidi, hyaluronihappo, pioniuute ja E-vitamiini huolehtivat ihon ravinnosta.<\/p>\n","protected":false},"excerpt":{"rendered":"<p>Bare Focus Niacinamide Skin Tint on niacinamidilla varustettu ihon s\u00e4vytt\u00e4v\u00e4 tuote, joka antaa iholle raikkaan ja luonnollisen hehkun vain hetkess\u00e4. Sit\u00e4 voi kerrostaa l\u00e4pin\u00e4kyv\u00e4st\u00e4 enemm\u00e4n peitt\u00e4v\u00e4\u00e4n lopputulokseen. T\u00e4ydellinen kaikenlaisen meikin alle. Niacinamidi, hyaluronihappo, pioniuute ja E-vitamiini huolehtivat ihon ravinnosta.<\/p>\n","protected":false},"featured_media":120001,"comment_status":"open","ping_status":"closed","template":"","meta":{"_trash_the_other_posts":false},"product_brand":[],"product_cat":[579],"product_tag":[4078],"berocket_brand":[1035],"class_list":{"0":"post-120006","1":"product","2":"type-product","3":"status-publish","4":"has-post-thumbnail","6":"product_cat-saatio","7":"product_tag-wet-n-wild-bare-focus-niacinamide-skin-tint-32ml","8":"pa_brand-wet-n-wild","9":"pa_variantti-amber-beige","10":"berocket_brand-wet-n-wild","12":"first","13":"instock","14":"sale","15":"taxable","16":"shipping-taxable","17":"purchasable","18":"product-type-simple"},"_links":{"self":[{"href":"https:\/\/stylingagenten.com\/fi\/wp-json\/wp\/v2\/product\/120006","targetHints":{"allow":["GET"]}}],"collection":[{"href":"https:\/\/stylingagenten.com\/fi\/wp-json\/wp\/v2\/product"}],"about":[{"href":"https:\/\/stylingagenten.com\/fi\/wp-json\/wp\/v2\/types\/product"}],"replies":[{"embeddable":true,"href":"https:\/\/stylingagenten.com\/fi\/wp-json\/wp\/v2\/comments?post=120006"}],"version-history":[{"count":0,"href":"https:\/\/stylingagenten.com\/fi\/wp-json\/wp\/v2\/product\/120006\/revisions"}],"wp:featuredmedia":[{"embeddable":true,"href":"https:\/\/stylingagenten.com\/fi\/wp-json\/wp\/v2\/media\/120001"}],"wp:attachment":[{"href":"https:\/\/stylingagenten.com\/fi\/wp-json\/wp\/v2\/media?parent=120006"}],"wp:term":[{"taxonomy":"product_brand","embeddable":true,"href":"https:\/\/stylingagenten.com\/fi\/wp-json\/wp\/v2\/product_brand?post=120006"},{"taxonomy":"product_cat","embeddable":true,"href":"https:\/\/stylingagenten.com\/fi\/wp-json\/wp\/v2\/product_cat?post=120006"},{"taxonomy":"product_tag","embeddable":true,"href":"https:\/\/stylingagenten.com\/fi\/wp-json\/wp\/v2\/product_tag?post=120006"},{"taxonomy":"berocket_brand","embeddable":true,"href":"https:\/\/stylingagenten.com\/fi\/wp-json\/wp\/v2\/berocket_brand?post=120006"}],"curies":[{"name":"wp","href":"https:\/\/api.w.org\/{rel}","templated":true}]}}