{"id":119987,"date":"2025-05-18T21:35:06","date_gmt":"2025-05-18T21:35:06","guid":{"rendered":"https:\/\/staging2.stylingagenten.com\/fi\/produkt\/bareminerals-barepro-16-hour-skin-perfecting-powder-foundation-light-27-neutral\/"},"modified":"2026-01-23T11:30:49","modified_gmt":"2026-01-23T11:30:49","slug":"bareminerals-barepro-16-hour-skin-perfecting-powder-foundation-light-27-neutral","status":"publish","type":"product","link":"https:\/\/stylingagenten.com\/fi\/tuote\/bareminerals-barepro-16-hour-skin-perfecting-powder-foundation-light-27-neutral\/","title":{"rendered":"BareMinerals BarePro 24-Hour Skin-Perfecting Powder Foundation Light 27 Neutral"},"content":{"rendered":"<div>BareMinerals BarePro 24-Hour Skin-Perfecting Powder Foundation on hikoilua, kosteutta ja siirtymist\u00e4 kest\u00e4v\u00e4 meikkipohja, joka tarjoaa luonnollisen mattapinnan ja 16 tunnin t\u00e4ydellisen peitt\u00e4vyyden. Se antaa ihon hengitt\u00e4\u00e4 ja parantaa n\u00e4kyv\u00e4sti ihon ulkon\u00e4k\u00f6\u00e4 ajan mittaan.<\/p>\n<p>MIT\u00c4 SE TEKEE:<br \/>-Antaa 24 tunnin t\u00e4ydellisen peitt\u00e4vyyden.<br \/>-Tasapainottaa n\u00e4kyv\u00e4sti ihon s\u00e4vy\u00e4 ja rakennetta ajan my\u00f6t\u00e4.<br \/>-Imeytt\u00e4\u00e4 \u00f6ljy\u00e4 ja hillitsee kiiltoa 24 tunnin ajan.<br \/>-Todistetut tulokset:<br \/>-Ihons\u00e4vy n\u00e4ytt\u00e4\u00e4 tasaisemmalta jo 2 viikossa*.<br \/>-Ihon rakenne on n\u00e4kyv\u00e4sti sile\u00e4mpi jo 4 viikossa*.<br \/>-Tarjoaa 24 tunnin \u00f6ljy- ja kiiltohallinnan.<br \/>-94 % sanoo, ett\u00e4 se v\u00e4hent\u00e4\u00e4 v\u00e4litt\u00f6m\u00e4sti \u00f6ljyisyytt\u00e4^.<br \/>-91 % sanoo, ett\u00e4 se tuntuu miellytt\u00e4v\u00e4lt\u00e4 koko p\u00e4iv\u00e4n ajan^.<br \/>-90 % sanoo, ett\u00e4 se tasoittaa ihon s\u00e4vy\u00e4^.<\/p>\n<p>MIKSI RAKASTAT T\u00c4T\u00c4:<br \/>-Talkiton puuterimeikkipohja, joka parantaa ihoa n\u00e4kyv\u00e4sti ajan my\u00f6t\u00e4.<br \/>-16 tunnin kest\u00e4vyys.<br \/>-Ei kuivattava koostumus.<br \/>-Sis\u00e4lt\u00e4\u00e4 levityssienen \u2013 t\u00e4ydellinen matkalle mukaan.<br \/>-Voidaan levitt\u00e4\u00e4 kosteana tai kuivana.<br \/>-Kest\u00e4\u00e4 hikoilua ja korkeaa ilmankosteutta.<br \/>-Ei siirry.<br \/>-Ihotautil\u00e4\u00e4k\u00e4rin testaama.<br \/>-Hypoallergeeninen, ei-komedogeeninen, ei-aknegeeninen.<br \/>-Vegaaninen.<br \/>-Talkiton + ei sis\u00e4ll\u00e4 parabeeneja, formaldehydi\u00e4, synteettisi\u00e4 hajusteita, gluteenia jne.<\/p>\n<p>*Perustuu 4 viikon kliiniseen tutkimukseen, jossa oli 47 osallistujaa.<br \/>^Perustuu kuluttajatutkimukseen, jossa oli 105 osallistujaa.<\/p>\n<p>S\u00e4vy: Light 27 Neutral<\/p><\/div>\n","protected":false},"excerpt":{"rendered":"<p>BareMinerals BarePro 24-Hour Skin-Perfecting Powder Foundation on hikoilua, kosteutta ja siirtymist\u00e4 kest\u00e4v\u00e4 meikkipohja, joka tarjoaa luonnollisen mattapinnan ja 16 tunnin t\u00e4ydellisen peitt\u00e4vyyden. Se antaa ihon hengitt\u00e4\u00e4 ja parantaa n\u00e4kyv\u00e4sti ihon ulkon\u00e4k\u00f6\u00e4 ajan mittaan. MIT\u00c4 SE TEKEE:-Antaa 24 tunnin t\u00e4ydellisen peitt\u00e4vyyden.-Tasapainottaa n\u00e4kyv\u00e4sti ihon s\u00e4vy\u00e4 ja rakennetta ajan my\u00f6t\u00e4.-Imeytt\u00e4\u00e4 \u00f6ljy\u00e4 ja hillitsee kiiltoa 24 tunnin ajan.-Todistetut tulokset:-Ihons\u00e4vy [&hellip;]<\/p>\n","protected":false},"featured_media":119961,"comment_status":"open","ping_status":"closed","template":"","meta":{"_trash_the_other_posts":false},"product_brand":[],"product_cat":[718],"product_tag":[2472],"berocket_brand":[1256],"class_list":{"0":"post-119987","1":"product","2":"type-product","3":"status-publish","4":"has-post-thumbnail","6":"product_cat-puuterimeikkivoide","7":"product_tag-bareminerals-barepro-16-hour-skin-perfecting-powder-foundation","8":"pa_brand-bareminerals","9":"pa_variantti-light-27-neutral","10":"berocket_brand-bareminerals","12":"first","13":"instock","14":"sale","15":"taxable","16":"shipping-taxable","17":"purchasable","18":"product-type-simple"},"_links":{"self":[{"href":"https:\/\/stylingagenten.com\/fi\/wp-json\/wp\/v2\/product\/119987","targetHints":{"allow":["GET"]}}],"collection":[{"href":"https:\/\/stylingagenten.com\/fi\/wp-json\/wp\/v2\/product"}],"about":[{"href":"https:\/\/stylingagenten.com\/fi\/wp-json\/wp\/v2\/types\/product"}],"replies":[{"embeddable":true,"href":"https:\/\/stylingagenten.com\/fi\/wp-json\/wp\/v2\/comments?post=119987"}],"version-history":[{"count":0,"href":"https:\/\/stylingagenten.com\/fi\/wp-json\/wp\/v2\/product\/119987\/revisions"}],"wp:featuredmedia":[{"embeddable":true,"href":"https:\/\/stylingagenten.com\/fi\/wp-json\/wp\/v2\/media\/119961"}],"wp:attachment":[{"href":"https:\/\/stylingagenten.com\/fi\/wp-json\/wp\/v2\/media?parent=119987"}],"wp:term":[{"taxonomy":"product_brand","embeddable":true,"href":"https:\/\/stylingagenten.com\/fi\/wp-json\/wp\/v2\/product_brand?post=119987"},{"taxonomy":"product_cat","embeddable":true,"href":"https:\/\/stylingagenten.com\/fi\/wp-json\/wp\/v2\/product_cat?post=119987"},{"taxonomy":"product_tag","embeddable":true,"href":"https:\/\/stylingagenten.com\/fi\/wp-json\/wp\/v2\/product_tag?post=119987"},{"taxonomy":"berocket_brand","embeddable":true,"href":"https:\/\/stylingagenten.com\/fi\/wp-json\/wp\/v2\/berocket_brand?post=119987"}],"curies":[{"name":"wp","href":"https:\/\/api.w.org\/{rel}","templated":true}]}}