{"id":119836,"date":"2025-05-18T21:34:34","date_gmt":"2025-05-18T21:34:34","guid":{"rendered":"https:\/\/staging2.stylingagenten.com\/fi\/produkt\/2-pack-wella-eimi-pearl-styler-styling-gel-100ml\/"},"modified":"2026-04-15T05:49:36","modified_gmt":"2026-04-15T05:49:36","slug":"2-pack-wella-eimi-pearl-styler-styling-gel-100ml","status":"publish","type":"product","link":"https:\/\/stylingagenten.com\/fi\/tuote\/2-pack-wella-eimi-pearl-styler-styling-gel-100ml\/","title":{"rendered":"2-pack  Wella EIMI Pearl Styler Styling Gel 100ml"},"content":{"rendered":"<p>Wella EIMI Pearl Styler Styling Gel antaa sinulle mahdollisuuden muotoilla hiuksesi juuri sellaisiksi kuin haluat.<br \/>Tutki mielikuvitustasi, anna sille vapaat k\u00e4det ja luo upeita kampauksia, joissa on m\u00e4\u00e4ritelty rakenne ja ainutlaatuinen helmikiilto.<\/p>\n","protected":false},"excerpt":{"rendered":"<p>Wella EIMI Pearl Styler Styling Gel antaa sinulle mahdollisuuden muotoilla hiuksesi juuri sellaisiksi kuin haluat.Tutki mielikuvitustasi, anna sille vapaat k\u00e4det ja luo upeita kampauksia, joissa on m\u00e4\u00e4ritelty rakenne ja ainutlaatuinen helmikiilto.<\/p>\n","protected":false},"featured_media":119832,"comment_status":"open","ping_status":"closed","template":"","meta":{"_trash_the_other_posts":false},"product_brand":[],"product_cat":[672,1003],"product_tag":[],"berocket_brand":[1030],"class_list":{"0":"post-119836","1":"product","2":"type-product","3":"status-publish","4":"has-post-thumbnail","6":"product_cat-monipakkaus-hiukset","7":"product_cat-myydyimmat","8":"pa_brand-wella","9":"berocket_brand-wella","11":"first","12":"instock","13":"sale","14":"taxable","15":"shipping-taxable","16":"purchasable","17":"product-type-simple"},"_links":{"self":[{"href":"https:\/\/stylingagenten.com\/fi\/wp-json\/wp\/v2\/product\/119836","targetHints":{"allow":["GET"]}}],"collection":[{"href":"https:\/\/stylingagenten.com\/fi\/wp-json\/wp\/v2\/product"}],"about":[{"href":"https:\/\/stylingagenten.com\/fi\/wp-json\/wp\/v2\/types\/product"}],"replies":[{"embeddable":true,"href":"https:\/\/stylingagenten.com\/fi\/wp-json\/wp\/v2\/comments?post=119836"}],"version-history":[{"count":0,"href":"https:\/\/stylingagenten.com\/fi\/wp-json\/wp\/v2\/product\/119836\/revisions"}],"wp:featuredmedia":[{"embeddable":true,"href":"https:\/\/stylingagenten.com\/fi\/wp-json\/wp\/v2\/media\/119832"}],"wp:attachment":[{"href":"https:\/\/stylingagenten.com\/fi\/wp-json\/wp\/v2\/media?parent=119836"}],"wp:term":[{"taxonomy":"product_brand","embeddable":true,"href":"https:\/\/stylingagenten.com\/fi\/wp-json\/wp\/v2\/product_brand?post=119836"},{"taxonomy":"product_cat","embeddable":true,"href":"https:\/\/stylingagenten.com\/fi\/wp-json\/wp\/v2\/product_cat?post=119836"},{"taxonomy":"product_tag","embeddable":true,"href":"https:\/\/stylingagenten.com\/fi\/wp-json\/wp\/v2\/product_tag?post=119836"},{"taxonomy":"berocket_brand","embeddable":true,"href":"https:\/\/stylingagenten.com\/fi\/wp-json\/wp\/v2\/berocket_brand?post=119836"}],"curies":[{"name":"wp","href":"https:\/\/api.w.org\/{rel}","templated":true}]}}