{"id":119815,"date":"2025-05-18T21:34:27","date_gmt":"2025-05-18T21:34:27","guid":{"rendered":"https:\/\/staging2.stylingagenten.com\/fi\/produkt\/2-pack-wella-eimi-ocean-spritz-salt-spray-150ml\/"},"modified":"2026-04-15T07:11:11","modified_gmt":"2026-04-15T07:11:11","slug":"2-pack-wella-eimi-ocean-spritz-salt-spray-150ml","status":"publish","type":"product","link":"https:\/\/stylingagenten.com\/fi\/tuote\/2-pack-wella-eimi-ocean-spritz-salt-spray-150ml\/","title":{"rendered":"2-pack Wella EIMI Ocean Spritz Salt Spray 150ml"},"content":{"rendered":"<p>Suihke, joka antaa suolaisen tuntuisen ja rannan ilmeen.<\/p>\n<p>Antaa tukea, volyymia ja mattapintaisen lopputuloksen.<\/p>\n<p>Suihkuta kuiviin hiuksiin l\u00e4hinn\u00e4 p\u00e4\u00e4nahkaa ja halaa eteenp\u00e4in saadaksesi t\u00e4ytel\u00e4isyyden, volyymin, t\u00e4ydellinen tai ilkikurinen ulkon\u00e4k\u00f6.<\/p>\n","protected":false},"excerpt":{"rendered":"<p>Suihke, joka antaa suolaisen tuntuisen ja rannan ilmeen. Antaa tukea, volyymia ja mattapintaisen lopputuloksen. Suihkuta kuiviin hiuksiin l\u00e4hinn\u00e4 p\u00e4\u00e4nahkaa ja halaa eteenp\u00e4in saadaksesi t\u00e4ytel\u00e4isyyden, volyymin, t\u00e4ydellinen tai ilkikurinen ulkon\u00e4k\u00f6.<\/p>\n","protected":false},"featured_media":119810,"comment_status":"open","ping_status":"closed","template":"","meta":{"_trash_the_other_posts":false},"product_brand":[],"product_cat":[672,1003,603],"product_tag":[],"berocket_brand":[1030],"class_list":{"0":"post-119815","1":"product","2":"type-product","3":"status-publish","4":"has-post-thumbnail","6":"product_cat-monipakkaus-hiukset","7":"product_cat-myydyimmat","8":"product_cat-suolavesisuihku","9":"pa_brand-wella","10":"berocket_brand-wella","12":"first","13":"instock","14":"sale","15":"taxable","16":"shipping-taxable","17":"purchasable","18":"product-type-simple"},"_links":{"self":[{"href":"https:\/\/stylingagenten.com\/fi\/wp-json\/wp\/v2\/product\/119815","targetHints":{"allow":["GET"]}}],"collection":[{"href":"https:\/\/stylingagenten.com\/fi\/wp-json\/wp\/v2\/product"}],"about":[{"href":"https:\/\/stylingagenten.com\/fi\/wp-json\/wp\/v2\/types\/product"}],"replies":[{"embeddable":true,"href":"https:\/\/stylingagenten.com\/fi\/wp-json\/wp\/v2\/comments?post=119815"}],"version-history":[{"count":0,"href":"https:\/\/stylingagenten.com\/fi\/wp-json\/wp\/v2\/product\/119815\/revisions"}],"wp:featuredmedia":[{"embeddable":true,"href":"https:\/\/stylingagenten.com\/fi\/wp-json\/wp\/v2\/media\/119810"}],"wp:attachment":[{"href":"https:\/\/stylingagenten.com\/fi\/wp-json\/wp\/v2\/media?parent=119815"}],"wp:term":[{"taxonomy":"product_brand","embeddable":true,"href":"https:\/\/stylingagenten.com\/fi\/wp-json\/wp\/v2\/product_brand?post=119815"},{"taxonomy":"product_cat","embeddable":true,"href":"https:\/\/stylingagenten.com\/fi\/wp-json\/wp\/v2\/product_cat?post=119815"},{"taxonomy":"product_tag","embeddable":true,"href":"https:\/\/stylingagenten.com\/fi\/wp-json\/wp\/v2\/product_tag?post=119815"},{"taxonomy":"berocket_brand","embeddable":true,"href":"https:\/\/stylingagenten.com\/fi\/wp-json\/wp\/v2\/berocket_brand?post=119815"}],"curies":[{"name":"wp","href":"https:\/\/api.w.org\/{rel}","templated":true}]}}