{"id":119809,"date":"2025-05-18T21:34:26","date_gmt":"2025-05-18T21:34:26","guid":{"rendered":"https:\/\/staging2.stylingagenten.com\/fi\/produkt\/2-pack-max-factor-2000-calorie-mascara-black-9ml\/"},"modified":"2026-04-14T08:58:28","modified_gmt":"2026-04-14T08:58:28","slug":"2-pack-max-factor-2000-calorie-mascara-black-9ml","status":"publish","type":"product","link":"https:\/\/stylingagenten.com\/fi\/tuote\/2-pack-max-factor-2000-calorie-mascara-black-9ml\/","title":{"rendered":"2-pack Max Factor 2000 Calorie Mascara Black 9ml"},"content":{"rendered":"<p>Tuplaa! Max Factor 2000 Calorie Mascara Black on ripsiv\u00e4ri, joka antaa jopa 300 % enemm\u00e4n ripsi\u00e4. Haluatko draamaa? Kolminkertaista ripsien volyymi t\u00e4ll\u00e4 supervolyymilla ripsiv\u00e4rill\u00e4. Rakennuskoostumus paksuntaa ohuimmatkin ripset antamalla niille v\u00e4litt\u00f6m\u00e4sti jopa 300 % lis\u00e4\u00e4 volyymia! Pohjustusainetta ei tarvita? ensimm\u00e4inen hakemus p\u00e4tee vain; niin kauan kuin kest\u00e4\u00e4. Se on helppo poistaa miedolla meikinpoistoaineella, joten ett\u00e4 kaikki vaaleaihoiset ja piilolinssej\u00e4 k\u00e4ytt\u00e4v\u00e4t voivat nauttia t\u00e4ytel\u00e4isist\u00e4 ripsist\u00e4!<\/p>\n<p><strong>V\u00e4ri:&nbsp;<\/strong>Musta<\/p>\n","protected":false},"excerpt":{"rendered":"<p>Tuplaa! Max Factor 2000 Calorie Mascara Black on ripsiv\u00e4ri, joka antaa jopa 300 % enemm\u00e4n ripsi\u00e4. Haluatko draamaa? Kolminkertaista ripsien volyymi t\u00e4ll\u00e4 supervolyymilla ripsiv\u00e4rill\u00e4. Rakennuskoostumus paksuntaa ohuimmatkin ripset antamalla niille v\u00e4litt\u00f6m\u00e4sti jopa 300 % lis\u00e4\u00e4 volyymia! Pohjustusainetta ei tarvita? ensimm\u00e4inen hakemus p\u00e4tee vain; niin kauan kuin kest\u00e4\u00e4. Se on helppo poistaa miedolla meikinpoistoaineella, joten ett\u00e4 [&hellip;]<\/p>\n","protected":false},"featured_media":119808,"comment_status":"open","ping_status":"closed","template":"","meta":{"_trash_the_other_posts":false},"product_brand":[],"product_cat":[673,1003],"product_tag":[],"berocket_brand":[1013],"class_list":{"0":"post-119809","1":"product","2":"type-product","3":"status-publish","4":"has-post-thumbnail","6":"product_cat-monipakkaus-meikki","7":"product_cat-myydyimmat","8":"pa_brand-max-factor","9":"berocket_brand-max-factor","11":"first","12":"instock","13":"sale","14":"taxable","15":"shipping-taxable","16":"purchasable","17":"product-type-simple"},"_links":{"self":[{"href":"https:\/\/stylingagenten.com\/fi\/wp-json\/wp\/v2\/product\/119809","targetHints":{"allow":["GET"]}}],"collection":[{"href":"https:\/\/stylingagenten.com\/fi\/wp-json\/wp\/v2\/product"}],"about":[{"href":"https:\/\/stylingagenten.com\/fi\/wp-json\/wp\/v2\/types\/product"}],"replies":[{"embeddable":true,"href":"https:\/\/stylingagenten.com\/fi\/wp-json\/wp\/v2\/comments?post=119809"}],"version-history":[{"count":0,"href":"https:\/\/stylingagenten.com\/fi\/wp-json\/wp\/v2\/product\/119809\/revisions"}],"wp:featuredmedia":[{"embeddable":true,"href":"https:\/\/stylingagenten.com\/fi\/wp-json\/wp\/v2\/media\/119808"}],"wp:attachment":[{"href":"https:\/\/stylingagenten.com\/fi\/wp-json\/wp\/v2\/media?parent=119809"}],"wp:term":[{"taxonomy":"product_brand","embeddable":true,"href":"https:\/\/stylingagenten.com\/fi\/wp-json\/wp\/v2\/product_brand?post=119809"},{"taxonomy":"product_cat","embeddable":true,"href":"https:\/\/stylingagenten.com\/fi\/wp-json\/wp\/v2\/product_cat?post=119809"},{"taxonomy":"product_tag","embeddable":true,"href":"https:\/\/stylingagenten.com\/fi\/wp-json\/wp\/v2\/product_tag?post=119809"},{"taxonomy":"berocket_brand","embeddable":true,"href":"https:\/\/stylingagenten.com\/fi\/wp-json\/wp\/v2\/berocket_brand?post=119809"}],"curies":[{"name":"wp","href":"https:\/\/api.w.org\/{rel}","templated":true}]}}