{"id":119795,"date":"2025-05-18T21:34:18","date_gmt":"2025-05-18T21:34:18","guid":{"rendered":"https:\/\/staging2.stylingagenten.com\/fi\/produkt\/3-pack-id-hair-extreme-titanium-wax-100ml\/"},"modified":"2026-04-01T06:48:38","modified_gmt":"2026-04-01T06:48:38","slug":"3-pack-id-hair-extreme-titanium-wax-100ml","status":"publish","type":"product","link":"https:\/\/stylingagenten.com\/fi\/tuote\/3-pack-id-hair-extreme-titanium-wax-100ml\/","title":{"rendered":"3-pack ID Hair Extreme Titanium Wax 100ml"},"content":{"rendered":"<p>3-pakkaus ID Hair Extreme Titanium Wax 100 ml \u2013 Antaa \u00e4\u00e4rimm\u00e4isen pidon lyhyille hiuksille. Mahdollistaa hiusten muotoilun koko p\u00e4iv\u00e4n ajan. Vaha erottuu selv\u00e4sti ja on helppo huuhdella pois. Tanskan markkinoiden johtava vaha!<\/p>\n","protected":false},"excerpt":{"rendered":"<p>3-pakkaus ID Hair Extreme Titanium Wax 100 ml \u2013 Antaa \u00e4\u00e4rimm\u00e4isen pidon lyhyille hiuksille. Mahdollistaa hiusten muotoilun koko p\u00e4iv\u00e4n ajan. Vaha erottuu selv\u00e4sti ja on helppo huuhdella pois. Tanskan markkinoiden johtava vaha!<\/p>\n","protected":false},"featured_media":119793,"comment_status":"open","ping_status":"closed","template":"","meta":{"_trash_the_other_posts":false},"product_brand":[],"product_cat":[671],"product_tag":[],"berocket_brand":[1345],"class_list":{"0":"post-119795","1":"product","2":"type-product","3":"status-publish","4":"has-post-thumbnail","6":"product_cat-monipakkaus-vahaa","7":"pa_brand-id-hair","8":"berocket_brand-id-hair","10":"first","11":"instock","12":"sale","13":"taxable","14":"shipping-taxable","15":"purchasable","16":"product-type-simple"},"_links":{"self":[{"href":"https:\/\/stylingagenten.com\/fi\/wp-json\/wp\/v2\/product\/119795","targetHints":{"allow":["GET"]}}],"collection":[{"href":"https:\/\/stylingagenten.com\/fi\/wp-json\/wp\/v2\/product"}],"about":[{"href":"https:\/\/stylingagenten.com\/fi\/wp-json\/wp\/v2\/types\/product"}],"replies":[{"embeddable":true,"href":"https:\/\/stylingagenten.com\/fi\/wp-json\/wp\/v2\/comments?post=119795"}],"version-history":[{"count":0,"href":"https:\/\/stylingagenten.com\/fi\/wp-json\/wp\/v2\/product\/119795\/revisions"}],"wp:featuredmedia":[{"embeddable":true,"href":"https:\/\/stylingagenten.com\/fi\/wp-json\/wp\/v2\/media\/119793"}],"wp:attachment":[{"href":"https:\/\/stylingagenten.com\/fi\/wp-json\/wp\/v2\/media?parent=119795"}],"wp:term":[{"taxonomy":"product_brand","embeddable":true,"href":"https:\/\/stylingagenten.com\/fi\/wp-json\/wp\/v2\/product_brand?post=119795"},{"taxonomy":"product_cat","embeddable":true,"href":"https:\/\/stylingagenten.com\/fi\/wp-json\/wp\/v2\/product_cat?post=119795"},{"taxonomy":"product_tag","embeddable":true,"href":"https:\/\/stylingagenten.com\/fi\/wp-json\/wp\/v2\/product_tag?post=119795"},{"taxonomy":"berocket_brand","embeddable":true,"href":"https:\/\/stylingagenten.com\/fi\/wp-json\/wp\/v2\/berocket_brand?post=119795"}],"curies":[{"name":"wp","href":"https:\/\/api.w.org\/{rel}","templated":true}]}}