{"id":119775,"date":"2025-05-18T21:34:10","date_gmt":"2025-05-18T21:34:10","guid":{"rendered":"https:\/\/staging2.stylingagenten.com\/fi\/produkt\/2-pack-max-factor-masterpiece-mascara-rich-black-45ml\/"},"modified":"2026-03-31T18:28:27","modified_gmt":"2026-03-31T18:28:27","slug":"2-pack-max-factor-masterpiece-mascara-rich-black-45ml","status":"publish","type":"product","link":"https:\/\/stylingagenten.com\/fi\/tuote\/2-pack-max-factor-masterpiece-mascara-rich-black-45ml\/","title":{"rendered":"2-pack Max Factor Masterpiece Mascara Rich Black 4,5ml"},"content":{"rendered":"<p>Max Factor Masterpiece Mascara Rich Black m\u00e4\u00e4rittelee ja erottaa ripset ja antaa saman katseenvangitsijan ja ammattimaisen vaikutelman, jonka meikkitaiteilija voi luoda! Masterpiecen huipputekninen iFX-harja peitt\u00e4\u00e4 kaikki ripset, my\u00f6s vaikeap\u00e4\u00e4syiset. kulmissa. Tuloksena on kauniisti kehystetyt silm\u00e4t, jotka ovat jopa viisi kertaa tehokkaampia.<\/p>\n<p><strong>K\u00e4yt\u00e4:<\/strong> Ammattilaisten vinkki: Esittele t\u00e4ydellinen meikkisi kauniilla kerroksella Masterpiece Mascaraa. yl\u00e4- ja alaripset. Meikkitaiteilijamme sanoo: Varmista, ett\u00e4 annat ripsille tasaisen kerroksen ripsiv\u00e4ri\u00e4, my\u00f6s pienille; ripset &ouml;gonvr&aring; &ouml;gonvr&aring; ja juuresta latvaan. Salaisuus on siveltimess\u00e4.<\/p>\n<p><strong>V\u00e4ri:<\/strong> Musta<\/p>\n","protected":false},"excerpt":{"rendered":"<p>Max Factor Masterpiece Mascara Rich Black m\u00e4\u00e4rittelee ja erottaa ripset ja antaa saman katseenvangitsijan ja ammattimaisen vaikutelman, jonka meikkitaiteilija voi luoda! Masterpiecen huipputekninen iFX-harja peitt\u00e4\u00e4 kaikki ripset, my\u00f6s vaikeap\u00e4\u00e4syiset. kulmissa. Tuloksena on kauniisti kehystetyt silm\u00e4t, jotka ovat jopa viisi kertaa tehokkaampia. K\u00e4yt\u00e4: Ammattilaisten vinkki: Esittele t\u00e4ydellinen meikkisi kauniilla kerroksella Masterpiece Mascaraa. yl\u00e4- ja alaripset. Meikkitaiteilijamme [&hellip;]<\/p>\n","protected":false},"featured_media":119774,"comment_status":"open","ping_status":"closed","template":"","meta":{"_trash_the_other_posts":false},"product_brand":[],"product_cat":[673,1003,618],"product_tag":[],"berocket_brand":[1013],"class_list":{"0":"post-119775","1":"product","2":"type-product","3":"status-publish","4":"has-post-thumbnail","6":"product_cat-monipakkaus-meikki","7":"product_cat-myydyimmat","8":"product_cat-ripsivari","9":"pa_brand-max-factor","10":"berocket_brand-max-factor","12":"first","13":"instock","14":"sale","15":"taxable","16":"shipping-taxable","17":"purchasable","18":"product-type-simple"},"_links":{"self":[{"href":"https:\/\/stylingagenten.com\/fi\/wp-json\/wp\/v2\/product\/119775","targetHints":{"allow":["GET"]}}],"collection":[{"href":"https:\/\/stylingagenten.com\/fi\/wp-json\/wp\/v2\/product"}],"about":[{"href":"https:\/\/stylingagenten.com\/fi\/wp-json\/wp\/v2\/types\/product"}],"replies":[{"embeddable":true,"href":"https:\/\/stylingagenten.com\/fi\/wp-json\/wp\/v2\/comments?post=119775"}],"version-history":[{"count":0,"href":"https:\/\/stylingagenten.com\/fi\/wp-json\/wp\/v2\/product\/119775\/revisions"}],"wp:featuredmedia":[{"embeddable":true,"href":"https:\/\/stylingagenten.com\/fi\/wp-json\/wp\/v2\/media\/119774"}],"wp:attachment":[{"href":"https:\/\/stylingagenten.com\/fi\/wp-json\/wp\/v2\/media?parent=119775"}],"wp:term":[{"taxonomy":"product_brand","embeddable":true,"href":"https:\/\/stylingagenten.com\/fi\/wp-json\/wp\/v2\/product_brand?post=119775"},{"taxonomy":"product_cat","embeddable":true,"href":"https:\/\/stylingagenten.com\/fi\/wp-json\/wp\/v2\/product_cat?post=119775"},{"taxonomy":"product_tag","embeddable":true,"href":"https:\/\/stylingagenten.com\/fi\/wp-json\/wp\/v2\/product_tag?post=119775"},{"taxonomy":"berocket_brand","embeddable":true,"href":"https:\/\/stylingagenten.com\/fi\/wp-json\/wp\/v2\/berocket_brand?post=119775"}],"curies":[{"name":"wp","href":"https:\/\/api.w.org\/{rel}","templated":true}]}}