{"id":119773,"date":"2025-05-18T21:34:10","date_gmt":"2025-05-18T21:34:10","guid":{"rendered":"https:\/\/staging2.stylingagenten.com\/fi\/produkt\/2-pack-max-factor-false-lash-effect-mascara-waterproof-black-131ml\/"},"modified":"2026-04-07T17:08:42","modified_gmt":"2026-04-07T17:08:42","slug":"2-pack-max-factor-false-lash-effect-mascara-waterproof-black-131ml","status":"publish","type":"product","link":"https:\/\/stylingagenten.com\/fi\/tuote\/2-pack-max-factor-false-lash-effect-mascara-waterproof-black-131ml\/","title":{"rendered":"2-pack Max Factor False Lash Effect Mascara Waterproof Black 13,1ml"},"content":{"rendered":"<p>Max Factor False Lash Effect Mascara Waterproof Black antaa sinulle t\u00e4ydelliset ripset, joista unelmoit. T\u00e4m\u00e4 on Max Factorin kaikkien aikojen suurin sivellin! Se muuttaa ja tekee ripsist\u00e4si t\u00e4ytel\u00e4isempi\u00e4 kuin olet koskaan uskonut, ett\u00e4 luonnolliset ripset voisivat olla. Yksi harjan pyyhk\u00e4isy levitt\u00e4\u00e4 runsaan m\u00e4\u00e4r\u00e4n ripsiv\u00e4ri\u00e4 KOKO ripsien ymp\u00e4rille ja Mouldtrusion-harja LAKAISEE ripsiv\u00e4rin ripsien k\u00e4rkien ymp\u00e4rilt\u00e4 ja erottaa ripset. S\u00e4teilee enemm\u00e4n, Nostaa enemm\u00e4n, Erottaa enemm\u00e4n! Sinulla tulee olla meikinpoistoaine, jotta ripsiv\u00e4ri voidaan poistaa hell\u00e4varaisesti.<\/p>\n<p><strong>V\u00e4ri:<\/strong> Vedenpit\u00e4v\u00e4 musta.<\/p>\n","protected":false},"excerpt":{"rendered":"<p>Max Factor False Lash Effect Mascara Waterproof Black antaa sinulle t\u00e4ydelliset ripset, joista unelmoit. T\u00e4m\u00e4 on Max Factorin kaikkien aikojen suurin sivellin! Se muuttaa ja tekee ripsist\u00e4si t\u00e4ytel\u00e4isempi\u00e4 kuin olet koskaan uskonut, ett\u00e4 luonnolliset ripset voisivat olla. Yksi harjan pyyhk\u00e4isy levitt\u00e4\u00e4 runsaan m\u00e4\u00e4r\u00e4n ripsiv\u00e4ri\u00e4 KOKO ripsien ymp\u00e4rille ja Mouldtrusion-harja LAKAISEE ripsiv\u00e4rin ripsien k\u00e4rkien ymp\u00e4rilt\u00e4 ja [&hellip;]<\/p>\n","protected":false},"featured_media":119772,"comment_status":"open","ping_status":"closed","template":"","meta":{"_trash_the_other_posts":false},"product_brand":[],"product_cat":[673,1003,618],"product_tag":[],"berocket_brand":[1013],"class_list":{"0":"post-119773","1":"product","2":"type-product","3":"status-publish","4":"has-post-thumbnail","6":"product_cat-monipakkaus-meikki","7":"product_cat-myydyimmat","8":"product_cat-ripsivari","9":"pa_brand-max-factor","10":"berocket_brand-max-factor","12":"first","13":"instock","14":"sale","15":"taxable","16":"shipping-taxable","17":"purchasable","18":"product-type-simple"},"_links":{"self":[{"href":"https:\/\/stylingagenten.com\/fi\/wp-json\/wp\/v2\/product\/119773","targetHints":{"allow":["GET"]}}],"collection":[{"href":"https:\/\/stylingagenten.com\/fi\/wp-json\/wp\/v2\/product"}],"about":[{"href":"https:\/\/stylingagenten.com\/fi\/wp-json\/wp\/v2\/types\/product"}],"replies":[{"embeddable":true,"href":"https:\/\/stylingagenten.com\/fi\/wp-json\/wp\/v2\/comments?post=119773"}],"version-history":[{"count":0,"href":"https:\/\/stylingagenten.com\/fi\/wp-json\/wp\/v2\/product\/119773\/revisions"}],"wp:featuredmedia":[{"embeddable":true,"href":"https:\/\/stylingagenten.com\/fi\/wp-json\/wp\/v2\/media\/119772"}],"wp:attachment":[{"href":"https:\/\/stylingagenten.com\/fi\/wp-json\/wp\/v2\/media?parent=119773"}],"wp:term":[{"taxonomy":"product_brand","embeddable":true,"href":"https:\/\/stylingagenten.com\/fi\/wp-json\/wp\/v2\/product_brand?post=119773"},{"taxonomy":"product_cat","embeddable":true,"href":"https:\/\/stylingagenten.com\/fi\/wp-json\/wp\/v2\/product_cat?post=119773"},{"taxonomy":"product_tag","embeddable":true,"href":"https:\/\/stylingagenten.com\/fi\/wp-json\/wp\/v2\/product_tag?post=119773"},{"taxonomy":"berocket_brand","embeddable":true,"href":"https:\/\/stylingagenten.com\/fi\/wp-json\/wp\/v2\/berocket_brand?post=119773"}],"curies":[{"name":"wp","href":"https:\/\/api.w.org\/{rel}","templated":true}]}}