{"id":119761,"date":"2025-05-18T21:34:04","date_gmt":"2025-05-18T21:34:04","guid":{"rendered":"https:\/\/staging2.stylingagenten.com\/fi\/produkt\/2-pack-max-factor-masterpiece-mascara-waterproof-black-45ml\/"},"modified":"2026-04-09T12:42:31","modified_gmt":"2026-04-09T12:42:31","slug":"2-pack-max-factor-masterpiece-mascara-waterproof-black-45ml","status":"publish","type":"product","link":"https:\/\/stylingagenten.com\/fi\/tuote\/2-pack-max-factor-masterpiece-mascara-waterproof-black-45ml\/","title":{"rendered":"2-pack Max Factor Masterpiece Mascara Waterproof Black 4,5ml"},"content":{"rendered":"<p>Max Factor Masterpiece Mascara Waterproof Black m\u00e4\u00e4rittelee ja erottaa ripset antamalla niille saman silmiinpist\u00e4v\u00e4n ja ammattimaisen vaikutelman, jonka meikkitaiteilija voisi luoda! Masterpiece Waterproofin huippuluokan iFX-harja v\u00e4rj\u00e4\u00e4 tasaisesti kaikki ripset, my\u00f6s vaikeasti tavoitettavat ripset. Tuloksena on kauniisti kehystetyt ripset, jotka ovat jopa viisi kertaa katseenvangitsijampia verrattuna Ripsien volyymi, m\u00e4\u00e4r\u00e4, kontrastialue ja n\u00e4kyvyys.<\/p>\n<p><strong>K\u00e4ytt\u00f6:<\/strong> Vinkki ammattilaisilta: Esittele t\u00e4ydellinen meikkisi kauniilla Masterpiece Mascara -kerroksella. yl\u00e4- ja alaripset. Meikkitaiteilijamme sanoo: Varmista, ett\u00e4 annat ripsille tasaisen kerroksen ripsiv\u00e4ri\u00e4 ja jopa pienille; ripset &ouml;gonvr&aring; &ouml;gonvr&aring; ja tyvest\u00e4 latvaan.<\/p>\n<p><strong>V\u00e4ri:<\/strong> Musta<\/p>\n","protected":false},"excerpt":{"rendered":"<p>Max Factor Masterpiece Mascara Waterproof Black m\u00e4\u00e4rittelee ja erottaa ripset antamalla niille saman silmiinpist\u00e4v\u00e4n ja ammattimaisen vaikutelman, jonka meikkitaiteilija voisi luoda! Masterpiece Waterproofin huippuluokan iFX-harja v\u00e4rj\u00e4\u00e4 tasaisesti kaikki ripset, my\u00f6s vaikeasti tavoitettavat ripset. Tuloksena on kauniisti kehystetyt ripset, jotka ovat jopa viisi kertaa katseenvangitsijampia verrattuna Ripsien volyymi, m\u00e4\u00e4r\u00e4, kontrastialue ja n\u00e4kyvyys. K\u00e4ytt\u00f6: Vinkki ammattilaisilta: Esittele [&hellip;]<\/p>\n","protected":false},"featured_media":119759,"comment_status":"open","ping_status":"closed","template":"","meta":{"_trash_the_other_posts":false},"product_brand":[],"product_cat":[673,618],"product_tag":[],"berocket_brand":[1013],"class_list":{"0":"post-119761","1":"product","2":"type-product","3":"status-publish","4":"has-post-thumbnail","6":"product_cat-monipakkaus-meikki","7":"product_cat-ripsivari","8":"pa_brand-max-factor","9":"berocket_brand-max-factor","11":"first","12":"instock","13":"sale","14":"taxable","15":"shipping-taxable","16":"purchasable","17":"product-type-simple"},"_links":{"self":[{"href":"https:\/\/stylingagenten.com\/fi\/wp-json\/wp\/v2\/product\/119761","targetHints":{"allow":["GET"]}}],"collection":[{"href":"https:\/\/stylingagenten.com\/fi\/wp-json\/wp\/v2\/product"}],"about":[{"href":"https:\/\/stylingagenten.com\/fi\/wp-json\/wp\/v2\/types\/product"}],"replies":[{"embeddable":true,"href":"https:\/\/stylingagenten.com\/fi\/wp-json\/wp\/v2\/comments?post=119761"}],"version-history":[{"count":0,"href":"https:\/\/stylingagenten.com\/fi\/wp-json\/wp\/v2\/product\/119761\/revisions"}],"wp:featuredmedia":[{"embeddable":true,"href":"https:\/\/stylingagenten.com\/fi\/wp-json\/wp\/v2\/media\/119759"}],"wp:attachment":[{"href":"https:\/\/stylingagenten.com\/fi\/wp-json\/wp\/v2\/media?parent=119761"}],"wp:term":[{"taxonomy":"product_brand","embeddable":true,"href":"https:\/\/stylingagenten.com\/fi\/wp-json\/wp\/v2\/product_brand?post=119761"},{"taxonomy":"product_cat","embeddable":true,"href":"https:\/\/stylingagenten.com\/fi\/wp-json\/wp\/v2\/product_cat?post=119761"},{"taxonomy":"product_tag","embeddable":true,"href":"https:\/\/stylingagenten.com\/fi\/wp-json\/wp\/v2\/product_tag?post=119761"},{"taxonomy":"berocket_brand","embeddable":true,"href":"https:\/\/stylingagenten.com\/fi\/wp-json\/wp\/v2\/berocket_brand?post=119761"}],"curies":[{"name":"wp","href":"https:\/\/api.w.org\/{rel}","templated":true}]}}