{"id":119758,"date":"2025-05-18T21:34:04","date_gmt":"2025-05-18T21:34:04","guid":{"rendered":"https:\/\/staging2.stylingagenten.com\/fi\/produkt\/2-pack-helosan-original-salva-300gr\/"},"modified":"2026-04-13T10:38:31","modified_gmt":"2026-04-13T10:38:31","slug":"2-pack-helosan-original-salva-300gr","status":"publish","type":"product","link":"https:\/\/stylingagenten.com\/fi\/tuote\/2-pack-helosan-original-salva-300gr\/","title":{"rendered":"2-pack Helosan Original Salva 300gr"},"content":{"rendered":"<p>Helosan on klassinen monik\u00e4ytt\u00f6inen ihovoide, jota voidaan k\u00e4ytt\u00e4\u00e4 sek\u00e4 ihmisille ett\u00e4 el\u00e4imille.<\/p>\n<p>Helosan sis\u00e4lt\u00e4\u00e4 kosteuttavia ja pehment\u00e4vi\u00e4 aineita, jotka ovat samanlaisia \u200b\u200bkuin ihon luonnollinen suojarasva. ;mnen. Koostumuksensa ansiosta voide sopii erityisen hyvin kuivalle, herk\u00e4lle ja \u00e4rtyneelle iholle. Helosan asetetaan v\u00e4liaikaiseksi kerrokseksi sen p\u00e4\u00e4lle; iholle ja antaa iholle aikaa kosteuttaa, tekee siit\u00e4 kest\u00e4v\u00e4n ulkoisia vaikutuksia vastaan \u200b\u200bja palauttaa ihon luonnollisen tasapainon.<\/p>\n<p>Ei sis\u00e4ll\u00e4 v\u00e4rej\u00e4 ja hajusteita. <\/p>\n","protected":false},"excerpt":{"rendered":"<p>Helosan on klassinen monik\u00e4ytt\u00f6inen ihovoide, jota voidaan k\u00e4ytt\u00e4\u00e4 sek\u00e4 ihmisille ett\u00e4 el\u00e4imille. Helosan sis\u00e4lt\u00e4\u00e4 kosteuttavia ja pehment\u00e4vi\u00e4 aineita, jotka ovat samanlaisia \u200b\u200bkuin ihon luonnollinen suojarasva. ;mnen. Koostumuksensa ansiosta voide sopii erityisen hyvin kuivalle, herk\u00e4lle ja \u00e4rtyneelle iholle. Helosan asetetaan v\u00e4liaikaiseksi kerrokseksi sen p\u00e4\u00e4lle; iholle ja antaa iholle aikaa kosteuttaa, tekee siit\u00e4 kest\u00e4v\u00e4n ulkoisia vaikutuksia vastaan [&hellip;]<\/p>\n","protected":false},"featured_media":119756,"comment_status":"open","ping_status":"closed","template":"","meta":{"_trash_the_other_posts":false},"product_brand":[],"product_cat":[574],"product_tag":[],"berocket_brand":[1336],"class_list":{"0":"post-119758","1":"product","2":"type-product","3":"status-publish","4":"has-post-thumbnail","6":"product_cat-kasivoide","7":"pa_brand-helosan","8":"berocket_brand-helosan","10":"first","11":"instock","12":"sale","13":"taxable","14":"shipping-taxable","15":"purchasable","16":"product-type-simple"},"_links":{"self":[{"href":"https:\/\/stylingagenten.com\/fi\/wp-json\/wp\/v2\/product\/119758","targetHints":{"allow":["GET"]}}],"collection":[{"href":"https:\/\/stylingagenten.com\/fi\/wp-json\/wp\/v2\/product"}],"about":[{"href":"https:\/\/stylingagenten.com\/fi\/wp-json\/wp\/v2\/types\/product"}],"replies":[{"embeddable":true,"href":"https:\/\/stylingagenten.com\/fi\/wp-json\/wp\/v2\/comments?post=119758"}],"version-history":[{"count":0,"href":"https:\/\/stylingagenten.com\/fi\/wp-json\/wp\/v2\/product\/119758\/revisions"}],"wp:featuredmedia":[{"embeddable":true,"href":"https:\/\/stylingagenten.com\/fi\/wp-json\/wp\/v2\/media\/119756"}],"wp:attachment":[{"href":"https:\/\/stylingagenten.com\/fi\/wp-json\/wp\/v2\/media?parent=119758"}],"wp:term":[{"taxonomy":"product_brand","embeddable":true,"href":"https:\/\/stylingagenten.com\/fi\/wp-json\/wp\/v2\/product_brand?post=119758"},{"taxonomy":"product_cat","embeddable":true,"href":"https:\/\/stylingagenten.com\/fi\/wp-json\/wp\/v2\/product_cat?post=119758"},{"taxonomy":"product_tag","embeddable":true,"href":"https:\/\/stylingagenten.com\/fi\/wp-json\/wp\/v2\/product_tag?post=119758"},{"taxonomy":"berocket_brand","embeddable":true,"href":"https:\/\/stylingagenten.com\/fi\/wp-json\/wp\/v2\/berocket_brand?post=119758"}],"curies":[{"name":"wp","href":"https:\/\/api.w.org\/{rel}","templated":true}]}}