{"id":119757,"date":"2025-05-18T21:34:03","date_gmt":"2025-05-18T21:34:03","guid":{"rendered":"https:\/\/staging2.stylingagenten.com\/fi\/produkt\/2-pack-goldwell-lagoom-jam-volume-gel-150ml\/"},"modified":"2026-04-13T12:29:25","modified_gmt":"2026-04-13T12:29:25","slug":"2-pack-goldwell-lagoom-jam-volume-gel-150ml","status":"publish","type":"product","link":"https:\/\/stylingagenten.com\/fi\/tuote\/2-pack-goldwell-lagoom-jam-volume-gel-150ml\/","title":{"rendered":"2-pack Goldwell Lagoom Jam Volume Gel 150ml"},"content":{"rendered":"<p>Geeli&eacute; v\u00e4lit\u00f6n vaikutus volyymiin ja luovuuteen. Meikkivoiteen ja muotoiluun. Sis\u00e4lt\u00e4\u00e4 l\u00e4mp\u00f6- ja v\u00e4risuojan.<\/p>\n<p><strong>K\u00e4ytt\u00f6:&nbsp;<\/strong>Levit\u00e4 pyyhekuiviin tai kuiviin hiuksiin.<\/p>\n","protected":false},"excerpt":{"rendered":"<p>Geeli&eacute; v\u00e4lit\u00f6n vaikutus volyymiin ja luovuuteen. Meikkivoiteen ja muotoiluun. Sis\u00e4lt\u00e4\u00e4 l\u00e4mp\u00f6- ja v\u00e4risuojan. K\u00e4ytt\u00f6:&nbsp;Levit\u00e4 pyyhekuiviin tai kuiviin hiuksiin.<\/p>\n","protected":false},"featured_media":119755,"comment_status":"open","ping_status":"closed","template":"","meta":{"_trash_the_other_posts":false},"product_brand":[],"product_cat":[672],"product_tag":[],"berocket_brand":[1328],"class_list":{"0":"post-119757","1":"product","2":"type-product","3":"status-publish","4":"has-post-thumbnail","6":"product_cat-monipakkaus-hiukset","7":"pa_brand-goldwell","8":"berocket_brand-goldwell","10":"first","11":"instock","12":"sale","13":"taxable","14":"shipping-taxable","15":"purchasable","16":"product-type-simple"},"_links":{"self":[{"href":"https:\/\/stylingagenten.com\/fi\/wp-json\/wp\/v2\/product\/119757","targetHints":{"allow":["GET"]}}],"collection":[{"href":"https:\/\/stylingagenten.com\/fi\/wp-json\/wp\/v2\/product"}],"about":[{"href":"https:\/\/stylingagenten.com\/fi\/wp-json\/wp\/v2\/types\/product"}],"replies":[{"embeddable":true,"href":"https:\/\/stylingagenten.com\/fi\/wp-json\/wp\/v2\/comments?post=119757"}],"version-history":[{"count":0,"href":"https:\/\/stylingagenten.com\/fi\/wp-json\/wp\/v2\/product\/119757\/revisions"}],"wp:featuredmedia":[{"embeddable":true,"href":"https:\/\/stylingagenten.com\/fi\/wp-json\/wp\/v2\/media\/119755"}],"wp:attachment":[{"href":"https:\/\/stylingagenten.com\/fi\/wp-json\/wp\/v2\/media?parent=119757"}],"wp:term":[{"taxonomy":"product_brand","embeddable":true,"href":"https:\/\/stylingagenten.com\/fi\/wp-json\/wp\/v2\/product_brand?post=119757"},{"taxonomy":"product_cat","embeddable":true,"href":"https:\/\/stylingagenten.com\/fi\/wp-json\/wp\/v2\/product_cat?post=119757"},{"taxonomy":"product_tag","embeddable":true,"href":"https:\/\/stylingagenten.com\/fi\/wp-json\/wp\/v2\/product_tag?post=119757"},{"taxonomy":"berocket_brand","embeddable":true,"href":"https:\/\/stylingagenten.com\/fi\/wp-json\/wp\/v2\/berocket_brand?post=119757"}],"curies":[{"name":"wp","href":"https:\/\/api.w.org\/{rel}","templated":true}]}}