{"id":119734,"date":"2025-05-18T21:33:53","date_gmt":"2025-05-18T21:33:53","guid":{"rendered":"https:\/\/staging2.stylingagenten.com\/fi\/produkt\/3-pack-hugo-boss-deo-spray-bottled-hugo-man-the-scent-150ml\/"},"modified":"2026-04-13T12:23:27","modified_gmt":"2026-04-13T12:23:27","slug":"3-pack-hugo-boss-deo-spray-bottled-hugo-man-the-scent-150ml","status":"publish","type":"product","link":"https:\/\/stylingagenten.com\/fi\/tuote\/3-pack-hugo-boss-deo-spray-bottled-hugo-man-the-scent-150ml\/","title":{"rendered":"3-pack Hugo Boss Deo Spray Bottled + Hugo Man + The Scent 150ml"},"content":{"rendered":"<p><strong>3-pakkaus Hugo Boss Deo Spray &nbsp;&#8211; The Scent, pullotettu, Hugo Man<br \/><\/strong>Deodoranttisuihke samassa hyv\u00e4ss\u00e4 tuoksussa kuin hajuvedet.<\/p>\n<p><strong> &gt;Hugo Boss The Scent&nbsp;<\/strong><br \/>Tuoksussa on t\u00e4ydellinen tasapaino itsevarmuuden ja v\u00e4linpit\u00e4m\u00e4tt\u00f6myyden v\u00e4lill\u00e4, ja se kest\u00e4\u00e4 pitk\u00e4\u00e4n.<br \/>Tuoksutuoksu<strong>:<\/strong> inkiv\u00e4\u00e4ri, laventeli, maninka hedelm\u00e4t &amp;amp ; nahkaa.<\/p>\n<p><strong>Hugo Boss Bottled<\/strong> on raikas ja sensuelli tuoksu, jossa on sekoitus omenaa, mausteita ja aistillisia puisia vivahteita.<br \/>Todellinen klassikko modernille miehelle.<br \/> &gt;Tuoksutuoksu<strong>:<\/strong> bergamotti, omena, kaneli, tagetes, neilikka, setripuu, santelipuu, patsuli, meripihka, vetiver &amp; oliivipuuta.<\/p>\n<p><strong>Hugo Boss Hugo Man<\/strong> &auml;on raikas ja urheilullinen tuoksu, jossa on sitrusta, &auml;omenaa ja santelipuuta&auml;.<br \/>Tuoksutuoksu: sitrushedelm\u00e4t, &amp;auml omena, viherminttu, laventeli, jasmiini, salvia, m\u00e4nnynneulaset, neilikka, rommi ja amp; santelipuu&auml;.<\/p>\n","protected":false},"excerpt":{"rendered":"<p>3-pakkaus Hugo Boss Deo Spray &nbsp;&#8211; The Scent, pullotettu, Hugo ManDeodoranttisuihke samassa hyv\u00e4ss\u00e4 tuoksussa kuin hajuvedet. &gt;Hugo Boss The Scent&nbsp;Tuoksussa on t\u00e4ydellinen tasapaino itsevarmuuden ja v\u00e4linpit\u00e4m\u00e4tt\u00f6myyden v\u00e4lill\u00e4, ja se kest\u00e4\u00e4 pitk\u00e4\u00e4n.Tuoksutuoksu: inkiv\u00e4\u00e4ri, laventeli, maninka hedelm\u00e4t &amp;amp ; nahkaa. Hugo Boss Bottled on raikas ja sensuelli tuoksu, jossa on sekoitus omenaa, mausteita ja aistillisia puisia vivahteita.Todellinen [&hellip;]<\/p>\n","protected":false},"featured_media":119733,"comment_status":"open","ping_status":"closed","template":"","meta":{"_trash_the_other_posts":false},"product_brand":[],"product_cat":[1000,670,1003,735],"product_tag":[],"berocket_brand":[1339],"class_list":{"0":"post-119734","1":"product","2":"type-product","3":"status-publish","4":"has-post-thumbnail","6":"product_cat-kampanjatarjous-miehelle","7":"product_cat-monipakkausdeodorantti","8":"product_cat-myydyimmat","9":"product_cat-kampanjamme","10":"pa_brand-hugo-boss","11":"berocket_brand-hugo-boss","13":"first","14":"instock","15":"sale","16":"taxable","17":"shipping-taxable","18":"purchasable","19":"product-type-simple"},"_links":{"self":[{"href":"https:\/\/stylingagenten.com\/fi\/wp-json\/wp\/v2\/product\/119734","targetHints":{"allow":["GET"]}}],"collection":[{"href":"https:\/\/stylingagenten.com\/fi\/wp-json\/wp\/v2\/product"}],"about":[{"href":"https:\/\/stylingagenten.com\/fi\/wp-json\/wp\/v2\/types\/product"}],"replies":[{"embeddable":true,"href":"https:\/\/stylingagenten.com\/fi\/wp-json\/wp\/v2\/comments?post=119734"}],"version-history":[{"count":0,"href":"https:\/\/stylingagenten.com\/fi\/wp-json\/wp\/v2\/product\/119734\/revisions"}],"wp:featuredmedia":[{"embeddable":true,"href":"https:\/\/stylingagenten.com\/fi\/wp-json\/wp\/v2\/media\/119733"}],"wp:attachment":[{"href":"https:\/\/stylingagenten.com\/fi\/wp-json\/wp\/v2\/media?parent=119734"}],"wp:term":[{"taxonomy":"product_brand","embeddable":true,"href":"https:\/\/stylingagenten.com\/fi\/wp-json\/wp\/v2\/product_brand?post=119734"},{"taxonomy":"product_cat","embeddable":true,"href":"https:\/\/stylingagenten.com\/fi\/wp-json\/wp\/v2\/product_cat?post=119734"},{"taxonomy":"product_tag","embeddable":true,"href":"https:\/\/stylingagenten.com\/fi\/wp-json\/wp\/v2\/product_tag?post=119734"},{"taxonomy":"berocket_brand","embeddable":true,"href":"https:\/\/stylingagenten.com\/fi\/wp-json\/wp\/v2\/berocket_brand?post=119734"}],"curies":[{"name":"wp","href":"https:\/\/api.w.org\/{rel}","templated":true}]}}