{"id":119718,"date":"2025-05-18T21:33:46","date_gmt":"2025-05-18T21:33:46","guid":{"rendered":"https:\/\/staging2.stylingagenten.com\/fi\/produkt\/2-pack-schwarzkopf-osis-freeze-500ml\/"},"modified":"2026-04-11T10:18:27","modified_gmt":"2026-04-11T10:18:27","slug":"2-pack-schwarzkopf-osis-freeze-500ml","status":"publish","type":"product","link":"https:\/\/stylingagenten.com\/fi\/tuote\/2-pack-schwarzkopf-osis-freeze-500ml\/","title":{"rendered":"2-pack Schwarzkopf Osis Freeze 500ml"},"content":{"rendered":"<p>Osis Freeze 500 ml tarjoaa vahvan pidon ja pitk\u00e4kestoisen muotoilun hallinnan. Se kuivuu nopeasti ja sis\u00e4lt\u00e4\u00e4 UV-suojan. Tyyli purevalla kylm\u00e4ll\u00e4, joka uhmaa painovoimalakia. Osis Freeze on my\u00f6s helppo harjata pois.<\/p>\n<p>Sis\u00e4lt\u00f6: 2 x 500 ml<\/p>\n","protected":false},"excerpt":{"rendered":"<p>Osis Freeze 500 ml tarjoaa vahvan pidon ja pitk\u00e4kestoisen muotoilun hallinnan. Se kuivuu nopeasti ja sis\u00e4lt\u00e4\u00e4 UV-suojan. Tyyli purevalla kylm\u00e4ll\u00e4, joka uhmaa painovoimalakia. Osis Freeze on my\u00f6s helppo harjata pois. Sis\u00e4lt\u00f6: 2 x 500 ml<\/p>\n","protected":false},"featured_media":119717,"comment_status":"open","ping_status":"closed","template":"","meta":{"_trash_the_other_posts":false},"product_brand":[],"product_cat":[576,672],"product_tag":[],"berocket_brand":[1060],"class_list":{"0":"post-119718","1":"product","2":"type-product","3":"status-publish","4":"has-post-thumbnail","6":"product_cat-hiuslakka","7":"product_cat-monipakkaus-hiukset","8":"pa_brand-schwarzkopf","9":"berocket_brand-schwarzkopf","11":"first","12":"instock","13":"sale","14":"taxable","15":"shipping-taxable","16":"purchasable","17":"product-type-simple"},"_links":{"self":[{"href":"https:\/\/stylingagenten.com\/fi\/wp-json\/wp\/v2\/product\/119718","targetHints":{"allow":["GET"]}}],"collection":[{"href":"https:\/\/stylingagenten.com\/fi\/wp-json\/wp\/v2\/product"}],"about":[{"href":"https:\/\/stylingagenten.com\/fi\/wp-json\/wp\/v2\/types\/product"}],"replies":[{"embeddable":true,"href":"https:\/\/stylingagenten.com\/fi\/wp-json\/wp\/v2\/comments?post=119718"}],"version-history":[{"count":0,"href":"https:\/\/stylingagenten.com\/fi\/wp-json\/wp\/v2\/product\/119718\/revisions"}],"wp:featuredmedia":[{"embeddable":true,"href":"https:\/\/stylingagenten.com\/fi\/wp-json\/wp\/v2\/media\/119717"}],"wp:attachment":[{"href":"https:\/\/stylingagenten.com\/fi\/wp-json\/wp\/v2\/media?parent=119718"}],"wp:term":[{"taxonomy":"product_brand","embeddable":true,"href":"https:\/\/stylingagenten.com\/fi\/wp-json\/wp\/v2\/product_brand?post=119718"},{"taxonomy":"product_cat","embeddable":true,"href":"https:\/\/stylingagenten.com\/fi\/wp-json\/wp\/v2\/product_cat?post=119718"},{"taxonomy":"product_tag","embeddable":true,"href":"https:\/\/stylingagenten.com\/fi\/wp-json\/wp\/v2\/product_tag?post=119718"},{"taxonomy":"berocket_brand","embeddable":true,"href":"https:\/\/stylingagenten.com\/fi\/wp-json\/wp\/v2\/berocket_brand?post=119718"}],"curies":[{"name":"wp","href":"https:\/\/api.w.org\/{rel}","templated":true}]}}