{"id":119716,"date":"2025-05-18T21:33:44","date_gmt":"2025-05-18T21:33:44","guid":{"rendered":"https:\/\/staging2.stylingagenten.com\/fi\/produkt\/3-pack-mascara-mix-2000-calorie-false-lash-effect-masterpiece-max\/"},"modified":"2026-03-09T10:17:50","modified_gmt":"2026-03-09T10:17:50","slug":"3-pack-mascara-mix-2000-calorie-false-lash-effect-masterpiece-max","status":"publish","type":"product","link":"https:\/\/stylingagenten.com\/fi\/tuote\/3-pack-mascara-mix-2000-calorie-false-lash-effect-masterpiece-max\/","title":{"rendered":"3-pack Mascara Mix 2000 Calorie + False Lash Effect + Masterpiece Max"},"content":{"rendered":"<p><strong>Max Factor 2000 Calorie&nbsp;<\/strong> on ollut Ruotsin ostetuin ripsiv\u00e4ri useiden vuosien ajan, ja se on ajaton volyymiripsiv\u00e4ri, joka antaa klassista volyymia ja erotetut ripset.<br \/>Klassisella nailonharjalla voit helposti rakentaa haluttu \u00e4\u00e4nenvoimakkuus. T\u00e4ytel\u00e4inen koostumus on joustava, paakkuuntumaton, tahraton ja ei murene. 2000 Calorie on oftalmologisesti ja kliinisesti testattu. T\u00e4ydellinen ripsiv\u00e4ri herkille silmille. Sopii my\u00f6s ripsienpidennysten kanssa.&nbsp;<\/p>\n<p><strong>Max Factor False Lash Effect<\/strong> Mascara Black. Max Factor esittelee upouuden ripsiv\u00e4rin, jolla saat yhdell\u00e4 harjan pyyhk\u00e4isyll\u00e4 ripset, joista olet vain haaveillut!<br \/>T\u00e4m\u00e4 on Max Factorin kaikkien aikojen suurin harja! Se muuttaa ja tekee ripsist\u00e4si t\u00e4ytel\u00e4isempi\u00e4 kuin olet koskaan uskonut, ett\u00e4 luonnolliset ripset voisivat olla. Yksi pyyhk\u00e4isy Max Factor False Lash Effect Mascara antaa runsaan m\u00e4\u00e4r\u00e4n ripsiv\u00e4ri\u00e4 KOKO ripsien ymp\u00e4rille ja Mouldtruusion-harjakset VAIHTAA ripsiv\u00e4ri\u00e4 ripsien k\u00e4rkien ymp\u00e4rille &amp; erottaa ripset.<\/p>\n<p><strong>Max Factor Masterpiece Max<\/strong> Mascara antaa jopa 400 % volyymia! Tehokkaan volyymia antavan ripsiv\u00e4rin l\u00f6yt\u00e4minen, joka ei j\u00e4t\u00e4 ripsi\u00e4 kokkareiksi ja tahmeiksi, voi olla haaste. Masterpiece Max Mascara on seuraavan sukupolven ripsiv\u00e4ri. Se antaa t\u00e4ytel\u00e4iset, paksut ripset jopa 400 % volyymilla, mutta m\u00e4\u00e4rittelee ja pehment\u00e4\u00e4 samalla yll\u00e4tt\u00e4v\u00e4n elegantin vaikutelman. Yhdell\u00e4 vedolla korkean teknologian iFX-harjalla saat tyylikk\u00e4\u00e4n, catwalk-tuloksen sekunneissa.<\/p>\n","protected":false},"excerpt":{"rendered":"<p>Max Factor 2000 Calorie&nbsp; on ollut Ruotsin ostetuin ripsiv\u00e4ri useiden vuosien ajan, ja se on ajaton volyymiripsiv\u00e4ri, joka antaa klassista volyymia ja erotetut ripset.Klassisella nailonharjalla voit helposti rakentaa haluttu \u00e4\u00e4nenvoimakkuus. T\u00e4ytel\u00e4inen koostumus on joustava, paakkuuntumaton, tahraton ja ei murene. 2000 Calorie on oftalmologisesti ja kliinisesti testattu. T\u00e4ydellinen ripsiv\u00e4ri herkille silmille. Sopii my\u00f6s ripsienpidennysten kanssa.&nbsp; Max [&hellip;]<\/p>\n","protected":false},"featured_media":119714,"comment_status":"open","ping_status":"closed","template":"","meta":{"_trash_the_other_posts":false},"product_brand":[],"product_cat":[673],"product_tag":[],"berocket_brand":[1013],"class_list":{"0":"post-119716","1":"product","2":"type-product","3":"status-publish","4":"has-post-thumbnail","6":"product_cat-monipakkaus-meikki","7":"pa_brand-max-factor","8":"berocket_brand-max-factor","10":"first","11":"instock","12":"sale","13":"taxable","14":"shipping-taxable","15":"purchasable","16":"product-type-simple"},"_links":{"self":[{"href":"https:\/\/stylingagenten.com\/fi\/wp-json\/wp\/v2\/product\/119716","targetHints":{"allow":["GET"]}}],"collection":[{"href":"https:\/\/stylingagenten.com\/fi\/wp-json\/wp\/v2\/product"}],"about":[{"href":"https:\/\/stylingagenten.com\/fi\/wp-json\/wp\/v2\/types\/product"}],"replies":[{"embeddable":true,"href":"https:\/\/stylingagenten.com\/fi\/wp-json\/wp\/v2\/comments?post=119716"}],"version-history":[{"count":0,"href":"https:\/\/stylingagenten.com\/fi\/wp-json\/wp\/v2\/product\/119716\/revisions"}],"wp:featuredmedia":[{"embeddable":true,"href":"https:\/\/stylingagenten.com\/fi\/wp-json\/wp\/v2\/media\/119714"}],"wp:attachment":[{"href":"https:\/\/stylingagenten.com\/fi\/wp-json\/wp\/v2\/media?parent=119716"}],"wp:term":[{"taxonomy":"product_brand","embeddable":true,"href":"https:\/\/stylingagenten.com\/fi\/wp-json\/wp\/v2\/product_brand?post=119716"},{"taxonomy":"product_cat","embeddable":true,"href":"https:\/\/stylingagenten.com\/fi\/wp-json\/wp\/v2\/product_cat?post=119716"},{"taxonomy":"product_tag","embeddable":true,"href":"https:\/\/stylingagenten.com\/fi\/wp-json\/wp\/v2\/product_tag?post=119716"},{"taxonomy":"berocket_brand","embeddable":true,"href":"https:\/\/stylingagenten.com\/fi\/wp-json\/wp\/v2\/berocket_brand?post=119716"}],"curies":[{"name":"wp","href":"https:\/\/api.w.org\/{rel}","templated":true}]}}