{"id":119708,"date":"2025-05-18T21:33:41","date_gmt":"2025-05-18T21:33:41","guid":{"rendered":"https:\/\/staging2.stylingagenten.com\/fi\/produkt\/2-pack-zmile-cosmetics-makeup-box-everybodys-darling\/"},"modified":"2026-01-30T18:56:30","modified_gmt":"2026-01-30T18:56:30","slug":"2-pack-zmile-cosmetics-makeup-box-everybodys-darling","status":"publish","type":"product","link":"https:\/\/stylingagenten.com\/fi\/tuote\/2-pack-zmile-cosmetics-makeup-box-everybodys-darling\/","title":{"rendered":"2-pack Zmile Cosmetics Makeup Box Everybody&#8217;s Darling"},"content":{"rendered":"<p>Meikkisarja, joka sis\u00e4lt\u00e4\u00e4 suurimman osan siit\u00e4, mit\u00e4 tarvitset onnistuneeseen ja monipuoliseen meikkiin, joka on pakattu siististi alumiinikoteloon.<\/p>\n<p>Setti sis\u00e4lt\u00e4\u00e4:<br \/>32 hienoa hohtavaa varjoa maanl\u00e4heisiss\u00e4 v\u00e4reiss\u00e4, 2 poskipunat, 4 huulipunaa, joista yksi on kauniisti hohtava, 4 kivaa kynsilakkaa, 3 kjal-kyn\u00e4\u00e4 ja huulikyn\u00e4. Lis\u00e4ksi saat 4 erilaista applikaattoria, pienen kynsiviilan ja mukavan laatikon suosikkivarjosi mukanasi.<br \/>T\u00e4ydellinen lahja teini-ik\u00e4iselle tytt\u00e4relle.<br \/>Alumiinikotelon koko: 25x9x16cm<\/p>\n","protected":false},"excerpt":{"rendered":"<p>Meikkisarja, joka sis\u00e4lt\u00e4\u00e4 suurimman osan siit\u00e4, mit\u00e4 tarvitset onnistuneeseen ja monipuoliseen meikkiin, joka on pakattu siististi alumiinikoteloon. Setti sis\u00e4lt\u00e4\u00e4:32 hienoa hohtavaa varjoa maanl\u00e4heisiss\u00e4 v\u00e4reiss\u00e4, 2 poskipunat, 4 huulipunaa, joista yksi on kauniisti hohtava, 4 kivaa kynsilakkaa, 3 kjal-kyn\u00e4\u00e4 ja huulikyn\u00e4. Lis\u00e4ksi saat 4 erilaista applikaattoria, pienen kynsiviilan ja mukavan laatikon suosikkivarjosi mukanasi.T\u00e4ydellinen lahja teini-ik\u00e4iselle tytt\u00e4relle.Alumiinikotelon [&hellip;]<\/p>\n","protected":false},"featured_media":119707,"comment_status":"open","ping_status":"closed","template":"","meta":{"_trash_the_other_posts":false},"product_brand":[],"product_cat":[664,637],"product_tag":[],"berocket_brand":[1179],"class_list":{"0":"post-119708","1":"product","2":"type-product","3":"status-publish","4":"has-post-thumbnail","6":"product_cat-lahjasarja-meikki","7":"product_cat-meikki","8":"pa_brand-zmile-cosmetics","9":"berocket_brand-zmile-cosmetics","11":"first","12":"instock","13":"sale","14":"taxable","15":"shipping-taxable","16":"purchasable","17":"product-type-simple"},"_links":{"self":[{"href":"https:\/\/stylingagenten.com\/fi\/wp-json\/wp\/v2\/product\/119708","targetHints":{"allow":["GET"]}}],"collection":[{"href":"https:\/\/stylingagenten.com\/fi\/wp-json\/wp\/v2\/product"}],"about":[{"href":"https:\/\/stylingagenten.com\/fi\/wp-json\/wp\/v2\/types\/product"}],"replies":[{"embeddable":true,"href":"https:\/\/stylingagenten.com\/fi\/wp-json\/wp\/v2\/comments?post=119708"}],"version-history":[{"count":0,"href":"https:\/\/stylingagenten.com\/fi\/wp-json\/wp\/v2\/product\/119708\/revisions"}],"wp:featuredmedia":[{"embeddable":true,"href":"https:\/\/stylingagenten.com\/fi\/wp-json\/wp\/v2\/media\/119707"}],"wp:attachment":[{"href":"https:\/\/stylingagenten.com\/fi\/wp-json\/wp\/v2\/media?parent=119708"}],"wp:term":[{"taxonomy":"product_brand","embeddable":true,"href":"https:\/\/stylingagenten.com\/fi\/wp-json\/wp\/v2\/product_brand?post=119708"},{"taxonomy":"product_cat","embeddable":true,"href":"https:\/\/stylingagenten.com\/fi\/wp-json\/wp\/v2\/product_cat?post=119708"},{"taxonomy":"product_tag","embeddable":true,"href":"https:\/\/stylingagenten.com\/fi\/wp-json\/wp\/v2\/product_tag?post=119708"},{"taxonomy":"berocket_brand","embeddable":true,"href":"https:\/\/stylingagenten.com\/fi\/wp-json\/wp\/v2\/berocket_brand?post=119708"}],"curies":[{"name":"wp","href":"https:\/\/api.w.org\/{rel}","templated":true}]}}